{"id":4074,"date":"2024-08-05T13:30:32","date_gmt":"2024-08-05T11:30:32","guid":{"rendered":"https:\/\/desertgrass.es\/producto\/guante-700gp-touch-nitrilo-gris-poliester-t-9\/"},"modified":"2024-08-05T13:30:32","modified_gmt":"2024-08-05T11:30:32","slug":"guante-700gp-touch-nitrilo-gris-poliester-t-9","status":"publish","type":"product","link":"https:\/\/desertgrass.es\/fr\/producto\/guante-700gp-touch-nitrilo-gris-poliester-t-9\/","title":{"rendered":"GUANTE 700GP TOUCH NITRILO GRIS POLIESTER T.9"},"content":{"rendered":"<p>GUANTE 700GP TOUCH NITRILO GRIS POLIESTER T.9<\/p>\n<p>* Par guantes de seguridad Tomas Bodero modelo 700GP TOUCH.<\/p>\n<p>* Fabricado en poliester blanco sin costuras y recubierto en palma de nitrilo gris. Gran flexibilidad y ductilidad. Resistente a aceites y lubricantes. Pu\u00f1o el\u00e1stico. Galga 13. El soporte sin costuras proporciona ergonom\u00eda y no provoca fatigas.<\/p>\n<p>* NORMAS: CE EN 388.<\/p>\n<p>* \u00cfndices de resistencia mec\u00e1nica. Resistencia a la abrasi\u00f3n: 4; Resistencia al corte: 1; Resistencia al rasgado: 4; Resistencia a la perforaci\u00f3n: 1<\/p>\n","protected":false},"excerpt":{"rendered":"<p>TALLA 9<\/p>\n","protected":false},"featured_media":4075,"comment_status":"open","ping_status":"closed","template":"","meta":{"_eb_attr":"","site-sidebar-layout":"default","site-content-layout":"","ast-site-content-layout":"","site-content-style":"default","site-sidebar-style":"default","ast-global-header-display":"","ast-banner-title-visibility":"","ast-main-header-display":"","ast-hfb-above-header-display":"","ast-hfb-below-header-display":"","ast-hfb-mobile-header-display":"","site-post-title":"","ast-breadcrumbs-content":"","ast-featured-img":"","footer-sml-layout":"","theme-transparent-header-meta":"","adv-header-id-meta":"","stick-header-meta":"","header-above-stick-meta":"","header-main-stick-meta":"","header-below-stick-meta":"","astra-migrate-meta-layouts":"default","ast-page-background-enabled":"default","ast-page-background-meta":{"desktop":{"background-color":"","background-image":"","background-repeat":"repeat","background-position":"center center","background-size":"auto","background-attachment":"scroll","background-type":"","background-media":"","overlay-type":"","overlay-color":"","overlay-opacity":"","overlay-gradient":""},"tablet":{"background-color":"","background-image":"","background-repeat":"repeat","background-position":"center center","background-size":"auto","background-attachment":"scroll","background-type":"","background-media":"","overlay-type":"","overlay-color":"","overlay-opacity":"","overlay-gradient":""},"mobile":{"background-color":"","background-image":"","background-repeat":"repeat","background-position":"center center","background-size":"auto","background-attachment":"scroll","background-type":"","background-media":"","overlay-type":"","overlay-color":"","overlay-opacity":"","overlay-gradient":""}},"ast-content-background-meta":{"desktop":{"background-color":"var(--ast-global-color-5)","background-image":"","background-repeat":"repeat","background-position":"center center","background-size":"auto","background-attachment":"scroll","background-type":"","background-media":"","overlay-type":"","overlay-color":"","overlay-opacity":"","overlay-gradient":""},"tablet":{"background-color":"var(--ast-global-color-5)","background-image":"","background-repeat":"repeat","background-position":"center center","background-size":"auto","background-attachment":"scroll","background-type":"","background-media":"","overlay-type":"","overlay-color":"","overlay-opacity":"","overlay-gradient":""},"mobile":{"background-color":"var(--ast-global-color-5)","background-image":"","background-repeat":"repeat","background-position":"center center","background-size":"auto","background-attachment":"scroll","background-type":"","background-media":"","overlay-type":"","overlay-color":"","overlay-opacity":"","overlay-gradient":""}}},"product_brand":[],"product_cat":[216],"product_tag":[],"class_list":{"0":"post-4074","1":"product","2":"type-product","3":"status-publish","4":"has-post-thumbnail","6":"product_cat-herramientas-y-accesorios","7":"desktop-align-center","8":"tablet-align-center","9":"mobile-align-center","10":"ast-product-gallery-layout-horizontal","11":"ast-product-gallery-with-no-image","12":"ast-product-tabs-layout-horizontal","14":"first","15":"instock","16":"taxable","17":"shipping-taxable","18":"purchasable","19":"product-type-simple"},"yoast_head":"<!-- This site is optimized with the Yoast SEO plugin v27.4 - https:\/\/yoast.com\/product\/yoast-seo-wordpress\/ -->\n<title>GUANTE 700GP TOUCH NITRILO GRIS POLIESTER T.9 - Desert Grass<\/title>\n<meta name=\"robots\" content=\"index, follow, max-snippet:-1, max-image-preview:large, max-video-preview:-1\" \/>\n<link rel=\"canonical\" href=\"https:\/\/desertgrass.es\/producto\/guante-700gp-touch-nitrilo-gris-poliester-t-9\/\" \/>\n<meta property=\"og:locale\" content=\"fr_FR\" \/>\n<meta property=\"og:type\" content=\"article\" \/>\n<meta property=\"og:title\" content=\"GUANTE 700GP TOUCH NITRILO GRIS POLIESTER T.9 - Desert Grass\" \/>\n<meta property=\"og:description\" content=\"TALLA 9\" \/>\n<meta property=\"og:url\" content=\"https:\/\/desertgrass.es\/producto\/guante-700gp-touch-nitrilo-gris-poliester-t-9\/\" \/>\n<meta property=\"og:site_name\" content=\"Desert Grass\" \/>\n<meta property=\"article:publisher\" content=\"https:\/\/es-es.facebook.com\/desertgrass.albox\/\" \/>\n<meta property=\"og:image\" content=\"https:\/\/desertgrass.es\/wp-content\/uploads\/2024\/08\/GUANTE-700GP-TOUCH-NITRILO-GRIS-POLIESTER-T.9.jpg\" \/>\n\t<meta property=\"og:image:width\" content=\"1000\" \/>\n\t<meta property=\"og:image:height\" content=\"1000\" \/>\n\t<meta property=\"og:image:type\" content=\"image\/jpeg\" \/>\n<script type=\"application\/ld+json\" class=\"yoast-schema-graph\">{\"@context\":\"https:\\\/\\\/schema.org\",\"@graph\":[{\"@type\":\"WebPage\",\"@id\":\"https:\\\/\\\/desertgrass.es\\\/producto\\\/guante-700gp-touch-nitrilo-gris-poliester-t-9\\\/\",\"url\":\"https:\\\/\\\/desertgrass.es\\\/producto\\\/guante-700gp-touch-nitrilo-gris-poliester-t-9\\\/\",\"name\":\"GUANTE 700GP TOUCH NITRILO GRIS POLIESTER T.9 - Desert Grass\",\"isPartOf\":{\"@id\":\"https:\\\/\\\/desertgrass.es\\\/#website\"},\"primaryImageOfPage\":{\"@id\":\"https:\\\/\\\/desertgrass.es\\\/producto\\\/guante-700gp-touch-nitrilo-gris-poliester-t-9\\\/#primaryimage\"},\"image\":{\"@id\":\"https:\\\/\\\/desertgrass.es\\\/producto\\\/guante-700gp-touch-nitrilo-gris-poliester-t-9\\\/#primaryimage\"},\"thumbnailUrl\":\"https:\\\/\\\/desertgrass.es\\\/wp-content\\\/uploads\\\/2024\\\/08\\\/GUANTE-700GP-TOUCH-NITRILO-GRIS-POLIESTER-T.9.jpg\",\"datePublished\":\"2024-08-05T11:30:32+00:00\",\"breadcrumb\":{\"@id\":\"https:\\\/\\\/desertgrass.es\\\/producto\\\/guante-700gp-touch-nitrilo-gris-poliester-t-9\\\/#breadcrumb\"},\"inLanguage\":\"fr-FR\",\"potentialAction\":[{\"@type\":\"ReadAction\",\"target\":[\"https:\\\/\\\/desertgrass.es\\\/producto\\\/guante-700gp-touch-nitrilo-gris-poliester-t-9\\\/\"]}]},{\"@type\":\"ImageObject\",\"inLanguage\":\"fr-FR\",\"@id\":\"https:\\\/\\\/desertgrass.es\\\/producto\\\/guante-700gp-touch-nitrilo-gris-poliester-t-9\\\/#primaryimage\",\"url\":\"https:\\\/\\\/desertgrass.es\\\/wp-content\\\/uploads\\\/2024\\\/08\\\/GUANTE-700GP-TOUCH-NITRILO-GRIS-POLIESTER-T.9.jpg\",\"contentUrl\":\"https:\\\/\\\/desertgrass.es\\\/wp-content\\\/uploads\\\/2024\\\/08\\\/GUANTE-700GP-TOUCH-NITRILO-GRIS-POLIESTER-T.9.jpg\",\"width\":1000,\"height\":1000,\"caption\":\"GUANTE 700GP TOUCH NITRILO GRIS POLIESTER T 9\"},{\"@type\":\"BreadcrumbList\",\"@id\":\"https:\\\/\\\/desertgrass.es\\\/producto\\\/guante-700gp-touch-nitrilo-gris-poliester-t-9\\\/#breadcrumb\",\"itemListElement\":[{\"@type\":\"ListItem\",\"position\":1,\"name\":\"Portada\",\"item\":\"https:\\\/\\\/desertgrass.es\\\/\"},{\"@type\":\"ListItem\",\"position\":2,\"name\":\"Tienda Online de Plantas en Almer\u00eda\",\"item\":\"https:\\\/\\\/desertgrass.es\\\/tienda\\\/\"},{\"@type\":\"ListItem\",\"position\":3,\"name\":\"GUANTE 700GP TOUCH NITRILO GRIS POLIESTER T.9\"}]},{\"@type\":\"WebSite\",\"@id\":\"https:\\\/\\\/desertgrass.es\\\/#website\",\"url\":\"https:\\\/\\\/desertgrass.es\\\/\",\"name\":\"desertgrass.es\",\"description\":\"Ofrecemos una amplia selecci\u00f3n de plantas para que puedas crear tu propio oasis verde en casa.\",\"publisher\":{\"@id\":\"https:\\\/\\\/desertgrass.es\\\/#organization\"},\"potentialAction\":[{\"@type\":\"SearchAction\",\"target\":{\"@type\":\"EntryPoint\",\"urlTemplate\":\"https:\\\/\\\/desertgrass.es\\\/?s={search_term_string}\"},\"query-input\":{\"@type\":\"PropertyValueSpecification\",\"valueRequired\":true,\"valueName\":\"search_term_string\"}}],\"inLanguage\":\"fr-FR\"},{\"@type\":\"Organization\",\"@id\":\"https:\\\/\\\/desertgrass.es\\\/#organization\",\"name\":\"desertgrass.es\",\"url\":\"https:\\\/\\\/desertgrass.es\\\/\",\"logo\":{\"@type\":\"ImageObject\",\"inLanguage\":\"fr-FR\",\"@id\":\"https:\\\/\\\/desertgrass.es\\\/#\\\/schema\\\/logo\\\/image\\\/\",\"url\":\"https:\\\/\\\/desertgrass.es\\\/wp-content\\\/uploads\\\/2023\\\/03\\\/logotipo-desertgrass.png\",\"contentUrl\":\"https:\\\/\\\/desertgrass.es\\\/wp-content\\\/uploads\\\/2023\\\/03\\\/logotipo-desertgrass.png\",\"width\":260,\"height\":100,\"caption\":\"desertgrass.es\"},\"image\":{\"@id\":\"https:\\\/\\\/desertgrass.es\\\/#\\\/schema\\\/logo\\\/image\\\/\"},\"sameAs\":[\"https:\\\/\\\/es-es.facebook.com\\\/desertgrass.albox\\\/\"]}]}<\/script>\n<!-- \/ Yoast SEO plugin. -->","yoast_head_json":{"title":"GUANTE 700GP TOUCH NITRILO GRIS POLIESTER T.9 - Desert Grass","robots":{"index":"index","follow":"follow","max-snippet":"max-snippet:-1","max-image-preview":"max-image-preview:large","max-video-preview":"max-video-preview:-1"},"canonical":"https:\/\/desertgrass.es\/producto\/guante-700gp-touch-nitrilo-gris-poliester-t-9\/","og_locale":"fr_FR","og_type":"article","og_title":"GUANTE 700GP TOUCH NITRILO GRIS POLIESTER T.9 - Desert Grass","og_description":"TALLA 9","og_url":"https:\/\/desertgrass.es\/producto\/guante-700gp-touch-nitrilo-gris-poliester-t-9\/","og_site_name":"Desert Grass","article_publisher":"https:\/\/es-es.facebook.com\/desertgrass.albox\/","og_image":[{"width":1000,"height":1000,"url":"https:\/\/desertgrass.es\/wp-content\/uploads\/2024\/08\/GUANTE-700GP-TOUCH-NITRILO-GRIS-POLIESTER-T.9.jpg","type":"image\/jpeg"}],"schema":{"@context":"https:\/\/schema.org","@graph":[{"@type":"WebPage","@id":"https:\/\/desertgrass.es\/producto\/guante-700gp-touch-nitrilo-gris-poliester-t-9\/","url":"https:\/\/desertgrass.es\/producto\/guante-700gp-touch-nitrilo-gris-poliester-t-9\/","name":"GUANTE 700GP TOUCH NITRILO GRIS POLIESTER T.9 - Desert Grass","isPartOf":{"@id":"https:\/\/desertgrass.es\/#website"},"primaryImageOfPage":{"@id":"https:\/\/desertgrass.es\/producto\/guante-700gp-touch-nitrilo-gris-poliester-t-9\/#primaryimage"},"image":{"@id":"https:\/\/desertgrass.es\/producto\/guante-700gp-touch-nitrilo-gris-poliester-t-9\/#primaryimage"},"thumbnailUrl":"https:\/\/desertgrass.es\/wp-content\/uploads\/2024\/08\/GUANTE-700GP-TOUCH-NITRILO-GRIS-POLIESTER-T.9.jpg","datePublished":"2024-08-05T11:30:32+00:00","breadcrumb":{"@id":"https:\/\/desertgrass.es\/producto\/guante-700gp-touch-nitrilo-gris-poliester-t-9\/#breadcrumb"},"inLanguage":"fr-FR","potentialAction":[{"@type":"ReadAction","target":["https:\/\/desertgrass.es\/producto\/guante-700gp-touch-nitrilo-gris-poliester-t-9\/"]}]},{"@type":"ImageObject","inLanguage":"fr-FR","@id":"https:\/\/desertgrass.es\/producto\/guante-700gp-touch-nitrilo-gris-poliester-t-9\/#primaryimage","url":"https:\/\/desertgrass.es\/wp-content\/uploads\/2024\/08\/GUANTE-700GP-TOUCH-NITRILO-GRIS-POLIESTER-T.9.jpg","contentUrl":"https:\/\/desertgrass.es\/wp-content\/uploads\/2024\/08\/GUANTE-700GP-TOUCH-NITRILO-GRIS-POLIESTER-T.9.jpg","width":1000,"height":1000,"caption":"GUANTE 700GP TOUCH NITRILO GRIS POLIESTER T 9"},{"@type":"BreadcrumbList","@id":"https:\/\/desertgrass.es\/producto\/guante-700gp-touch-nitrilo-gris-poliester-t-9\/#breadcrumb","itemListElement":[{"@type":"ListItem","position":1,"name":"Portada","item":"https:\/\/desertgrass.es\/"},{"@type":"ListItem","position":2,"name":"Tienda Online de Plantas en Almer\u00eda","item":"https:\/\/desertgrass.es\/tienda\/"},{"@type":"ListItem","position":3,"name":"GUANTE 700GP TOUCH NITRILO GRIS POLIESTER T.9"}]},{"@type":"WebSite","@id":"https:\/\/desertgrass.es\/#website","url":"https:\/\/desertgrass.es\/","name":"desertgrass.es","description":"Ofrecemos una amplia selecci\u00f3n de plantas para que puedas crear tu propio oasis verde en casa.","publisher":{"@id":"https:\/\/desertgrass.es\/#organization"},"potentialAction":[{"@type":"SearchAction","target":{"@type":"EntryPoint","urlTemplate":"https:\/\/desertgrass.es\/?s={search_term_string}"},"query-input":{"@type":"PropertyValueSpecification","valueRequired":true,"valueName":"search_term_string"}}],"inLanguage":"fr-FR"},{"@type":"Organization","@id":"https:\/\/desertgrass.es\/#organization","name":"desertgrass.es","url":"https:\/\/desertgrass.es\/","logo":{"@type":"ImageObject","inLanguage":"fr-FR","@id":"https:\/\/desertgrass.es\/#\/schema\/logo\/image\/","url":"https:\/\/desertgrass.es\/wp-content\/uploads\/2023\/03\/logotipo-desertgrass.png","contentUrl":"https:\/\/desertgrass.es\/wp-content\/uploads\/2023\/03\/logotipo-desertgrass.png","width":260,"height":100,"caption":"desertgrass.es"},"image":{"@id":"https:\/\/desertgrass.es\/#\/schema\/logo\/image\/"},"sameAs":["https:\/\/es-es.facebook.com\/desertgrass.albox\/"]}]}},"_links":{"self":[{"href":"https:\/\/desertgrass.es\/fr\/wp-json\/wp\/v2\/product\/4074","targetHints":{"allow":["GET"]}}],"collection":[{"href":"https:\/\/desertgrass.es\/fr\/wp-json\/wp\/v2\/product"}],"about":[{"href":"https:\/\/desertgrass.es\/fr\/wp-json\/wp\/v2\/types\/product"}],"replies":[{"embeddable":true,"href":"https:\/\/desertgrass.es\/fr\/wp-json\/wp\/v2\/comments?post=4074"}],"wp:featuredmedia":[{"embeddable":true,"href":"https:\/\/desertgrass.es\/fr\/wp-json\/wp\/v2\/media\/4075"}],"wp:attachment":[{"href":"https:\/\/desertgrass.es\/fr\/wp-json\/wp\/v2\/media?parent=4074"}],"wp:term":[{"taxonomy":"product_brand","embeddable":true,"href":"https:\/\/desertgrass.es\/fr\/wp-json\/wp\/v2\/product_brand?post=4074"},{"taxonomy":"product_cat","embeddable":true,"href":"https:\/\/desertgrass.es\/fr\/wp-json\/wp\/v2\/product_cat?post=4074"},{"taxonomy":"product_tag","embeddable":true,"href":"https:\/\/desertgrass.es\/fr\/wp-json\/wp\/v2\/product_tag?post=4074"}],"curies":[{"name":"wp","href":"https:\/\/api.w.org\/{rel}","templated":true}]}}