{"id":4018,"date":"2024-08-05T12:09:50","date_gmt":"2024-08-05T10:09:50","guid":{"rendered":"https:\/\/desertgrass.es\/producto\/guante-grip-320-nylon-marron-palma-rugosa-t-8\/"},"modified":"2025-04-21T13:54:27","modified_gmt":"2025-04-21T11:54:27","slug":"guante-grip-320-nylon-marron-palma-rugosa-t-8","status":"publish","type":"product","link":"https:\/\/desertgrass.es\/fr\/producto\/guante-grip-320-nylon-marron-palma-rugosa-t-8\/","title":{"rendered":"GUANTE NYLON MARR\u00d3N PALMA RUGOSA T.8"},"content":{"rendered":"<p>GUANTE GRIP 320 NYLON MARR\u00d3N PALMA RUGOSA TALLA 8<\/p>\n<p>* Guante de nailon y l\u00e1tex mec\u00e1nico &#8211; TOMAS BODERO 320 GRIP<\/p>\n<p>* Guante soporte nailon marr\u00f3n sin costuras. Recubrimiento l\u00e1tex rugoso negro en palma. Pu\u00f1o el\u00e1stico. Galga 13.<\/p>\n<p>* L\u00e1tex: presenta un alto nivel de comodidad, elasticidad y destreza. Impermeable al agua. L\u00e1tex de alta calidad. Excelente agarre en seco y h\u00famedo. Su suporte sin costuras proporciona confort y ergonom\u00eda. Nylon se ajusta a la mano evitando la fatiga. Pu\u00f1o el\u00e1stico para mayor ajuste en mu\u00f1eca.<\/p>\n<p>* Usos<\/p>\n<p>Cer\u00e1mica.Construcci\u00f3n.Jardiner\u00eda.Log\u00edstica.Mantenimiento.<\/p>\n<p>* \u00cdndice Funcional<\/p>\n<p>Uso General<\/p>\n<p>* Normativa<\/p>\n<p>EN388:2016+A1:2018 (2131X).EN-ISO 21420:2020.OEKO-TEX<\/p>\n","protected":false},"excerpt":{"rendered":"<p>TALLA 8<\/p>\n","protected":false},"featured_media":4028,"comment_status":"open","ping_status":"closed","template":"","meta":{"_eb_attr":"","site-sidebar-layout":"default","site-content-layout":"","ast-site-content-layout":"","site-content-style":"default","site-sidebar-style":"default","ast-global-header-display":"","ast-banner-title-visibility":"","ast-main-header-display":"","ast-hfb-above-header-display":"","ast-hfb-below-header-display":"","ast-hfb-mobile-header-display":"","site-post-title":"","ast-breadcrumbs-content":"","ast-featured-img":"","footer-sml-layout":"","theme-transparent-header-meta":"","adv-header-id-meta":"","stick-header-meta":"","header-above-stick-meta":"","header-main-stick-meta":"","header-below-stick-meta":"","astra-migrate-meta-layouts":"default","ast-page-background-enabled":"default","ast-page-background-meta":{"desktop":{"background-color":"","background-image":"","background-repeat":"repeat","background-position":"center center","background-size":"auto","background-attachment":"scroll","background-type":"","background-media":"","overlay-type":"","overlay-color":"","overlay-opacity":"","overlay-gradient":""},"tablet":{"background-color":"","background-image":"","background-repeat":"repeat","background-position":"center center","background-size":"auto","background-attachment":"scroll","background-type":"","background-media":"","overlay-type":"","overlay-color":"","overlay-opacity":"","overlay-gradient":""},"mobile":{"background-color":"","background-image":"","background-repeat":"repeat","background-position":"center center","background-size":"auto","background-attachment":"scroll","background-type":"","background-media":"","overlay-type":"","overlay-color":"","overlay-opacity":"","overlay-gradient":""}},"ast-content-background-meta":{"desktop":{"background-color":"var(--ast-global-color-5)","background-image":"","background-repeat":"repeat","background-position":"center center","background-size":"auto","background-attachment":"scroll","background-type":"","background-media":"","overlay-type":"","overlay-color":"","overlay-opacity":"","overlay-gradient":""},"tablet":{"background-color":"var(--ast-global-color-5)","background-image":"","background-repeat":"repeat","background-position":"center center","background-size":"auto","background-attachment":"scroll","background-type":"","background-media":"","overlay-type":"","overlay-color":"","overlay-opacity":"","overlay-gradient":""},"mobile":{"background-color":"var(--ast-global-color-5)","background-image":"","background-repeat":"repeat","background-position":"center center","background-size":"auto","background-attachment":"scroll","background-type":"","background-media":"","overlay-type":"","overlay-color":"","overlay-opacity":"","overlay-gradient":""}}},"product_brand":[],"product_cat":[216],"product_tag":[],"class_list":{"0":"post-4018","1":"product","2":"type-product","3":"status-publish","4":"has-post-thumbnail","6":"product_cat-herramientas-y-accesorios","7":"desktop-align-center","8":"tablet-align-center","9":"mobile-align-center","10":"ast-product-gallery-layout-horizontal","11":"ast-product-gallery-with-no-image","12":"ast-product-tabs-layout-horizontal","14":"first","15":"outofstock","16":"taxable","17":"shipping-taxable","18":"purchasable","19":"product-type-simple"},"yoast_head":"<!-- This site is optimized with the Yoast SEO plugin v27.4 - https:\/\/yoast.com\/product\/yoast-seo-wordpress\/ -->\n<title>GUANTE NYLON MARR\u00d3N PALMA RUGOSA T.8 - Desert Grass<\/title>\n<meta name=\"robots\" content=\"index, follow, max-snippet:-1, max-image-preview:large, max-video-preview:-1\" \/>\n<link rel=\"canonical\" href=\"https:\/\/desertgrass.es\/producto\/guante-grip-320-nylon-marron-palma-rugosa-t-8\/\" \/>\n<meta property=\"og:locale\" content=\"fr_FR\" \/>\n<meta property=\"og:type\" content=\"article\" \/>\n<meta property=\"og:title\" content=\"GUANTE NYLON MARR\u00d3N PALMA RUGOSA T.8 - Desert Grass\" \/>\n<meta property=\"og:description\" content=\"TALLA 8\" \/>\n<meta property=\"og:url\" content=\"https:\/\/desertgrass.es\/producto\/guante-grip-320-nylon-marron-palma-rugosa-t-8\/\" \/>\n<meta property=\"og:site_name\" content=\"Desert Grass\" \/>\n<meta property=\"article:publisher\" content=\"https:\/\/es-es.facebook.com\/desertgrass.albox\/\" \/>\n<meta property=\"article:modified_time\" content=\"2025-04-21T11:54:27+00:00\" \/>\n<meta property=\"og:image\" content=\"https:\/\/desertgrass.es\/wp-content\/uploads\/2024\/08\/GUANTE-GRIP-320-NYLON-MARRON-PALMA-RUGOSA-T.8.jpg\" \/>\n\t<meta property=\"og:image:width\" content=\"568\" \/>\n\t<meta property=\"og:image:height\" content=\"649\" \/>\n\t<meta property=\"og:image:type\" content=\"image\/jpeg\" \/>\n<meta name=\"twitter:label1\" content=\"Dur\u00e9e de lecture estim\u00e9e\" \/>\n\t<meta name=\"twitter:data1\" content=\"1 minute\" \/>\n<script type=\"application\/ld+json\" class=\"yoast-schema-graph\">{\"@context\":\"https:\\\/\\\/schema.org\",\"@graph\":[{\"@type\":\"WebPage\",\"@id\":\"https:\\\/\\\/desertgrass.es\\\/producto\\\/guante-grip-320-nylon-marron-palma-rugosa-t-8\\\/\",\"url\":\"https:\\\/\\\/desertgrass.es\\\/producto\\\/guante-grip-320-nylon-marron-palma-rugosa-t-8\\\/\",\"name\":\"GUANTE NYLON MARR\u00d3N PALMA RUGOSA T.8 - Desert Grass\",\"isPartOf\":{\"@id\":\"https:\\\/\\\/desertgrass.es\\\/#website\"},\"primaryImageOfPage\":{\"@id\":\"https:\\\/\\\/desertgrass.es\\\/producto\\\/guante-grip-320-nylon-marron-palma-rugosa-t-8\\\/#primaryimage\"},\"image\":{\"@id\":\"https:\\\/\\\/desertgrass.es\\\/producto\\\/guante-grip-320-nylon-marron-palma-rugosa-t-8\\\/#primaryimage\"},\"thumbnailUrl\":\"https:\\\/\\\/desertgrass.es\\\/wp-content\\\/uploads\\\/2024\\\/08\\\/GUANTE-GRIP-320-NYLON-MARRON-PALMA-RUGOSA-T.8.jpg\",\"datePublished\":\"2024-08-05T10:09:50+00:00\",\"dateModified\":\"2025-04-21T11:54:27+00:00\",\"breadcrumb\":{\"@id\":\"https:\\\/\\\/desertgrass.es\\\/producto\\\/guante-grip-320-nylon-marron-palma-rugosa-t-8\\\/#breadcrumb\"},\"inLanguage\":\"fr-FR\",\"potentialAction\":[{\"@type\":\"ReadAction\",\"target\":[\"https:\\\/\\\/desertgrass.es\\\/producto\\\/guante-grip-320-nylon-marron-palma-rugosa-t-8\\\/\"]}]},{\"@type\":\"ImageObject\",\"inLanguage\":\"fr-FR\",\"@id\":\"https:\\\/\\\/desertgrass.es\\\/producto\\\/guante-grip-320-nylon-marron-palma-rugosa-t-8\\\/#primaryimage\",\"url\":\"https:\\\/\\\/desertgrass.es\\\/wp-content\\\/uploads\\\/2024\\\/08\\\/GUANTE-GRIP-320-NYLON-MARRON-PALMA-RUGOSA-T.8.jpg\",\"contentUrl\":\"https:\\\/\\\/desertgrass.es\\\/wp-content\\\/uploads\\\/2024\\\/08\\\/GUANTE-GRIP-320-NYLON-MARRON-PALMA-RUGOSA-T.8.jpg\",\"width\":568,\"height\":649,\"caption\":\"GUANTE GRIP 320 NYLON MARR\u00d3N PALMA RUGOSA T 8\"},{\"@type\":\"BreadcrumbList\",\"@id\":\"https:\\\/\\\/desertgrass.es\\\/producto\\\/guante-grip-320-nylon-marron-palma-rugosa-t-8\\\/#breadcrumb\",\"itemListElement\":[{\"@type\":\"ListItem\",\"position\":1,\"name\":\"Portada\",\"item\":\"https:\\\/\\\/desertgrass.es\\\/\"},{\"@type\":\"ListItem\",\"position\":2,\"name\":\"Tienda Online de Plantas en Almer\u00eda\",\"item\":\"https:\\\/\\\/desertgrass.es\\\/tienda\\\/\"},{\"@type\":\"ListItem\",\"position\":3,\"name\":\"GUANTE NYLON MARR\u00d3N PALMA RUGOSA T.8\"}]},{\"@type\":\"WebSite\",\"@id\":\"https:\\\/\\\/desertgrass.es\\\/#website\",\"url\":\"https:\\\/\\\/desertgrass.es\\\/\",\"name\":\"desertgrass.es\",\"description\":\"Ofrecemos una amplia selecci\u00f3n de plantas para que puedas crear tu propio oasis verde en casa.\",\"publisher\":{\"@id\":\"https:\\\/\\\/desertgrass.es\\\/#organization\"},\"potentialAction\":[{\"@type\":\"SearchAction\",\"target\":{\"@type\":\"EntryPoint\",\"urlTemplate\":\"https:\\\/\\\/desertgrass.es\\\/?s={search_term_string}\"},\"query-input\":{\"@type\":\"PropertyValueSpecification\",\"valueRequired\":true,\"valueName\":\"search_term_string\"}}],\"inLanguage\":\"fr-FR\"},{\"@type\":\"Organization\",\"@id\":\"https:\\\/\\\/desertgrass.es\\\/#organization\",\"name\":\"desertgrass.es\",\"url\":\"https:\\\/\\\/desertgrass.es\\\/\",\"logo\":{\"@type\":\"ImageObject\",\"inLanguage\":\"fr-FR\",\"@id\":\"https:\\\/\\\/desertgrass.es\\\/#\\\/schema\\\/logo\\\/image\\\/\",\"url\":\"https:\\\/\\\/desertgrass.es\\\/wp-content\\\/uploads\\\/2023\\\/03\\\/logotipo-desertgrass.png\",\"contentUrl\":\"https:\\\/\\\/desertgrass.es\\\/wp-content\\\/uploads\\\/2023\\\/03\\\/logotipo-desertgrass.png\",\"width\":260,\"height\":100,\"caption\":\"desertgrass.es\"},\"image\":{\"@id\":\"https:\\\/\\\/desertgrass.es\\\/#\\\/schema\\\/logo\\\/image\\\/\"},\"sameAs\":[\"https:\\\/\\\/es-es.facebook.com\\\/desertgrass.albox\\\/\"]}]}<\/script>\n<!-- \/ Yoast SEO plugin. -->","yoast_head_json":{"title":"GUANTE NYLON MARR\u00d3N PALMA RUGOSA T.8 - Desert Grass","robots":{"index":"index","follow":"follow","max-snippet":"max-snippet:-1","max-image-preview":"max-image-preview:large","max-video-preview":"max-video-preview:-1"},"canonical":"https:\/\/desertgrass.es\/producto\/guante-grip-320-nylon-marron-palma-rugosa-t-8\/","og_locale":"fr_FR","og_type":"article","og_title":"GUANTE NYLON MARR\u00d3N PALMA RUGOSA T.8 - Desert Grass","og_description":"TALLA 8","og_url":"https:\/\/desertgrass.es\/producto\/guante-grip-320-nylon-marron-palma-rugosa-t-8\/","og_site_name":"Desert Grass","article_publisher":"https:\/\/es-es.facebook.com\/desertgrass.albox\/","article_modified_time":"2025-04-21T11:54:27+00:00","og_image":[{"width":568,"height":649,"url":"https:\/\/desertgrass.es\/wp-content\/uploads\/2024\/08\/GUANTE-GRIP-320-NYLON-MARRON-PALMA-RUGOSA-T.8.jpg","type":"image\/jpeg"}],"twitter_misc":{"Dur\u00e9e de lecture estim\u00e9e":"1 minute"},"schema":{"@context":"https:\/\/schema.org","@graph":[{"@type":"WebPage","@id":"https:\/\/desertgrass.es\/producto\/guante-grip-320-nylon-marron-palma-rugosa-t-8\/","url":"https:\/\/desertgrass.es\/producto\/guante-grip-320-nylon-marron-palma-rugosa-t-8\/","name":"GUANTE NYLON MARR\u00d3N PALMA RUGOSA T.8 - Desert Grass","isPartOf":{"@id":"https:\/\/desertgrass.es\/#website"},"primaryImageOfPage":{"@id":"https:\/\/desertgrass.es\/producto\/guante-grip-320-nylon-marron-palma-rugosa-t-8\/#primaryimage"},"image":{"@id":"https:\/\/desertgrass.es\/producto\/guante-grip-320-nylon-marron-palma-rugosa-t-8\/#primaryimage"},"thumbnailUrl":"https:\/\/desertgrass.es\/wp-content\/uploads\/2024\/08\/GUANTE-GRIP-320-NYLON-MARRON-PALMA-RUGOSA-T.8.jpg","datePublished":"2024-08-05T10:09:50+00:00","dateModified":"2025-04-21T11:54:27+00:00","breadcrumb":{"@id":"https:\/\/desertgrass.es\/producto\/guante-grip-320-nylon-marron-palma-rugosa-t-8\/#breadcrumb"},"inLanguage":"fr-FR","potentialAction":[{"@type":"ReadAction","target":["https:\/\/desertgrass.es\/producto\/guante-grip-320-nylon-marron-palma-rugosa-t-8\/"]}]},{"@type":"ImageObject","inLanguage":"fr-FR","@id":"https:\/\/desertgrass.es\/producto\/guante-grip-320-nylon-marron-palma-rugosa-t-8\/#primaryimage","url":"https:\/\/desertgrass.es\/wp-content\/uploads\/2024\/08\/GUANTE-GRIP-320-NYLON-MARRON-PALMA-RUGOSA-T.8.jpg","contentUrl":"https:\/\/desertgrass.es\/wp-content\/uploads\/2024\/08\/GUANTE-GRIP-320-NYLON-MARRON-PALMA-RUGOSA-T.8.jpg","width":568,"height":649,"caption":"GUANTE GRIP 320 NYLON MARR\u00d3N PALMA RUGOSA T 8"},{"@type":"BreadcrumbList","@id":"https:\/\/desertgrass.es\/producto\/guante-grip-320-nylon-marron-palma-rugosa-t-8\/#breadcrumb","itemListElement":[{"@type":"ListItem","position":1,"name":"Portada","item":"https:\/\/desertgrass.es\/"},{"@type":"ListItem","position":2,"name":"Tienda Online de Plantas en Almer\u00eda","item":"https:\/\/desertgrass.es\/tienda\/"},{"@type":"ListItem","position":3,"name":"GUANTE NYLON MARR\u00d3N PALMA RUGOSA T.8"}]},{"@type":"WebSite","@id":"https:\/\/desertgrass.es\/#website","url":"https:\/\/desertgrass.es\/","name":"desertgrass.es","description":"Ofrecemos una amplia selecci\u00f3n de plantas para que puedas crear tu propio oasis verde en casa.","publisher":{"@id":"https:\/\/desertgrass.es\/#organization"},"potentialAction":[{"@type":"SearchAction","target":{"@type":"EntryPoint","urlTemplate":"https:\/\/desertgrass.es\/?s={search_term_string}"},"query-input":{"@type":"PropertyValueSpecification","valueRequired":true,"valueName":"search_term_string"}}],"inLanguage":"fr-FR"},{"@type":"Organization","@id":"https:\/\/desertgrass.es\/#organization","name":"desertgrass.es","url":"https:\/\/desertgrass.es\/","logo":{"@type":"ImageObject","inLanguage":"fr-FR","@id":"https:\/\/desertgrass.es\/#\/schema\/logo\/image\/","url":"https:\/\/desertgrass.es\/wp-content\/uploads\/2023\/03\/logotipo-desertgrass.png","contentUrl":"https:\/\/desertgrass.es\/wp-content\/uploads\/2023\/03\/logotipo-desertgrass.png","width":260,"height":100,"caption":"desertgrass.es"},"image":{"@id":"https:\/\/desertgrass.es\/#\/schema\/logo\/image\/"},"sameAs":["https:\/\/es-es.facebook.com\/desertgrass.albox\/"]}]}},"_links":{"self":[{"href":"https:\/\/desertgrass.es\/fr\/wp-json\/wp\/v2\/product\/4018","targetHints":{"allow":["GET"]}}],"collection":[{"href":"https:\/\/desertgrass.es\/fr\/wp-json\/wp\/v2\/product"}],"about":[{"href":"https:\/\/desertgrass.es\/fr\/wp-json\/wp\/v2\/types\/product"}],"replies":[{"embeddable":true,"href":"https:\/\/desertgrass.es\/fr\/wp-json\/wp\/v2\/comments?post=4018"}],"wp:featuredmedia":[{"embeddable":true,"href":"https:\/\/desertgrass.es\/fr\/wp-json\/wp\/v2\/media\/4028"}],"wp:attachment":[{"href":"https:\/\/desertgrass.es\/fr\/wp-json\/wp\/v2\/media?parent=4018"}],"wp:term":[{"taxonomy":"product_brand","embeddable":true,"href":"https:\/\/desertgrass.es\/fr\/wp-json\/wp\/v2\/product_brand?post=4018"},{"taxonomy":"product_cat","embeddable":true,"href":"https:\/\/desertgrass.es\/fr\/wp-json\/wp\/v2\/product_cat?post=4018"},{"taxonomy":"product_tag","embeddable":true,"href":"https:\/\/desertgrass.es\/fr\/wp-json\/wp\/v2\/product_tag?post=4018"}],"curies":[{"name":"wp","href":"https:\/\/api.w.org\/{rel}","templated":true}]}}