{"id":3939,"date":"2024-06-26T10:32:00","date_gmt":"2024-06-26T08:32:00","guid":{"rendered":"https:\/\/desertgrass.es\/producto\/sweet-seeds_gorilla-girl-f1-fast-version-31-semil\/"},"modified":"2024-06-26T10:32:00","modified_gmt":"2024-06-26T08:32:00","slug":"sweet-seeds_gorilla-girl-f1-fast-version-31-semil","status":"publish","type":"product","link":"https:\/\/desertgrass.es\/fr\/producto\/sweet-seeds_gorilla-girl-f1-fast-version-31-semil\/","title":{"rendered":"SWEET SEEDS_GORILLA GIRL F1 FAST VERSION 3+1 SEMIL"},"content":{"rendered":"<p>DESCRIPCI\u00d3N GORILLA GIRL F1 FAST VERSION\u00ae<\/p>\n<p>Versi\u00f3n fotodependiente, feminizada y de floraci\u00f3n ultrarr\u00e1pida, de la Gorilla Girl\u00ae (SWS74), la variedad \u201cSuper Strong\u201d m\u00e1s potente del cat\u00e1logo de Sweet Seeds\u00ae, hasta 31% de THC. Resultado del cruce entre la potente Gorilla Girl\u00ae y nuestra Sweet Gelato Auto\u00ae (SWS76).<\/p>\n<p>Variedad de efecto muy potente y excitante que alcanza niveles de hasta el 25% de THC, algunos individuos pueden incluso superar estos niveles.<\/p>\n<p>La producci\u00f3n de resina de esta variedad es exuberante, recubriendo completamente los c\u00e1lices de las flores de arom\u00e1ticos tricomas.<\/p>\n<p>Aroma y sabor intenso, dulce y afrutado, con tonos de cipr\u00e9s azul, maderas, y pinceladas c\u00edtricas y terrosas.<\/p>\n<p>&#8212;&#8212;&#8212;&#8212;&#8212;&#8212;&#8212;&#8212;&#8212;&#8212;&#8212;&#8212;&#8212;&#8212;&#8212;&#8212;&#8212;&#8212;&#8212;&#8212;&#8212;&#8212;&#8212;&#8212;&#8212;&#8212;&#8212;&#8212;&#8212;&#8212;&#8212;&#8212;&#8212;&#8212;&#8212;&#8212;&#8212;&#8212;&#8212;&#8212;&#8212;&#8212;&#8212;&#8212;&#8212;&#8212;&#8212;&#8212;&#8212;&#8212;&#8212;&#8212;&#8212;&#8212;&#8212;&#8212;&#8212;&#8212;&#8212;&#8212;&#8212;&#8212;&#8212;&#8212;&#8212;&#8212;&#8212;&#8212;&#8212;-<\/p>\n<p>FICHA T\u00c9CNICA GORILLA GIRL F1 FAST VERSION\u00ae<\/p>\n<p>Variedad: SWS86<\/p>\n<p>\u00cdndica: 40%<\/p>\n<p>Sativa: 60%<\/p>\n<p>THC: 18-25%<\/p>\n<p>CBD: 0,1%<\/p>\n<p>Producci\u00f3n Interior: 400-550 g\/m\u00b2<\/p>\n<p>Producci\u00f3n Exterior: 350-600 g\/planta<\/p>\n<p>Floraci\u00f3n Interior: 7 semanas<\/p>\n<p>Efectos: Psicoactiva, Estimulante<\/p>\n<p>Sabor: C\u00edtrico, Terroso, Le\u00f1oso, Afrutado, Cipr\u00e9s, Dulce<\/p>\n","protected":false},"excerpt":{"rendered":"<p>Versi\u00f3n fotodependiente, feminizada y de floraci\u00f3n ultrarr\u00e1pida, de la Gorilla Girl\u00ae (SWS74), la variedad \u201cSuper Strong\u201d m\u00e1s potente del cat\u00e1logo de Sweet Seeds\u00ae, hasta 31% de THC.<\/p>\n","protected":false},"featured_media":3971,"comment_status":"open","ping_status":"closed","template":"","meta":{"_eb_attr":"","site-sidebar-layout":"default","site-content-layout":"","ast-site-content-layout":"","site-content-style":"default","site-sidebar-style":"default","ast-global-header-display":"","ast-banner-title-visibility":"","ast-main-header-display":"","ast-hfb-above-header-display":"","ast-hfb-below-header-display":"","ast-hfb-mobile-header-display":"","site-post-title":"","ast-breadcrumbs-content":"","ast-featured-img":"","footer-sml-layout":"","theme-transparent-header-meta":"","adv-header-id-meta":"","stick-header-meta":"","header-above-stick-meta":"","header-main-stick-meta":"","header-below-stick-meta":"","astra-migrate-meta-layouts":"default","ast-page-background-enabled":"default","ast-page-background-meta":{"desktop":{"background-color":"","background-image":"","background-repeat":"repeat","background-position":"center center","background-size":"auto","background-attachment":"scroll","background-type":"","background-media":"","overlay-type":"","overlay-color":"","overlay-opacity":"","overlay-gradient":""},"tablet":{"background-color":"","background-image":"","background-repeat":"repeat","background-position":"center center","background-size":"auto","background-attachment":"scroll","background-type":"","background-media":"","overlay-type":"","overlay-color":"","overlay-opacity":"","overlay-gradient":""},"mobile":{"background-color":"","background-image":"","background-repeat":"repeat","background-position":"center center","background-size":"auto","background-attachment":"scroll","background-type":"","background-media":"","overlay-type":"","overlay-color":"","overlay-opacity":"","overlay-gradient":""}},"ast-content-background-meta":{"desktop":{"background-color":"var(--ast-global-color-5)","background-image":"","background-repeat":"repeat","background-position":"center center","background-size":"auto","background-attachment":"scroll","background-type":"","background-media":"","overlay-type":"","overlay-color":"","overlay-opacity":"","overlay-gradient":""},"tablet":{"background-color":"var(--ast-global-color-5)","background-image":"","background-repeat":"repeat","background-position":"center center","background-size":"auto","background-attachment":"scroll","background-type":"","background-media":"","overlay-type":"","overlay-color":"","overlay-opacity":"","overlay-gradient":""},"mobile":{"background-color":"var(--ast-global-color-5)","background-image":"","background-repeat":"repeat","background-position":"center center","background-size":"auto","background-attachment":"scroll","background-type":"","background-media":"","overlay-type":"","overlay-color":"","overlay-opacity":"","overlay-gradient":""}}},"product_brand":[],"product_cat":[205,220],"product_tag":[],"class_list":{"0":"post-3939","1":"product","2":"type-product","3":"status-publish","4":"has-post-thumbnail","6":"product_cat-jardineria","7":"product_cat-1-2-semillas","8":"desktop-align-center","9":"tablet-align-center","10":"mobile-align-center","11":"ast-product-gallery-layout-horizontal","12":"ast-product-gallery-with-no-image","13":"ast-product-tabs-layout-horizontal","15":"first","16":"instock","17":"taxable","18":"shipping-taxable","19":"purchasable","20":"product-type-simple"},"yoast_head":"<!-- This site is optimized with the Yoast SEO plugin v27.4 - https:\/\/yoast.com\/product\/yoast-seo-wordpress\/ -->\n<title>SWEET SEEDS_GORILLA GIRL F1 FAST VERSION 3+1 SEMIL - Desert Grass<\/title>\n<meta name=\"robots\" content=\"index, follow, max-snippet:-1, max-image-preview:large, max-video-preview:-1\" \/>\n<link rel=\"canonical\" href=\"https:\/\/desertgrass.es\/fr\/producto\/sweet-seeds_gorilla-girl-f1-fast-version-31-semil\/\" \/>\n<meta property=\"og:locale\" content=\"fr_FR\" \/>\n<meta property=\"og:type\" content=\"article\" \/>\n<meta property=\"og:title\" content=\"SWEET SEEDS_GORILLA GIRL F1 FAST VERSION 3+1 SEMIL - Desert Grass\" \/>\n<meta property=\"og:description\" content=\"Versi\u00f3n fotodependiente, feminizada y de floraci\u00f3n ultrarr\u00e1pida, de la Gorilla Girl\u00ae (SWS74), la variedad \u201cSuper Strong\u201d m\u00e1s potente del cat\u00e1logo de Sweet Seeds\u00ae, hasta 31% de THC.\" \/>\n<meta property=\"og:url\" content=\"https:\/\/desertgrass.es\/fr\/producto\/sweet-seeds_gorilla-girl-f1-fast-version-31-semil\/\" \/>\n<meta property=\"og:site_name\" content=\"Desert Grass\" \/>\n<meta property=\"article:publisher\" content=\"https:\/\/es-es.facebook.com\/desertgrass.albox\/\" \/>\n<meta property=\"og:image\" content=\"https:\/\/desertgrass.es\/wp-content\/uploads\/2024\/06\/SWEET-SEEDS_GORILLA-GIRL-F1-FAST-VERSION-31-SEMIL.jpg\" \/>\n\t<meta property=\"og:image:width\" content=\"587\" \/>\n\t<meta property=\"og:image:height\" content=\"800\" \/>\n\t<meta property=\"og:image:type\" content=\"image\/jpeg\" \/>\n<meta name=\"twitter:label1\" content=\"Dur\u00e9e de lecture estim\u00e9e\" \/>\n\t<meta name=\"twitter:data1\" content=\"1 minute\" \/>\n<script type=\"application\/ld+json\" class=\"yoast-schema-graph\">{\"@context\":\"https:\\\/\\\/schema.org\",\"@graph\":[{\"@type\":\"WebPage\",\"@id\":\"https:\\\/\\\/desertgrass.es\\\/fr\\\/producto\\\/sweet-seeds_gorilla-girl-f1-fast-version-31-semil\\\/\",\"url\":\"https:\\\/\\\/desertgrass.es\\\/fr\\\/producto\\\/sweet-seeds_gorilla-girl-f1-fast-version-31-semil\\\/\",\"name\":\"SWEET SEEDS_GORILLA GIRL F1 FAST VERSION 3+1 SEMIL - Desert Grass\",\"isPartOf\":{\"@id\":\"https:\\\/\\\/desertgrass.es\\\/#website\"},\"primaryImageOfPage\":{\"@id\":\"https:\\\/\\\/desertgrass.es\\\/fr\\\/producto\\\/sweet-seeds_gorilla-girl-f1-fast-version-31-semil\\\/#primaryimage\"},\"image\":{\"@id\":\"https:\\\/\\\/desertgrass.es\\\/fr\\\/producto\\\/sweet-seeds_gorilla-girl-f1-fast-version-31-semil\\\/#primaryimage\"},\"thumbnailUrl\":\"https:\\\/\\\/desertgrass.es\\\/wp-content\\\/uploads\\\/2024\\\/06\\\/SWEET-SEEDS_GORILLA-GIRL-F1-FAST-VERSION-31-SEMIL.jpg\",\"datePublished\":\"2024-06-26T08:32:00+00:00\",\"breadcrumb\":{\"@id\":\"https:\\\/\\\/desertgrass.es\\\/fr\\\/producto\\\/sweet-seeds_gorilla-girl-f1-fast-version-31-semil\\\/#breadcrumb\"},\"inLanguage\":\"fr-FR\",\"potentialAction\":[{\"@type\":\"ReadAction\",\"target\":[\"https:\\\/\\\/desertgrass.es\\\/fr\\\/producto\\\/sweet-seeds_gorilla-girl-f1-fast-version-31-semil\\\/\"]}]},{\"@type\":\"ImageObject\",\"inLanguage\":\"fr-FR\",\"@id\":\"https:\\\/\\\/desertgrass.es\\\/fr\\\/producto\\\/sweet-seeds_gorilla-girl-f1-fast-version-31-semil\\\/#primaryimage\",\"url\":\"https:\\\/\\\/desertgrass.es\\\/wp-content\\\/uploads\\\/2024\\\/06\\\/SWEET-SEEDS_GORILLA-GIRL-F1-FAST-VERSION-31-SEMIL.jpg\",\"contentUrl\":\"https:\\\/\\\/desertgrass.es\\\/wp-content\\\/uploads\\\/2024\\\/06\\\/SWEET-SEEDS_GORILLA-GIRL-F1-FAST-VERSION-31-SEMIL.jpg\",\"width\":587,\"height\":800,\"caption\":\"SWEET SEEDS GORILLA GIRL F1 FAST VERSION 3 1 SEMIL\"},{\"@type\":\"BreadcrumbList\",\"@id\":\"https:\\\/\\\/desertgrass.es\\\/fr\\\/producto\\\/sweet-seeds_gorilla-girl-f1-fast-version-31-semil\\\/#breadcrumb\",\"itemListElement\":[{\"@type\":\"ListItem\",\"position\":1,\"name\":\"Portada\",\"item\":\"https:\\\/\\\/desertgrass.es\\\/\"},{\"@type\":\"ListItem\",\"position\":2,\"name\":\"Tienda Online de Plantas en Almer\u00eda\",\"item\":\"https:\\\/\\\/desertgrass.es\\\/tienda\\\/\"},{\"@type\":\"ListItem\",\"position\":3,\"name\":\"SWEET SEEDS_GORILLA GIRL F1 FAST VERSION 3+1 SEMIL\"}]},{\"@type\":\"WebSite\",\"@id\":\"https:\\\/\\\/desertgrass.es\\\/#website\",\"url\":\"https:\\\/\\\/desertgrass.es\\\/\",\"name\":\"desertgrass.es\",\"description\":\"Ofrecemos una amplia selecci\u00f3n de plantas para que puedas crear tu propio oasis verde en casa.\",\"publisher\":{\"@id\":\"https:\\\/\\\/desertgrass.es\\\/#organization\"},\"potentialAction\":[{\"@type\":\"SearchAction\",\"target\":{\"@type\":\"EntryPoint\",\"urlTemplate\":\"https:\\\/\\\/desertgrass.es\\\/?s={search_term_string}\"},\"query-input\":{\"@type\":\"PropertyValueSpecification\",\"valueRequired\":true,\"valueName\":\"search_term_string\"}}],\"inLanguage\":\"fr-FR\"},{\"@type\":\"Organization\",\"@id\":\"https:\\\/\\\/desertgrass.es\\\/#organization\",\"name\":\"desertgrass.es\",\"url\":\"https:\\\/\\\/desertgrass.es\\\/\",\"logo\":{\"@type\":\"ImageObject\",\"inLanguage\":\"fr-FR\",\"@id\":\"https:\\\/\\\/desertgrass.es\\\/#\\\/schema\\\/logo\\\/image\\\/\",\"url\":\"https:\\\/\\\/desertgrass.es\\\/wp-content\\\/uploads\\\/2023\\\/03\\\/logotipo-desertgrass.png\",\"contentUrl\":\"https:\\\/\\\/desertgrass.es\\\/wp-content\\\/uploads\\\/2023\\\/03\\\/logotipo-desertgrass.png\",\"width\":260,\"height\":100,\"caption\":\"desertgrass.es\"},\"image\":{\"@id\":\"https:\\\/\\\/desertgrass.es\\\/#\\\/schema\\\/logo\\\/image\\\/\"},\"sameAs\":[\"https:\\\/\\\/es-es.facebook.com\\\/desertgrass.albox\\\/\"]}]}<\/script>\n<!-- \/ Yoast SEO plugin. -->","yoast_head_json":{"title":"SWEET SEEDS_GORILLA GIRL F1 FAST VERSION 3+1 SEMIL - Desert Grass","robots":{"index":"index","follow":"follow","max-snippet":"max-snippet:-1","max-image-preview":"max-image-preview:large","max-video-preview":"max-video-preview:-1"},"canonical":"https:\/\/desertgrass.es\/fr\/producto\/sweet-seeds_gorilla-girl-f1-fast-version-31-semil\/","og_locale":"fr_FR","og_type":"article","og_title":"SWEET SEEDS_GORILLA GIRL F1 FAST VERSION 3+1 SEMIL - Desert Grass","og_description":"Versi\u00f3n fotodependiente, feminizada y de floraci\u00f3n ultrarr\u00e1pida, de la Gorilla Girl\u00ae (SWS74), la variedad \u201cSuper Strong\u201d m\u00e1s potente del cat\u00e1logo de Sweet Seeds\u00ae, hasta 31% de THC.","og_url":"https:\/\/desertgrass.es\/fr\/producto\/sweet-seeds_gorilla-girl-f1-fast-version-31-semil\/","og_site_name":"Desert Grass","article_publisher":"https:\/\/es-es.facebook.com\/desertgrass.albox\/","og_image":[{"width":587,"height":800,"url":"https:\/\/desertgrass.es\/wp-content\/uploads\/2024\/06\/SWEET-SEEDS_GORILLA-GIRL-F1-FAST-VERSION-31-SEMIL.jpg","type":"image\/jpeg"}],"twitter_misc":{"Dur\u00e9e de lecture estim\u00e9e":"1 minute"},"schema":{"@context":"https:\/\/schema.org","@graph":[{"@type":"WebPage","@id":"https:\/\/desertgrass.es\/fr\/producto\/sweet-seeds_gorilla-girl-f1-fast-version-31-semil\/","url":"https:\/\/desertgrass.es\/fr\/producto\/sweet-seeds_gorilla-girl-f1-fast-version-31-semil\/","name":"SWEET SEEDS_GORILLA GIRL F1 FAST VERSION 3+1 SEMIL - Desert Grass","isPartOf":{"@id":"https:\/\/desertgrass.es\/#website"},"primaryImageOfPage":{"@id":"https:\/\/desertgrass.es\/fr\/producto\/sweet-seeds_gorilla-girl-f1-fast-version-31-semil\/#primaryimage"},"image":{"@id":"https:\/\/desertgrass.es\/fr\/producto\/sweet-seeds_gorilla-girl-f1-fast-version-31-semil\/#primaryimage"},"thumbnailUrl":"https:\/\/desertgrass.es\/wp-content\/uploads\/2024\/06\/SWEET-SEEDS_GORILLA-GIRL-F1-FAST-VERSION-31-SEMIL.jpg","datePublished":"2024-06-26T08:32:00+00:00","breadcrumb":{"@id":"https:\/\/desertgrass.es\/fr\/producto\/sweet-seeds_gorilla-girl-f1-fast-version-31-semil\/#breadcrumb"},"inLanguage":"fr-FR","potentialAction":[{"@type":"ReadAction","target":["https:\/\/desertgrass.es\/fr\/producto\/sweet-seeds_gorilla-girl-f1-fast-version-31-semil\/"]}]},{"@type":"ImageObject","inLanguage":"fr-FR","@id":"https:\/\/desertgrass.es\/fr\/producto\/sweet-seeds_gorilla-girl-f1-fast-version-31-semil\/#primaryimage","url":"https:\/\/desertgrass.es\/wp-content\/uploads\/2024\/06\/SWEET-SEEDS_GORILLA-GIRL-F1-FAST-VERSION-31-SEMIL.jpg","contentUrl":"https:\/\/desertgrass.es\/wp-content\/uploads\/2024\/06\/SWEET-SEEDS_GORILLA-GIRL-F1-FAST-VERSION-31-SEMIL.jpg","width":587,"height":800,"caption":"SWEET SEEDS GORILLA GIRL F1 FAST VERSION 3 1 SEMIL"},{"@type":"BreadcrumbList","@id":"https:\/\/desertgrass.es\/fr\/producto\/sweet-seeds_gorilla-girl-f1-fast-version-31-semil\/#breadcrumb","itemListElement":[{"@type":"ListItem","position":1,"name":"Portada","item":"https:\/\/desertgrass.es\/"},{"@type":"ListItem","position":2,"name":"Tienda Online de Plantas en Almer\u00eda","item":"https:\/\/desertgrass.es\/tienda\/"},{"@type":"ListItem","position":3,"name":"SWEET SEEDS_GORILLA GIRL F1 FAST VERSION 3+1 SEMIL"}]},{"@type":"WebSite","@id":"https:\/\/desertgrass.es\/#website","url":"https:\/\/desertgrass.es\/","name":"desertgrass.es","description":"Ofrecemos una amplia selecci\u00f3n de plantas para que puedas crear tu propio oasis verde en casa.","publisher":{"@id":"https:\/\/desertgrass.es\/#organization"},"potentialAction":[{"@type":"SearchAction","target":{"@type":"EntryPoint","urlTemplate":"https:\/\/desertgrass.es\/?s={search_term_string}"},"query-input":{"@type":"PropertyValueSpecification","valueRequired":true,"valueName":"search_term_string"}}],"inLanguage":"fr-FR"},{"@type":"Organization","@id":"https:\/\/desertgrass.es\/#organization","name":"desertgrass.es","url":"https:\/\/desertgrass.es\/","logo":{"@type":"ImageObject","inLanguage":"fr-FR","@id":"https:\/\/desertgrass.es\/#\/schema\/logo\/image\/","url":"https:\/\/desertgrass.es\/wp-content\/uploads\/2023\/03\/logotipo-desertgrass.png","contentUrl":"https:\/\/desertgrass.es\/wp-content\/uploads\/2023\/03\/logotipo-desertgrass.png","width":260,"height":100,"caption":"desertgrass.es"},"image":{"@id":"https:\/\/desertgrass.es\/#\/schema\/logo\/image\/"},"sameAs":["https:\/\/es-es.facebook.com\/desertgrass.albox\/"]}]}},"_links":{"self":[{"href":"https:\/\/desertgrass.es\/fr\/wp-json\/wp\/v2\/product\/3939","targetHints":{"allow":["GET"]}}],"collection":[{"href":"https:\/\/desertgrass.es\/fr\/wp-json\/wp\/v2\/product"}],"about":[{"href":"https:\/\/desertgrass.es\/fr\/wp-json\/wp\/v2\/types\/product"}],"replies":[{"embeddable":true,"href":"https:\/\/desertgrass.es\/fr\/wp-json\/wp\/v2\/comments?post=3939"}],"wp:featuredmedia":[{"embeddable":true,"href":"https:\/\/desertgrass.es\/fr\/wp-json\/wp\/v2\/media\/3971"}],"wp:attachment":[{"href":"https:\/\/desertgrass.es\/fr\/wp-json\/wp\/v2\/media?parent=3939"}],"wp:term":[{"taxonomy":"product_brand","embeddable":true,"href":"https:\/\/desertgrass.es\/fr\/wp-json\/wp\/v2\/product_brand?post=3939"},{"taxonomy":"product_cat","embeddable":true,"href":"https:\/\/desertgrass.es\/fr\/wp-json\/wp\/v2\/product_cat?post=3939"},{"taxonomy":"product_tag","embeddable":true,"href":"https:\/\/desertgrass.es\/fr\/wp-json\/wp\/v2\/product_tag?post=3939"}],"curies":[{"name":"wp","href":"https:\/\/api.w.org\/{rel}","templated":true}]}}