{"id":3937,"date":"2024-06-26T10:32:00","date_gmt":"2024-06-26T08:32:00","guid":{"rendered":"https:\/\/desertgrass.es\/producto\/sweet-seeds_jack-47-f1-fast-version-31-semillas\/"},"modified":"2024-06-26T10:32:00","modified_gmt":"2024-06-26T08:32:00","slug":"sweet-seeds_jack-47-f1-fast-version-31-semillas","status":"publish","type":"product","link":"https:\/\/desertgrass.es\/fr\/producto\/sweet-seeds_jack-47-f1-fast-version-31-semillas\/","title":{"rendered":"SWEET SEEDS_JACK 47 F1 FAST VERSION 3+1 SEMILLAS"},"content":{"rendered":"<p>DESCRIPCI\u00d3N JACK 47 F1 FAST VERSION\u00ae<\/p>\n<p>Versi\u00f3n feminizada y fotodependiente, de floraci\u00f3n ultrarr\u00e1pida, de una de las variedades m\u00e1s potentes de nuestro cat\u00e1logo. Esta gen\u00e9tica es el resultado del cruce entre una cepa seleccionada de Jack 47 Auto\u00ae (SWS31) y un clon \u00e9lite de nuestra variedad Jack 47\u00ae (SWS08).<\/p>\n<p>El cruce entre la gen\u00e9tica autofloreciente y la fotodependiente da como resultado una gen\u00e9tica fotodependiente que recorta el tiempo de floraci\u00f3n una semana con respecto a la gen\u00e9tica Jack 47\u00ae original.<\/p>\n<p>Se trata de una gen\u00e9tica muy potente, que produce plantas muy vigorosas con gruesos cogollos que durante la floraci\u00f3n se cubren totalmente de abundante resina. Los aromas y sabores de esta variedad son frescos y dulces con tonos florales e inciensados y pinceladas c\u00edtricas de lim\u00f3n.<\/p>\n<p>&#8212;&#8212;&#8212;&#8212;&#8212;&#8212;&#8212;&#8212;&#8212;&#8212;&#8212;&#8212;&#8212;&#8212;&#8212;&#8212;&#8212;&#8212;&#8212;&#8212;&#8212;&#8212;&#8212;&#8212;&#8212;&#8212;&#8212;&#8212;&#8212;&#8212;&#8212;&#8212;&#8212;&#8212;&#8212;&#8212;&#8212;&#8212;&#8212;&#8212;&#8212;&#8212;&#8212;&#8212;&#8212;&#8212;&#8212;&#8212;&#8212;&#8212;&#8212;&#8212;&#8212;&#8212;&#8212;&#8212;&#8212;&#8212;&#8212;&#8212;&#8212;&#8212;&#8212;&#8212;&#8212;&#8212;&#8212;&#8212;&#8212;-<\/p>\n<p>FICHA T\u00c9CNICA JACK 47 F1 FAST VERSION\u00ae<\/p>\n<p>Variedad: SWS51<\/p>\n<p>\u00cdndica: 25%<\/p>\n<p>Sativa: 75%<\/p>\n<p>THC: 18-24%<\/p>\n<p>CBD: 1,4%<\/p>\n<p>Producci\u00f3n Interior: 500-600 g\/m\u00b2<\/p>\n<p>Producci\u00f3n Exterior: m\u00e1xima producci\u00f3n<\/p>\n<p>Floraci\u00f3n Interior: 7-8 semanas<\/p>\n<p>Efectos: Relajante, Psicoactiva, Estimulante<\/p>\n<p>Sabor: Mango, Naranja, Mandarina, Afrutado, Dulce<\/p>\n","protected":false},"excerpt":{"rendered":"<p>Versi\u00f3n feminizada y fotodependiente, de floraci\u00f3n ultrarr\u00e1pida, de una de las variedades m\u00e1s potentes de nuestro cat\u00e1logo.<\/p>\n","protected":false},"featured_media":3967,"comment_status":"open","ping_status":"closed","template":"","meta":{"_eb_attr":"","site-sidebar-layout":"default","site-content-layout":"","ast-site-content-layout":"","site-content-style":"default","site-sidebar-style":"default","ast-global-header-display":"","ast-banner-title-visibility":"","ast-main-header-display":"","ast-hfb-above-header-display":"","ast-hfb-below-header-display":"","ast-hfb-mobile-header-display":"","site-post-title":"","ast-breadcrumbs-content":"","ast-featured-img":"","footer-sml-layout":"","theme-transparent-header-meta":"","adv-header-id-meta":"","stick-header-meta":"","header-above-stick-meta":"","header-main-stick-meta":"","header-below-stick-meta":"","astra-migrate-meta-layouts":"default","ast-page-background-enabled":"default","ast-page-background-meta":{"desktop":{"background-color":"","background-image":"","background-repeat":"repeat","background-position":"center center","background-size":"auto","background-attachment":"scroll","background-type":"","background-media":"","overlay-type":"","overlay-color":"","overlay-opacity":"","overlay-gradient":""},"tablet":{"background-color":"","background-image":"","background-repeat":"repeat","background-position":"center center","background-size":"auto","background-attachment":"scroll","background-type":"","background-media":"","overlay-type":"","overlay-color":"","overlay-opacity":"","overlay-gradient":""},"mobile":{"background-color":"","background-image":"","background-repeat":"repeat","background-position":"center center","background-size":"auto","background-attachment":"scroll","background-type":"","background-media":"","overlay-type":"","overlay-color":"","overlay-opacity":"","overlay-gradient":""}},"ast-content-background-meta":{"desktop":{"background-color":"var(--ast-global-color-5)","background-image":"","background-repeat":"repeat","background-position":"center center","background-size":"auto","background-attachment":"scroll","background-type":"","background-media":"","overlay-type":"","overlay-color":"","overlay-opacity":"","overlay-gradient":""},"tablet":{"background-color":"var(--ast-global-color-5)","background-image":"","background-repeat":"repeat","background-position":"center center","background-size":"auto","background-attachment":"scroll","background-type":"","background-media":"","overlay-type":"","overlay-color":"","overlay-opacity":"","overlay-gradient":""},"mobile":{"background-color":"var(--ast-global-color-5)","background-image":"","background-repeat":"repeat","background-position":"center center","background-size":"auto","background-attachment":"scroll","background-type":"","background-media":"","overlay-type":"","overlay-color":"","overlay-opacity":"","overlay-gradient":""}}},"product_brand":[],"product_cat":[205,220],"product_tag":[],"class_list":{"0":"post-3937","1":"product","2":"type-product","3":"status-publish","4":"has-post-thumbnail","6":"product_cat-jardineria","7":"product_cat-1-2-semillas","8":"desktop-align-center","9":"tablet-align-center","10":"mobile-align-center","11":"ast-product-gallery-layout-horizontal","12":"ast-product-gallery-with-no-image","13":"ast-product-tabs-layout-horizontal","15":"first","16":"instock","17":"taxable","18":"shipping-taxable","19":"purchasable","20":"product-type-simple"},"yoast_head":"<!-- This site is optimized with the Yoast SEO plugin v27.4 - https:\/\/yoast.com\/product\/yoast-seo-wordpress\/ -->\n<title>SWEET SEEDS_JACK 47 F1 FAST VERSION 3+1 SEMILLAS - Desert Grass<\/title>\n<meta name=\"robots\" content=\"index, follow, max-snippet:-1, max-image-preview:large, max-video-preview:-1\" \/>\n<link rel=\"canonical\" href=\"https:\/\/desertgrass.es\/producto\/sweet-seeds_jack-47-f1-fast-version-31-semillas\/\" \/>\n<meta property=\"og:locale\" content=\"fr_FR\" \/>\n<meta property=\"og:type\" content=\"article\" \/>\n<meta property=\"og:title\" content=\"SWEET SEEDS_JACK 47 F1 FAST VERSION 3+1 SEMILLAS - Desert Grass\" \/>\n<meta property=\"og:description\" content=\"Versi\u00f3n feminizada y fotodependiente, de floraci\u00f3n ultrarr\u00e1pida, de una de las variedades m\u00e1s potentes de nuestro cat\u00e1logo.\" \/>\n<meta property=\"og:url\" content=\"https:\/\/desertgrass.es\/producto\/sweet-seeds_jack-47-f1-fast-version-31-semillas\/\" \/>\n<meta property=\"og:site_name\" content=\"Desert Grass\" \/>\n<meta property=\"article:publisher\" content=\"https:\/\/es-es.facebook.com\/desertgrass.albox\/\" \/>\n<meta property=\"og:image\" content=\"https:\/\/desertgrass.es\/wp-content\/uploads\/2024\/06\/SWEET-SEEDS_JACK-47-F1-FAST-VERSION-31-SEMILLAS.jpg\" \/>\n\t<meta property=\"og:image:width\" content=\"587\" \/>\n\t<meta property=\"og:image:height\" content=\"800\" \/>\n\t<meta property=\"og:image:type\" content=\"image\/jpeg\" \/>\n<meta name=\"twitter:label1\" content=\"Dur\u00e9e de lecture estim\u00e9e\" \/>\n\t<meta name=\"twitter:data1\" content=\"1 minute\" \/>\n<script type=\"application\/ld+json\" class=\"yoast-schema-graph\">{\"@context\":\"https:\\\/\\\/schema.org\",\"@graph\":[{\"@type\":\"WebPage\",\"@id\":\"https:\\\/\\\/desertgrass.es\\\/producto\\\/sweet-seeds_jack-47-f1-fast-version-31-semillas\\\/\",\"url\":\"https:\\\/\\\/desertgrass.es\\\/producto\\\/sweet-seeds_jack-47-f1-fast-version-31-semillas\\\/\",\"name\":\"SWEET SEEDS_JACK 47 F1 FAST VERSION 3+1 SEMILLAS - Desert Grass\",\"isPartOf\":{\"@id\":\"https:\\\/\\\/desertgrass.es\\\/#website\"},\"primaryImageOfPage\":{\"@id\":\"https:\\\/\\\/desertgrass.es\\\/producto\\\/sweet-seeds_jack-47-f1-fast-version-31-semillas\\\/#primaryimage\"},\"image\":{\"@id\":\"https:\\\/\\\/desertgrass.es\\\/producto\\\/sweet-seeds_jack-47-f1-fast-version-31-semillas\\\/#primaryimage\"},\"thumbnailUrl\":\"https:\\\/\\\/desertgrass.es\\\/wp-content\\\/uploads\\\/2024\\\/06\\\/SWEET-SEEDS_JACK-47-F1-FAST-VERSION-31-SEMILLAS.jpg\",\"datePublished\":\"2024-06-26T08:32:00+00:00\",\"breadcrumb\":{\"@id\":\"https:\\\/\\\/desertgrass.es\\\/producto\\\/sweet-seeds_jack-47-f1-fast-version-31-semillas\\\/#breadcrumb\"},\"inLanguage\":\"fr-FR\",\"potentialAction\":[{\"@type\":\"ReadAction\",\"target\":[\"https:\\\/\\\/desertgrass.es\\\/producto\\\/sweet-seeds_jack-47-f1-fast-version-31-semillas\\\/\"]}]},{\"@type\":\"ImageObject\",\"inLanguage\":\"fr-FR\",\"@id\":\"https:\\\/\\\/desertgrass.es\\\/producto\\\/sweet-seeds_jack-47-f1-fast-version-31-semillas\\\/#primaryimage\",\"url\":\"https:\\\/\\\/desertgrass.es\\\/wp-content\\\/uploads\\\/2024\\\/06\\\/SWEET-SEEDS_JACK-47-F1-FAST-VERSION-31-SEMILLAS.jpg\",\"contentUrl\":\"https:\\\/\\\/desertgrass.es\\\/wp-content\\\/uploads\\\/2024\\\/06\\\/SWEET-SEEDS_JACK-47-F1-FAST-VERSION-31-SEMILLAS.jpg\",\"width\":587,\"height\":800,\"caption\":\"SWEET SEEDS JACK 47 F1 FAST VERSION 3 1 SEMILLAS\"},{\"@type\":\"BreadcrumbList\",\"@id\":\"https:\\\/\\\/desertgrass.es\\\/producto\\\/sweet-seeds_jack-47-f1-fast-version-31-semillas\\\/#breadcrumb\",\"itemListElement\":[{\"@type\":\"ListItem\",\"position\":1,\"name\":\"Portada\",\"item\":\"https:\\\/\\\/desertgrass.es\\\/\"},{\"@type\":\"ListItem\",\"position\":2,\"name\":\"Tienda Online de Plantas en Almer\u00eda\",\"item\":\"https:\\\/\\\/desertgrass.es\\\/tienda\\\/\"},{\"@type\":\"ListItem\",\"position\":3,\"name\":\"SWEET SEEDS_JACK 47 F1 FAST VERSION 3+1 SEMILLAS\"}]},{\"@type\":\"WebSite\",\"@id\":\"https:\\\/\\\/desertgrass.es\\\/#website\",\"url\":\"https:\\\/\\\/desertgrass.es\\\/\",\"name\":\"desertgrass.es\",\"description\":\"Ofrecemos una amplia selecci\u00f3n de plantas para que puedas crear tu propio oasis verde en casa.\",\"publisher\":{\"@id\":\"https:\\\/\\\/desertgrass.es\\\/#organization\"},\"potentialAction\":[{\"@type\":\"SearchAction\",\"target\":{\"@type\":\"EntryPoint\",\"urlTemplate\":\"https:\\\/\\\/desertgrass.es\\\/?s={search_term_string}\"},\"query-input\":{\"@type\":\"PropertyValueSpecification\",\"valueRequired\":true,\"valueName\":\"search_term_string\"}}],\"inLanguage\":\"fr-FR\"},{\"@type\":\"Organization\",\"@id\":\"https:\\\/\\\/desertgrass.es\\\/#organization\",\"name\":\"desertgrass.es\",\"url\":\"https:\\\/\\\/desertgrass.es\\\/\",\"logo\":{\"@type\":\"ImageObject\",\"inLanguage\":\"fr-FR\",\"@id\":\"https:\\\/\\\/desertgrass.es\\\/#\\\/schema\\\/logo\\\/image\\\/\",\"url\":\"https:\\\/\\\/desertgrass.es\\\/wp-content\\\/uploads\\\/2023\\\/03\\\/logotipo-desertgrass.png\",\"contentUrl\":\"https:\\\/\\\/desertgrass.es\\\/wp-content\\\/uploads\\\/2023\\\/03\\\/logotipo-desertgrass.png\",\"width\":260,\"height\":100,\"caption\":\"desertgrass.es\"},\"image\":{\"@id\":\"https:\\\/\\\/desertgrass.es\\\/#\\\/schema\\\/logo\\\/image\\\/\"},\"sameAs\":[\"https:\\\/\\\/es-es.facebook.com\\\/desertgrass.albox\\\/\"]}]}<\/script>\n<!-- \/ Yoast SEO plugin. -->","yoast_head_json":{"title":"SWEET SEEDS_JACK 47 F1 FAST VERSION 3+1 SEMILLAS - Desert Grass","robots":{"index":"index","follow":"follow","max-snippet":"max-snippet:-1","max-image-preview":"max-image-preview:large","max-video-preview":"max-video-preview:-1"},"canonical":"https:\/\/desertgrass.es\/producto\/sweet-seeds_jack-47-f1-fast-version-31-semillas\/","og_locale":"fr_FR","og_type":"article","og_title":"SWEET SEEDS_JACK 47 F1 FAST VERSION 3+1 SEMILLAS - Desert Grass","og_description":"Versi\u00f3n feminizada y fotodependiente, de floraci\u00f3n ultrarr\u00e1pida, de una de las variedades m\u00e1s potentes de nuestro cat\u00e1logo.","og_url":"https:\/\/desertgrass.es\/producto\/sweet-seeds_jack-47-f1-fast-version-31-semillas\/","og_site_name":"Desert Grass","article_publisher":"https:\/\/es-es.facebook.com\/desertgrass.albox\/","og_image":[{"width":587,"height":800,"url":"https:\/\/desertgrass.es\/wp-content\/uploads\/2024\/06\/SWEET-SEEDS_JACK-47-F1-FAST-VERSION-31-SEMILLAS.jpg","type":"image\/jpeg"}],"twitter_misc":{"Dur\u00e9e de lecture estim\u00e9e":"1 minute"},"schema":{"@context":"https:\/\/schema.org","@graph":[{"@type":"WebPage","@id":"https:\/\/desertgrass.es\/producto\/sweet-seeds_jack-47-f1-fast-version-31-semillas\/","url":"https:\/\/desertgrass.es\/producto\/sweet-seeds_jack-47-f1-fast-version-31-semillas\/","name":"SWEET SEEDS_JACK 47 F1 FAST VERSION 3+1 SEMILLAS - Desert Grass","isPartOf":{"@id":"https:\/\/desertgrass.es\/#website"},"primaryImageOfPage":{"@id":"https:\/\/desertgrass.es\/producto\/sweet-seeds_jack-47-f1-fast-version-31-semillas\/#primaryimage"},"image":{"@id":"https:\/\/desertgrass.es\/producto\/sweet-seeds_jack-47-f1-fast-version-31-semillas\/#primaryimage"},"thumbnailUrl":"https:\/\/desertgrass.es\/wp-content\/uploads\/2024\/06\/SWEET-SEEDS_JACK-47-F1-FAST-VERSION-31-SEMILLAS.jpg","datePublished":"2024-06-26T08:32:00+00:00","breadcrumb":{"@id":"https:\/\/desertgrass.es\/producto\/sweet-seeds_jack-47-f1-fast-version-31-semillas\/#breadcrumb"},"inLanguage":"fr-FR","potentialAction":[{"@type":"ReadAction","target":["https:\/\/desertgrass.es\/producto\/sweet-seeds_jack-47-f1-fast-version-31-semillas\/"]}]},{"@type":"ImageObject","inLanguage":"fr-FR","@id":"https:\/\/desertgrass.es\/producto\/sweet-seeds_jack-47-f1-fast-version-31-semillas\/#primaryimage","url":"https:\/\/desertgrass.es\/wp-content\/uploads\/2024\/06\/SWEET-SEEDS_JACK-47-F1-FAST-VERSION-31-SEMILLAS.jpg","contentUrl":"https:\/\/desertgrass.es\/wp-content\/uploads\/2024\/06\/SWEET-SEEDS_JACK-47-F1-FAST-VERSION-31-SEMILLAS.jpg","width":587,"height":800,"caption":"SWEET SEEDS JACK 47 F1 FAST VERSION 3 1 SEMILLAS"},{"@type":"BreadcrumbList","@id":"https:\/\/desertgrass.es\/producto\/sweet-seeds_jack-47-f1-fast-version-31-semillas\/#breadcrumb","itemListElement":[{"@type":"ListItem","position":1,"name":"Portada","item":"https:\/\/desertgrass.es\/"},{"@type":"ListItem","position":2,"name":"Tienda Online de Plantas en Almer\u00eda","item":"https:\/\/desertgrass.es\/tienda\/"},{"@type":"ListItem","position":3,"name":"SWEET SEEDS_JACK 47 F1 FAST VERSION 3+1 SEMILLAS"}]},{"@type":"WebSite","@id":"https:\/\/desertgrass.es\/#website","url":"https:\/\/desertgrass.es\/","name":"desertgrass.es","description":"Ofrecemos una amplia selecci\u00f3n de plantas para que puedas crear tu propio oasis verde en casa.","publisher":{"@id":"https:\/\/desertgrass.es\/#organization"},"potentialAction":[{"@type":"SearchAction","target":{"@type":"EntryPoint","urlTemplate":"https:\/\/desertgrass.es\/?s={search_term_string}"},"query-input":{"@type":"PropertyValueSpecification","valueRequired":true,"valueName":"search_term_string"}}],"inLanguage":"fr-FR"},{"@type":"Organization","@id":"https:\/\/desertgrass.es\/#organization","name":"desertgrass.es","url":"https:\/\/desertgrass.es\/","logo":{"@type":"ImageObject","inLanguage":"fr-FR","@id":"https:\/\/desertgrass.es\/#\/schema\/logo\/image\/","url":"https:\/\/desertgrass.es\/wp-content\/uploads\/2023\/03\/logotipo-desertgrass.png","contentUrl":"https:\/\/desertgrass.es\/wp-content\/uploads\/2023\/03\/logotipo-desertgrass.png","width":260,"height":100,"caption":"desertgrass.es"},"image":{"@id":"https:\/\/desertgrass.es\/#\/schema\/logo\/image\/"},"sameAs":["https:\/\/es-es.facebook.com\/desertgrass.albox\/"]}]}},"_links":{"self":[{"href":"https:\/\/desertgrass.es\/fr\/wp-json\/wp\/v2\/product\/3937","targetHints":{"allow":["GET"]}}],"collection":[{"href":"https:\/\/desertgrass.es\/fr\/wp-json\/wp\/v2\/product"}],"about":[{"href":"https:\/\/desertgrass.es\/fr\/wp-json\/wp\/v2\/types\/product"}],"replies":[{"embeddable":true,"href":"https:\/\/desertgrass.es\/fr\/wp-json\/wp\/v2\/comments?post=3937"}],"wp:featuredmedia":[{"embeddable":true,"href":"https:\/\/desertgrass.es\/fr\/wp-json\/wp\/v2\/media\/3967"}],"wp:attachment":[{"href":"https:\/\/desertgrass.es\/fr\/wp-json\/wp\/v2\/media?parent=3937"}],"wp:term":[{"taxonomy":"product_brand","embeddable":true,"href":"https:\/\/desertgrass.es\/fr\/wp-json\/wp\/v2\/product_brand?post=3937"},{"taxonomy":"product_cat","embeddable":true,"href":"https:\/\/desertgrass.es\/fr\/wp-json\/wp\/v2\/product_cat?post=3937"},{"taxonomy":"product_tag","embeddable":true,"href":"https:\/\/desertgrass.es\/fr\/wp-json\/wp\/v2\/product_tag?post=3937"}],"curies":[{"name":"wp","href":"https:\/\/api.w.org\/{rel}","templated":true}]}}