{"id":3929,"date":"2024-06-26T10:31:54","date_gmt":"2024-06-26T08:31:54","guid":{"rendered":"https:\/\/desertgrass.es\/producto\/sweet-seeds_cream-caramel-cbd-31-semillas\/"},"modified":"2024-06-26T10:31:54","modified_gmt":"2024-06-26T08:31:54","slug":"sweet-seeds_cream-caramel-cbd-31-semillas","status":"publish","type":"product","link":"https:\/\/desertgrass.es\/fr\/producto\/sweet-seeds_cream-caramel-cbd-31-semillas\/","title":{"rendered":"SWEET SEEDS_CREAM CARAMEL CBD 3+1 SEMILLAS"},"content":{"rendered":"<p>DESCRIPCI\u00d3N CREAM CARAMEL CBD\u00ae<\/p>\n<p>Versi\u00f3n rica en cannabidiol (CBD) de una de las variedades m\u00e1s apreciadas del cat\u00e1logo de Sweet Seeds\u00ae, nuestra Cream Caramel\u00ae (SWS04). Cream Caramel CBD\u00ae (SWS67) es el resultado del cruce entre nuestra Cream Caramel\u00ae y un clon seleccionado de ancestros Diesel rico en CBD.<\/p>\n<p>Cream Caramel CBD\u00ae tiene un ratio THC:CBD que se sit\u00faa entre 1:1 y 1:2.<\/p>\n<p>Variedad con una estructura principalmente de planta \u00edndica, un gran cogollo principal y buena ramificaci\u00f3n de las ramas secundarias. Posee un tallo fuerte y ramas secundarias largas y flexibles.<\/p>\n<p>Los aromas y sabores de esta variedad son dulces y acaramelados con un fondo de tonos terrosos y pinceladas frescas de cipr\u00e9s y c\u00edtricos.<\/p>\n<p>&#8212;&#8212;&#8212;&#8212;&#8212;&#8212;&#8212;&#8212;&#8212;&#8212;&#8212;&#8212;&#8212;&#8212;&#8212;&#8212;&#8212;&#8212;&#8212;&#8212;&#8212;&#8212;&#8212;&#8212;&#8212;&#8212;&#8212;&#8212;&#8212;&#8212;&#8212;&#8212;&#8212;&#8212;&#8212;&#8212;&#8212;&#8212;&#8212;&#8212;&#8212;&#8212;&#8212;&#8212;&#8212;&#8212;&#8212;&#8212;&#8212;&#8212;&#8212;&#8212;&#8212;&#8212;&#8212;&#8212;&#8212;&#8212;&#8212;&#8212;&#8212;&#8212;&#8212;&#8212;&#8212;&#8212;&#8212;&#8212;&#8212;-<\/p>\n<p>FICHA T\u00c9CNICA CREAM CARAMEL CBD\u00ae<\/p>\n<p>Variedad: SWS67<\/p>\n<p>\u00cdndica: 70%<\/p>\n<p>Sativa: 30%<\/p>\n<p>THC: 7-15%<\/p>\n<p>CBD: 9-17%<\/p>\n<p>Ratio THC:CBD: (1:1-1:2)<\/p>\n<p>Producci\u00f3n Interior: 400-550 g\/m\u00b2<\/p>\n<p>Producci\u00f3n Exterior: 375-600 g\/planta<\/p>\n<p>Floraci\u00f3n Interior: 8 semanas<\/p>\n<p>Efectos: Relajante, Medicinal, Apetito<\/p>\n<p>Sabor: C\u00edtrico, Terroso, Caramelo, Cipr\u00e9s, Dulce<\/p>\n","protected":false},"excerpt":{"rendered":"<p>Versi\u00f3n rica en cannabidiol (CBD) de una de las variedades m\u00e1s apreciadas del cat\u00e1logo de Sweet Seeds\u00ae, nuestra Cream Caramel\u00ae (SWS04). <\/p>\n","protected":false},"featured_media":3951,"comment_status":"open","ping_status":"closed","template":"","meta":{"_eb_attr":"","site-sidebar-layout":"default","site-content-layout":"","ast-site-content-layout":"","site-content-style":"default","site-sidebar-style":"default","ast-global-header-display":"","ast-banner-title-visibility":"","ast-main-header-display":"","ast-hfb-above-header-display":"","ast-hfb-below-header-display":"","ast-hfb-mobile-header-display":"","site-post-title":"","ast-breadcrumbs-content":"","ast-featured-img":"","footer-sml-layout":"","theme-transparent-header-meta":"","adv-header-id-meta":"","stick-header-meta":"","header-above-stick-meta":"","header-main-stick-meta":"","header-below-stick-meta":"","astra-migrate-meta-layouts":"default","ast-page-background-enabled":"default","ast-page-background-meta":{"desktop":{"background-color":"","background-image":"","background-repeat":"repeat","background-position":"center center","background-size":"auto","background-attachment":"scroll","background-type":"","background-media":"","overlay-type":"","overlay-color":"","overlay-opacity":"","overlay-gradient":""},"tablet":{"background-color":"","background-image":"","background-repeat":"repeat","background-position":"center center","background-size":"auto","background-attachment":"scroll","background-type":"","background-media":"","overlay-type":"","overlay-color":"","overlay-opacity":"","overlay-gradient":""},"mobile":{"background-color":"","background-image":"","background-repeat":"repeat","background-position":"center center","background-size":"auto","background-attachment":"scroll","background-type":"","background-media":"","overlay-type":"","overlay-color":"","overlay-opacity":"","overlay-gradient":""}},"ast-content-background-meta":{"desktop":{"background-color":"var(--ast-global-color-5)","background-image":"","background-repeat":"repeat","background-position":"center center","background-size":"auto","background-attachment":"scroll","background-type":"","background-media":"","overlay-type":"","overlay-color":"","overlay-opacity":"","overlay-gradient":""},"tablet":{"background-color":"var(--ast-global-color-5)","background-image":"","background-repeat":"repeat","background-position":"center center","background-size":"auto","background-attachment":"scroll","background-type":"","background-media":"","overlay-type":"","overlay-color":"","overlay-opacity":"","overlay-gradient":""},"mobile":{"background-color":"var(--ast-global-color-5)","background-image":"","background-repeat":"repeat","background-position":"center center","background-size":"auto","background-attachment":"scroll","background-type":"","background-media":"","overlay-type":"","overlay-color":"","overlay-opacity":"","overlay-gradient":""}}},"product_brand":[],"product_cat":[205,220],"product_tag":[],"class_list":{"0":"post-3929","1":"product","2":"type-product","3":"status-publish","4":"has-post-thumbnail","6":"product_cat-jardineria","7":"product_cat-1-2-semillas","8":"desktop-align-center","9":"tablet-align-center","10":"mobile-align-center","11":"ast-product-gallery-layout-horizontal","12":"ast-product-gallery-with-no-image","13":"ast-product-tabs-layout-horizontal","15":"first","16":"outofstock","17":"taxable","18":"shipping-taxable","19":"purchasable","20":"product-type-simple"},"yoast_head":"<!-- This site is optimized with the Yoast SEO plugin v27.4 - https:\/\/yoast.com\/product\/yoast-seo-wordpress\/ -->\n<title>SWEET SEEDS_CREAM CARAMEL CBD 3+1 SEMILLAS - Desert Grass<\/title>\n<meta name=\"robots\" content=\"index, follow, max-snippet:-1, max-image-preview:large, max-video-preview:-1\" \/>\n<link rel=\"canonical\" href=\"https:\/\/desertgrass.es\/producto\/sweet-seeds_cream-caramel-cbd-31-semillas\/\" \/>\n<meta property=\"og:locale\" content=\"fr_FR\" \/>\n<meta property=\"og:type\" content=\"article\" \/>\n<meta property=\"og:title\" content=\"SWEET SEEDS_CREAM CARAMEL CBD 3+1 SEMILLAS - Desert Grass\" \/>\n<meta property=\"og:description\" content=\"Versi\u00f3n rica en cannabidiol (CBD) de una de las variedades m\u00e1s apreciadas del cat\u00e1logo de Sweet Seeds\u00ae, nuestra Cream Caramel\u00ae (SWS04).\" \/>\n<meta property=\"og:url\" content=\"https:\/\/desertgrass.es\/producto\/sweet-seeds_cream-caramel-cbd-31-semillas\/\" \/>\n<meta property=\"og:site_name\" content=\"Desert Grass\" \/>\n<meta property=\"article:publisher\" content=\"https:\/\/es-es.facebook.com\/desertgrass.albox\/\" \/>\n<meta property=\"og:image\" content=\"https:\/\/desertgrass.es\/wp-content\/uploads\/2024\/06\/SWEET-SEEDS_CREAM-CARAMEL-CBD-31-SEMILLAS.jpg\" \/>\n\t<meta property=\"og:image:width\" content=\"587\" \/>\n\t<meta property=\"og:image:height\" content=\"800\" \/>\n\t<meta property=\"og:image:type\" content=\"image\/jpeg\" \/>\n<meta name=\"twitter:label1\" content=\"Dur\u00e9e de lecture estim\u00e9e\" \/>\n\t<meta name=\"twitter:data1\" content=\"1 minute\" \/>\n<script type=\"application\/ld+json\" class=\"yoast-schema-graph\">{\"@context\":\"https:\\\/\\\/schema.org\",\"@graph\":[{\"@type\":\"WebPage\",\"@id\":\"https:\\\/\\\/desertgrass.es\\\/producto\\\/sweet-seeds_cream-caramel-cbd-31-semillas\\\/\",\"url\":\"https:\\\/\\\/desertgrass.es\\\/producto\\\/sweet-seeds_cream-caramel-cbd-31-semillas\\\/\",\"name\":\"SWEET SEEDS_CREAM CARAMEL CBD 3+1 SEMILLAS - Desert Grass\",\"isPartOf\":{\"@id\":\"https:\\\/\\\/desertgrass.es\\\/#website\"},\"primaryImageOfPage\":{\"@id\":\"https:\\\/\\\/desertgrass.es\\\/producto\\\/sweet-seeds_cream-caramel-cbd-31-semillas\\\/#primaryimage\"},\"image\":{\"@id\":\"https:\\\/\\\/desertgrass.es\\\/producto\\\/sweet-seeds_cream-caramel-cbd-31-semillas\\\/#primaryimage\"},\"thumbnailUrl\":\"https:\\\/\\\/desertgrass.es\\\/wp-content\\\/uploads\\\/2024\\\/06\\\/SWEET-SEEDS_CREAM-CARAMEL-CBD-31-SEMILLAS.jpg\",\"datePublished\":\"2024-06-26T08:31:54+00:00\",\"breadcrumb\":{\"@id\":\"https:\\\/\\\/desertgrass.es\\\/producto\\\/sweet-seeds_cream-caramel-cbd-31-semillas\\\/#breadcrumb\"},\"inLanguage\":\"fr-FR\",\"potentialAction\":[{\"@type\":\"ReadAction\",\"target\":[\"https:\\\/\\\/desertgrass.es\\\/producto\\\/sweet-seeds_cream-caramel-cbd-31-semillas\\\/\"]}]},{\"@type\":\"ImageObject\",\"inLanguage\":\"fr-FR\",\"@id\":\"https:\\\/\\\/desertgrass.es\\\/producto\\\/sweet-seeds_cream-caramel-cbd-31-semillas\\\/#primaryimage\",\"url\":\"https:\\\/\\\/desertgrass.es\\\/wp-content\\\/uploads\\\/2024\\\/06\\\/SWEET-SEEDS_CREAM-CARAMEL-CBD-31-SEMILLAS.jpg\",\"contentUrl\":\"https:\\\/\\\/desertgrass.es\\\/wp-content\\\/uploads\\\/2024\\\/06\\\/SWEET-SEEDS_CREAM-CARAMEL-CBD-31-SEMILLAS.jpg\",\"width\":587,\"height\":800,\"caption\":\"SWEET SEEDS CREAM CARAMEL CBD 3 1 SEMILLAS\"},{\"@type\":\"BreadcrumbList\",\"@id\":\"https:\\\/\\\/desertgrass.es\\\/producto\\\/sweet-seeds_cream-caramel-cbd-31-semillas\\\/#breadcrumb\",\"itemListElement\":[{\"@type\":\"ListItem\",\"position\":1,\"name\":\"Portada\",\"item\":\"https:\\\/\\\/desertgrass.es\\\/\"},{\"@type\":\"ListItem\",\"position\":2,\"name\":\"Tienda Online de Plantas en Almer\u00eda\",\"item\":\"https:\\\/\\\/desertgrass.es\\\/tienda\\\/\"},{\"@type\":\"ListItem\",\"position\":3,\"name\":\"SWEET SEEDS_CREAM CARAMEL CBD 3+1 SEMILLAS\"}]},{\"@type\":\"WebSite\",\"@id\":\"https:\\\/\\\/desertgrass.es\\\/#website\",\"url\":\"https:\\\/\\\/desertgrass.es\\\/\",\"name\":\"desertgrass.es\",\"description\":\"Ofrecemos una amplia selecci\u00f3n de plantas para que puedas crear tu propio oasis verde en casa.\",\"publisher\":{\"@id\":\"https:\\\/\\\/desertgrass.es\\\/#organization\"},\"potentialAction\":[{\"@type\":\"SearchAction\",\"target\":{\"@type\":\"EntryPoint\",\"urlTemplate\":\"https:\\\/\\\/desertgrass.es\\\/?s={search_term_string}\"},\"query-input\":{\"@type\":\"PropertyValueSpecification\",\"valueRequired\":true,\"valueName\":\"search_term_string\"}}],\"inLanguage\":\"fr-FR\"},{\"@type\":\"Organization\",\"@id\":\"https:\\\/\\\/desertgrass.es\\\/#organization\",\"name\":\"desertgrass.es\",\"url\":\"https:\\\/\\\/desertgrass.es\\\/\",\"logo\":{\"@type\":\"ImageObject\",\"inLanguage\":\"fr-FR\",\"@id\":\"https:\\\/\\\/desertgrass.es\\\/#\\\/schema\\\/logo\\\/image\\\/\",\"url\":\"https:\\\/\\\/desertgrass.es\\\/wp-content\\\/uploads\\\/2023\\\/03\\\/logotipo-desertgrass.png\",\"contentUrl\":\"https:\\\/\\\/desertgrass.es\\\/wp-content\\\/uploads\\\/2023\\\/03\\\/logotipo-desertgrass.png\",\"width\":260,\"height\":100,\"caption\":\"desertgrass.es\"},\"image\":{\"@id\":\"https:\\\/\\\/desertgrass.es\\\/#\\\/schema\\\/logo\\\/image\\\/\"},\"sameAs\":[\"https:\\\/\\\/es-es.facebook.com\\\/desertgrass.albox\\\/\"]}]}<\/script>\n<!-- \/ Yoast SEO plugin. -->","yoast_head_json":{"title":"SWEET SEEDS_CREAM CARAMEL CBD 3+1 SEMILLAS - Desert Grass","robots":{"index":"index","follow":"follow","max-snippet":"max-snippet:-1","max-image-preview":"max-image-preview:large","max-video-preview":"max-video-preview:-1"},"canonical":"https:\/\/desertgrass.es\/producto\/sweet-seeds_cream-caramel-cbd-31-semillas\/","og_locale":"fr_FR","og_type":"article","og_title":"SWEET SEEDS_CREAM CARAMEL CBD 3+1 SEMILLAS - Desert Grass","og_description":"Versi\u00f3n rica en cannabidiol (CBD) de una de las variedades m\u00e1s apreciadas del cat\u00e1logo de Sweet Seeds\u00ae, nuestra Cream Caramel\u00ae (SWS04).","og_url":"https:\/\/desertgrass.es\/producto\/sweet-seeds_cream-caramel-cbd-31-semillas\/","og_site_name":"Desert Grass","article_publisher":"https:\/\/es-es.facebook.com\/desertgrass.albox\/","og_image":[{"width":587,"height":800,"url":"https:\/\/desertgrass.es\/wp-content\/uploads\/2024\/06\/SWEET-SEEDS_CREAM-CARAMEL-CBD-31-SEMILLAS.jpg","type":"image\/jpeg"}],"twitter_misc":{"Dur\u00e9e de lecture estim\u00e9e":"1 minute"},"schema":{"@context":"https:\/\/schema.org","@graph":[{"@type":"WebPage","@id":"https:\/\/desertgrass.es\/producto\/sweet-seeds_cream-caramel-cbd-31-semillas\/","url":"https:\/\/desertgrass.es\/producto\/sweet-seeds_cream-caramel-cbd-31-semillas\/","name":"SWEET SEEDS_CREAM CARAMEL CBD 3+1 SEMILLAS - Desert Grass","isPartOf":{"@id":"https:\/\/desertgrass.es\/#website"},"primaryImageOfPage":{"@id":"https:\/\/desertgrass.es\/producto\/sweet-seeds_cream-caramel-cbd-31-semillas\/#primaryimage"},"image":{"@id":"https:\/\/desertgrass.es\/producto\/sweet-seeds_cream-caramel-cbd-31-semillas\/#primaryimage"},"thumbnailUrl":"https:\/\/desertgrass.es\/wp-content\/uploads\/2024\/06\/SWEET-SEEDS_CREAM-CARAMEL-CBD-31-SEMILLAS.jpg","datePublished":"2024-06-26T08:31:54+00:00","breadcrumb":{"@id":"https:\/\/desertgrass.es\/producto\/sweet-seeds_cream-caramel-cbd-31-semillas\/#breadcrumb"},"inLanguage":"fr-FR","potentialAction":[{"@type":"ReadAction","target":["https:\/\/desertgrass.es\/producto\/sweet-seeds_cream-caramel-cbd-31-semillas\/"]}]},{"@type":"ImageObject","inLanguage":"fr-FR","@id":"https:\/\/desertgrass.es\/producto\/sweet-seeds_cream-caramel-cbd-31-semillas\/#primaryimage","url":"https:\/\/desertgrass.es\/wp-content\/uploads\/2024\/06\/SWEET-SEEDS_CREAM-CARAMEL-CBD-31-SEMILLAS.jpg","contentUrl":"https:\/\/desertgrass.es\/wp-content\/uploads\/2024\/06\/SWEET-SEEDS_CREAM-CARAMEL-CBD-31-SEMILLAS.jpg","width":587,"height":800,"caption":"SWEET SEEDS CREAM CARAMEL CBD 3 1 SEMILLAS"},{"@type":"BreadcrumbList","@id":"https:\/\/desertgrass.es\/producto\/sweet-seeds_cream-caramel-cbd-31-semillas\/#breadcrumb","itemListElement":[{"@type":"ListItem","position":1,"name":"Portada","item":"https:\/\/desertgrass.es\/"},{"@type":"ListItem","position":2,"name":"Tienda Online de Plantas en Almer\u00eda","item":"https:\/\/desertgrass.es\/tienda\/"},{"@type":"ListItem","position":3,"name":"SWEET SEEDS_CREAM CARAMEL CBD 3+1 SEMILLAS"}]},{"@type":"WebSite","@id":"https:\/\/desertgrass.es\/#website","url":"https:\/\/desertgrass.es\/","name":"desertgrass.es","description":"Ofrecemos una amplia selecci\u00f3n de plantas para que puedas crear tu propio oasis verde en casa.","publisher":{"@id":"https:\/\/desertgrass.es\/#organization"},"potentialAction":[{"@type":"SearchAction","target":{"@type":"EntryPoint","urlTemplate":"https:\/\/desertgrass.es\/?s={search_term_string}"},"query-input":{"@type":"PropertyValueSpecification","valueRequired":true,"valueName":"search_term_string"}}],"inLanguage":"fr-FR"},{"@type":"Organization","@id":"https:\/\/desertgrass.es\/#organization","name":"desertgrass.es","url":"https:\/\/desertgrass.es\/","logo":{"@type":"ImageObject","inLanguage":"fr-FR","@id":"https:\/\/desertgrass.es\/#\/schema\/logo\/image\/","url":"https:\/\/desertgrass.es\/wp-content\/uploads\/2023\/03\/logotipo-desertgrass.png","contentUrl":"https:\/\/desertgrass.es\/wp-content\/uploads\/2023\/03\/logotipo-desertgrass.png","width":260,"height":100,"caption":"desertgrass.es"},"image":{"@id":"https:\/\/desertgrass.es\/#\/schema\/logo\/image\/"},"sameAs":["https:\/\/es-es.facebook.com\/desertgrass.albox\/"]}]}},"_links":{"self":[{"href":"https:\/\/desertgrass.es\/fr\/wp-json\/wp\/v2\/product\/3929","targetHints":{"allow":["GET"]}}],"collection":[{"href":"https:\/\/desertgrass.es\/fr\/wp-json\/wp\/v2\/product"}],"about":[{"href":"https:\/\/desertgrass.es\/fr\/wp-json\/wp\/v2\/types\/product"}],"replies":[{"embeddable":true,"href":"https:\/\/desertgrass.es\/fr\/wp-json\/wp\/v2\/comments?post=3929"}],"wp:featuredmedia":[{"embeddable":true,"href":"https:\/\/desertgrass.es\/fr\/wp-json\/wp\/v2\/media\/3951"}],"wp:attachment":[{"href":"https:\/\/desertgrass.es\/fr\/wp-json\/wp\/v2\/media?parent=3929"}],"wp:term":[{"taxonomy":"product_brand","embeddable":true,"href":"https:\/\/desertgrass.es\/fr\/wp-json\/wp\/v2\/product_brand?post=3929"},{"taxonomy":"product_cat","embeddable":true,"href":"https:\/\/desertgrass.es\/fr\/wp-json\/wp\/v2\/product_cat?post=3929"},{"taxonomy":"product_tag","embeddable":true,"href":"https:\/\/desertgrass.es\/fr\/wp-json\/wp\/v2\/product_tag?post=3929"}],"curies":[{"name":"wp","href":"https:\/\/api.w.org\/{rel}","templated":true}]}}