{"id":3901,"date":"2024-05-29T15:55:31","date_gmt":"2024-05-29T13:55:31","guid":{"rendered":"https:\/\/desertgrass.es\/producto\/sweet-seeds_green-poison-xl-auto-31-semillas\/"},"modified":"2024-05-29T15:55:31","modified_gmt":"2024-05-29T13:55:31","slug":"sweet-seeds_green-poison-xl-auto-31-semillas","status":"publish","type":"product","link":"https:\/\/desertgrass.es\/fr\/producto\/sweet-seeds_green-poison-xl-auto-31-semillas\/","title":{"rendered":"SWEET SEEDS_GREEN POISON XL AUTO 3+1 SEMILLAS"},"content":{"rendered":"<p>DESCRIPCI\u00d3N GREEN POISON XL AUTO\u00ae<\/p>\n<p>Autofloreciente de 3\u00aa Generaci\u00f3n. Versi\u00f3n de talla alta de una de nuestras autoflorecientes m\u00e1s apreciadas, la Green Poison Auto\u00ae (SWS30).<\/p>\n<p>Green Poison XL Auto\u00ae (SWS71) se ha desarrollado mediante un programa de selecci\u00f3n recurrente de individuos de talla alta de Green Poison Auto\u00ae durante m\u00faltiples generaciones. Estas semillas producen plantas con una altura un 25% superior a sus antecesoras, con una producci\u00f3n de flores y resina igualmente superior.<\/p>\n<p>Los aromas y sabores son muy agradables e intensos, con tonos dulces y afrutados, fondo dulce de Skunk y pinceladas que recuerdan a r\u00facula y nueces.<\/p>\n<p>&#8212;&#8212;&#8212;&#8212;&#8212;&#8212;&#8212;&#8212;&#8212;&#8212;&#8212;&#8212;&#8212;&#8212;&#8212;&#8212;&#8212;&#8212;&#8212;&#8212;&#8212;&#8212;&#8212;&#8212;&#8212;&#8212;&#8212;&#8212;&#8212;&#8212;&#8212;&#8212;&#8212;&#8212;&#8212;&#8212;&#8212;&#8212;&#8212;&#8212;&#8212;&#8212;&#8212;&#8212;&#8212;&#8212;&#8212;&#8212;&#8212;&#8212;&#8212;&#8212;&#8212;&#8212;&#8212;&#8212;&#8212;&#8212;&#8212;&#8212;&#8212;&#8212;&#8212;&#8212;&#8212;&#8212;&#8212;&#8212;&#8212;-<\/p>\n<p>FICHA T\u00c9CNICA GREEN POISON XL AUTO\u00ae<\/p>\n<p>Variedad: SWS71<\/p>\n<p>\u00cdndica: 56,9%<\/p>\n<p>Sativa: 40%<\/p>\n<p>Ruderalis: 3,1%<\/p>\n<p>THC: 15-20%<\/p>\n<p>CBD: 0,07%<\/p>\n<p>Producci\u00f3n Interior: 450-600 g\/m\u00b2<\/p>\n<p>Producci\u00f3n Exterior: 60-250 g\/planta<\/p>\n<p>Cosecha Interior\/Exterior: 8 semanas desde la germinaci\u00f3n<\/p>\n<p>Altura: 80-125 cm<\/p>\n<p>Efectos: Felicidad, Psicoactiva, Estimulante<\/p>\n<p>Sabor: Nuez, Afrutado, R\u00facula, Skunk, Dulce<\/p>\n","protected":false},"excerpt":{"rendered":"<p>Autofloreciente de 3\u00aa Generaci\u00f3n. Versi\u00f3n de talla alta de una de nuestras autoflorecientes m\u00e1s apreciadas, la Green Poison Auto\u00ae (SWS30).<\/p>\n","protected":false},"featured_media":3906,"comment_status":"open","ping_status":"closed","template":"","meta":{"_eb_attr":"","site-sidebar-layout":"default","site-content-layout":"","ast-site-content-layout":"","site-content-style":"default","site-sidebar-style":"default","ast-global-header-display":"","ast-banner-title-visibility":"","ast-main-header-display":"","ast-hfb-above-header-display":"","ast-hfb-below-header-display":"","ast-hfb-mobile-header-display":"","site-post-title":"","ast-breadcrumbs-content":"","ast-featured-img":"","footer-sml-layout":"","theme-transparent-header-meta":"","adv-header-id-meta":"","stick-header-meta":"","header-above-stick-meta":"","header-main-stick-meta":"","header-below-stick-meta":"","astra-migrate-meta-layouts":"default","ast-page-background-enabled":"default","ast-page-background-meta":{"desktop":{"background-color":"","background-image":"","background-repeat":"repeat","background-position":"center center","background-size":"auto","background-attachment":"scroll","background-type":"","background-media":"","overlay-type":"","overlay-color":"","overlay-opacity":"","overlay-gradient":""},"tablet":{"background-color":"","background-image":"","background-repeat":"repeat","background-position":"center center","background-size":"auto","background-attachment":"scroll","background-type":"","background-media":"","overlay-type":"","overlay-color":"","overlay-opacity":"","overlay-gradient":""},"mobile":{"background-color":"","background-image":"","background-repeat":"repeat","background-position":"center center","background-size":"auto","background-attachment":"scroll","background-type":"","background-media":"","overlay-type":"","overlay-color":"","overlay-opacity":"","overlay-gradient":""}},"ast-content-background-meta":{"desktop":{"background-color":"var(--ast-global-color-5)","background-image":"","background-repeat":"repeat","background-position":"center center","background-size":"auto","background-attachment":"scroll","background-type":"","background-media":"","overlay-type":"","overlay-color":"","overlay-opacity":"","overlay-gradient":""},"tablet":{"background-color":"var(--ast-global-color-5)","background-image":"","background-repeat":"repeat","background-position":"center center","background-size":"auto","background-attachment":"scroll","background-type":"","background-media":"","overlay-type":"","overlay-color":"","overlay-opacity":"","overlay-gradient":""},"mobile":{"background-color":"var(--ast-global-color-5)","background-image":"","background-repeat":"repeat","background-position":"center center","background-size":"auto","background-attachment":"scroll","background-type":"","background-media":"","overlay-type":"","overlay-color":"","overlay-opacity":"","overlay-gradient":""}}},"product_brand":[],"product_cat":[205,220,15],"product_tag":[],"class_list":{"0":"post-3901","1":"product","2":"type-product","3":"status-publish","4":"has-post-thumbnail","6":"product_cat-jardineria","7":"product_cat-1-2-semillas","8":"product_cat-varios","9":"desktop-align-center","10":"tablet-align-center","11":"mobile-align-center","12":"ast-product-gallery-layout-horizontal","13":"ast-product-gallery-with-no-image","14":"ast-product-tabs-layout-horizontal","16":"first","17":"instock","18":"taxable","19":"shipping-taxable","20":"purchasable","21":"product-type-simple"},"yoast_head":"<!-- This site is optimized with the Yoast SEO plugin v27.4 - https:\/\/yoast.com\/product\/yoast-seo-wordpress\/ -->\n<title>SWEET SEEDS_GREEN POISON XL AUTO 3+1 SEMILLAS - Desert Grass<\/title>\n<meta name=\"robots\" content=\"index, follow, max-snippet:-1, max-image-preview:large, max-video-preview:-1\" \/>\n<link rel=\"canonical\" href=\"https:\/\/desertgrass.es\/producto\/sweet-seeds_green-poison-xl-auto-31-semillas\/\" \/>\n<meta property=\"og:locale\" content=\"fr_FR\" \/>\n<meta property=\"og:type\" content=\"article\" \/>\n<meta property=\"og:title\" content=\"SWEET SEEDS_GREEN POISON XL AUTO 3+1 SEMILLAS - Desert Grass\" \/>\n<meta property=\"og:description\" content=\"Autofloreciente de 3\u00aa Generaci\u00f3n. Versi\u00f3n de talla alta de una de nuestras autoflorecientes m\u00e1s apreciadas, la Green Poison Auto\u00ae (SWS30).\" \/>\n<meta property=\"og:url\" content=\"https:\/\/desertgrass.es\/producto\/sweet-seeds_green-poison-xl-auto-31-semillas\/\" \/>\n<meta property=\"og:site_name\" content=\"Desert Grass\" \/>\n<meta property=\"article:publisher\" content=\"https:\/\/es-es.facebook.com\/desertgrass.albox\/\" \/>\n<meta property=\"og:image\" content=\"https:\/\/desertgrass.es\/wp-content\/uploads\/2024\/05\/SWEET-SEEDS_GREEN-POISON-XL-AUTO-31-SEMILLAS.jpg\" \/>\n\t<meta property=\"og:image:width\" content=\"587\" \/>\n\t<meta property=\"og:image:height\" content=\"800\" \/>\n\t<meta property=\"og:image:type\" content=\"image\/jpeg\" \/>\n<meta name=\"twitter:label1\" content=\"Dur\u00e9e de lecture estim\u00e9e\" \/>\n\t<meta name=\"twitter:data1\" content=\"1 minute\" \/>\n<script type=\"application\/ld+json\" class=\"yoast-schema-graph\">{\"@context\":\"https:\\\/\\\/schema.org\",\"@graph\":[{\"@type\":\"WebPage\",\"@id\":\"https:\\\/\\\/desertgrass.es\\\/producto\\\/sweet-seeds_green-poison-xl-auto-31-semillas\\\/\",\"url\":\"https:\\\/\\\/desertgrass.es\\\/producto\\\/sweet-seeds_green-poison-xl-auto-31-semillas\\\/\",\"name\":\"SWEET SEEDS_GREEN POISON XL AUTO 3+1 SEMILLAS - Desert Grass\",\"isPartOf\":{\"@id\":\"https:\\\/\\\/desertgrass.es\\\/#website\"},\"primaryImageOfPage\":{\"@id\":\"https:\\\/\\\/desertgrass.es\\\/producto\\\/sweet-seeds_green-poison-xl-auto-31-semillas\\\/#primaryimage\"},\"image\":{\"@id\":\"https:\\\/\\\/desertgrass.es\\\/producto\\\/sweet-seeds_green-poison-xl-auto-31-semillas\\\/#primaryimage\"},\"thumbnailUrl\":\"https:\\\/\\\/desertgrass.es\\\/wp-content\\\/uploads\\\/2024\\\/05\\\/SWEET-SEEDS_GREEN-POISON-XL-AUTO-31-SEMILLAS.jpg\",\"datePublished\":\"2024-05-29T13:55:31+00:00\",\"breadcrumb\":{\"@id\":\"https:\\\/\\\/desertgrass.es\\\/producto\\\/sweet-seeds_green-poison-xl-auto-31-semillas\\\/#breadcrumb\"},\"inLanguage\":\"fr-FR\",\"potentialAction\":[{\"@type\":\"ReadAction\",\"target\":[\"https:\\\/\\\/desertgrass.es\\\/producto\\\/sweet-seeds_green-poison-xl-auto-31-semillas\\\/\"]}]},{\"@type\":\"ImageObject\",\"inLanguage\":\"fr-FR\",\"@id\":\"https:\\\/\\\/desertgrass.es\\\/producto\\\/sweet-seeds_green-poison-xl-auto-31-semillas\\\/#primaryimage\",\"url\":\"https:\\\/\\\/desertgrass.es\\\/wp-content\\\/uploads\\\/2024\\\/05\\\/SWEET-SEEDS_GREEN-POISON-XL-AUTO-31-SEMILLAS.jpg\",\"contentUrl\":\"https:\\\/\\\/desertgrass.es\\\/wp-content\\\/uploads\\\/2024\\\/05\\\/SWEET-SEEDS_GREEN-POISON-XL-AUTO-31-SEMILLAS.jpg\",\"width\":587,\"height\":800,\"caption\":\"SWEET SEEDS GREEN POISON XL AUTO 3 1 SEMILLAS\"},{\"@type\":\"BreadcrumbList\",\"@id\":\"https:\\\/\\\/desertgrass.es\\\/producto\\\/sweet-seeds_green-poison-xl-auto-31-semillas\\\/#breadcrumb\",\"itemListElement\":[{\"@type\":\"ListItem\",\"position\":1,\"name\":\"Portada\",\"item\":\"https:\\\/\\\/desertgrass.es\\\/\"},{\"@type\":\"ListItem\",\"position\":2,\"name\":\"Tienda Online de Plantas en Almer\u00eda\",\"item\":\"https:\\\/\\\/desertgrass.es\\\/tienda\\\/\"},{\"@type\":\"ListItem\",\"position\":3,\"name\":\"SWEET SEEDS_GREEN POISON XL AUTO 3+1 SEMILLAS\"}]},{\"@type\":\"WebSite\",\"@id\":\"https:\\\/\\\/desertgrass.es\\\/#website\",\"url\":\"https:\\\/\\\/desertgrass.es\\\/\",\"name\":\"desertgrass.es\",\"description\":\"Ofrecemos una amplia selecci\u00f3n de plantas para que puedas crear tu propio oasis verde en casa.\",\"publisher\":{\"@id\":\"https:\\\/\\\/desertgrass.es\\\/#organization\"},\"potentialAction\":[{\"@type\":\"SearchAction\",\"target\":{\"@type\":\"EntryPoint\",\"urlTemplate\":\"https:\\\/\\\/desertgrass.es\\\/?s={search_term_string}\"},\"query-input\":{\"@type\":\"PropertyValueSpecification\",\"valueRequired\":true,\"valueName\":\"search_term_string\"}}],\"inLanguage\":\"fr-FR\"},{\"@type\":\"Organization\",\"@id\":\"https:\\\/\\\/desertgrass.es\\\/#organization\",\"name\":\"desertgrass.es\",\"url\":\"https:\\\/\\\/desertgrass.es\\\/\",\"logo\":{\"@type\":\"ImageObject\",\"inLanguage\":\"fr-FR\",\"@id\":\"https:\\\/\\\/desertgrass.es\\\/#\\\/schema\\\/logo\\\/image\\\/\",\"url\":\"https:\\\/\\\/desertgrass.es\\\/wp-content\\\/uploads\\\/2023\\\/03\\\/logotipo-desertgrass.png\",\"contentUrl\":\"https:\\\/\\\/desertgrass.es\\\/wp-content\\\/uploads\\\/2023\\\/03\\\/logotipo-desertgrass.png\",\"width\":260,\"height\":100,\"caption\":\"desertgrass.es\"},\"image\":{\"@id\":\"https:\\\/\\\/desertgrass.es\\\/#\\\/schema\\\/logo\\\/image\\\/\"},\"sameAs\":[\"https:\\\/\\\/es-es.facebook.com\\\/desertgrass.albox\\\/\"]}]}<\/script>\n<!-- \/ Yoast SEO plugin. -->","yoast_head_json":{"title":"SWEET SEEDS_GREEN POISON XL AUTO 3+1 SEMILLAS - Desert Grass","robots":{"index":"index","follow":"follow","max-snippet":"max-snippet:-1","max-image-preview":"max-image-preview:large","max-video-preview":"max-video-preview:-1"},"canonical":"https:\/\/desertgrass.es\/producto\/sweet-seeds_green-poison-xl-auto-31-semillas\/","og_locale":"fr_FR","og_type":"article","og_title":"SWEET SEEDS_GREEN POISON XL AUTO 3+1 SEMILLAS - Desert Grass","og_description":"Autofloreciente de 3\u00aa Generaci\u00f3n. Versi\u00f3n de talla alta de una de nuestras autoflorecientes m\u00e1s apreciadas, la Green Poison Auto\u00ae (SWS30).","og_url":"https:\/\/desertgrass.es\/producto\/sweet-seeds_green-poison-xl-auto-31-semillas\/","og_site_name":"Desert Grass","article_publisher":"https:\/\/es-es.facebook.com\/desertgrass.albox\/","og_image":[{"width":587,"height":800,"url":"https:\/\/desertgrass.es\/wp-content\/uploads\/2024\/05\/SWEET-SEEDS_GREEN-POISON-XL-AUTO-31-SEMILLAS.jpg","type":"image\/jpeg"}],"twitter_misc":{"Dur\u00e9e de lecture estim\u00e9e":"1 minute"},"schema":{"@context":"https:\/\/schema.org","@graph":[{"@type":"WebPage","@id":"https:\/\/desertgrass.es\/producto\/sweet-seeds_green-poison-xl-auto-31-semillas\/","url":"https:\/\/desertgrass.es\/producto\/sweet-seeds_green-poison-xl-auto-31-semillas\/","name":"SWEET SEEDS_GREEN POISON XL AUTO 3+1 SEMILLAS - Desert Grass","isPartOf":{"@id":"https:\/\/desertgrass.es\/#website"},"primaryImageOfPage":{"@id":"https:\/\/desertgrass.es\/producto\/sweet-seeds_green-poison-xl-auto-31-semillas\/#primaryimage"},"image":{"@id":"https:\/\/desertgrass.es\/producto\/sweet-seeds_green-poison-xl-auto-31-semillas\/#primaryimage"},"thumbnailUrl":"https:\/\/desertgrass.es\/wp-content\/uploads\/2024\/05\/SWEET-SEEDS_GREEN-POISON-XL-AUTO-31-SEMILLAS.jpg","datePublished":"2024-05-29T13:55:31+00:00","breadcrumb":{"@id":"https:\/\/desertgrass.es\/producto\/sweet-seeds_green-poison-xl-auto-31-semillas\/#breadcrumb"},"inLanguage":"fr-FR","potentialAction":[{"@type":"ReadAction","target":["https:\/\/desertgrass.es\/producto\/sweet-seeds_green-poison-xl-auto-31-semillas\/"]}]},{"@type":"ImageObject","inLanguage":"fr-FR","@id":"https:\/\/desertgrass.es\/producto\/sweet-seeds_green-poison-xl-auto-31-semillas\/#primaryimage","url":"https:\/\/desertgrass.es\/wp-content\/uploads\/2024\/05\/SWEET-SEEDS_GREEN-POISON-XL-AUTO-31-SEMILLAS.jpg","contentUrl":"https:\/\/desertgrass.es\/wp-content\/uploads\/2024\/05\/SWEET-SEEDS_GREEN-POISON-XL-AUTO-31-SEMILLAS.jpg","width":587,"height":800,"caption":"SWEET SEEDS GREEN POISON XL AUTO 3 1 SEMILLAS"},{"@type":"BreadcrumbList","@id":"https:\/\/desertgrass.es\/producto\/sweet-seeds_green-poison-xl-auto-31-semillas\/#breadcrumb","itemListElement":[{"@type":"ListItem","position":1,"name":"Portada","item":"https:\/\/desertgrass.es\/"},{"@type":"ListItem","position":2,"name":"Tienda Online de Plantas en Almer\u00eda","item":"https:\/\/desertgrass.es\/tienda\/"},{"@type":"ListItem","position":3,"name":"SWEET SEEDS_GREEN POISON XL AUTO 3+1 SEMILLAS"}]},{"@type":"WebSite","@id":"https:\/\/desertgrass.es\/#website","url":"https:\/\/desertgrass.es\/","name":"desertgrass.es","description":"Ofrecemos una amplia selecci\u00f3n de plantas para que puedas crear tu propio oasis verde en casa.","publisher":{"@id":"https:\/\/desertgrass.es\/#organization"},"potentialAction":[{"@type":"SearchAction","target":{"@type":"EntryPoint","urlTemplate":"https:\/\/desertgrass.es\/?s={search_term_string}"},"query-input":{"@type":"PropertyValueSpecification","valueRequired":true,"valueName":"search_term_string"}}],"inLanguage":"fr-FR"},{"@type":"Organization","@id":"https:\/\/desertgrass.es\/#organization","name":"desertgrass.es","url":"https:\/\/desertgrass.es\/","logo":{"@type":"ImageObject","inLanguage":"fr-FR","@id":"https:\/\/desertgrass.es\/#\/schema\/logo\/image\/","url":"https:\/\/desertgrass.es\/wp-content\/uploads\/2023\/03\/logotipo-desertgrass.png","contentUrl":"https:\/\/desertgrass.es\/wp-content\/uploads\/2023\/03\/logotipo-desertgrass.png","width":260,"height":100,"caption":"desertgrass.es"},"image":{"@id":"https:\/\/desertgrass.es\/#\/schema\/logo\/image\/"},"sameAs":["https:\/\/es-es.facebook.com\/desertgrass.albox\/"]}]}},"_links":{"self":[{"href":"https:\/\/desertgrass.es\/fr\/wp-json\/wp\/v2\/product\/3901","targetHints":{"allow":["GET"]}}],"collection":[{"href":"https:\/\/desertgrass.es\/fr\/wp-json\/wp\/v2\/product"}],"about":[{"href":"https:\/\/desertgrass.es\/fr\/wp-json\/wp\/v2\/types\/product"}],"replies":[{"embeddable":true,"href":"https:\/\/desertgrass.es\/fr\/wp-json\/wp\/v2\/comments?post=3901"}],"wp:featuredmedia":[{"embeddable":true,"href":"https:\/\/desertgrass.es\/fr\/wp-json\/wp\/v2\/media\/3906"}],"wp:attachment":[{"href":"https:\/\/desertgrass.es\/fr\/wp-json\/wp\/v2\/media?parent=3901"}],"wp:term":[{"taxonomy":"product_brand","embeddable":true,"href":"https:\/\/desertgrass.es\/fr\/wp-json\/wp\/v2\/product_brand?post=3901"},{"taxonomy":"product_cat","embeddable":true,"href":"https:\/\/desertgrass.es\/fr\/wp-json\/wp\/v2\/product_cat?post=3901"},{"taxonomy":"product_tag","embeddable":true,"href":"https:\/\/desertgrass.es\/fr\/wp-json\/wp\/v2\/product_tag?post=3901"}],"curies":[{"name":"wp","href":"https:\/\/api.w.org\/{rel}","templated":true}]}}