{"id":1380,"date":"2023-03-24T13:31:07","date_gmt":"2023-03-24T13:31:07","guid":{"rendered":"https:\/\/desertgrass.es\/producto\/areca-m17\/"},"modified":"2023-03-24T13:31:07","modified_gmt":"2023-03-24T13:31:07","slug":"areca-m17","status":"publish","type":"product","link":"https:\/\/desertgrass.es\/fr\/produit\/areca-m17\/","title":{"rendered":"Areca M17"},"content":{"rendered":"<p>Palmier d&rsquo;int\u00e9rieur appel\u00e9 Dypsis lutescens, \u00e9galement connu sous le nom de \u00ab\u00a0Palmier Bambou\u00a0\u00bb ou \u00ab\u00a0Palmier Dor\u00e9\u00a0\u00bb.<\/p>\n<p>Cette plante tropicale est appr\u00e9ci\u00e9e pour son feuillage gracieux et plumeux compos\u00e9 de feuilles vertes longues, \u00e9troites et brillantes pouvant atteindre 2 m\u00e8tres de long.<\/p>\n<p>L&rsquo;Areca est une plante facile d&rsquo;entretien, n\u00e9cessitant une lumi\u00e8re indirecte et un arrosage r\u00e9gulier, et est tr\u00e8s appr\u00e9ci\u00e9e comme plante d&rsquo;int\u00e9rieur en raison de son aspect tropical et de sa capacit\u00e9 \u00e0 purifier l&rsquo;air.<\/p>\n<p><strong>* Jardini\u00e8re d\u00e9corative non incluse.<\/strong><\/p>\n","protected":false},"excerpt":{"rendered":"<p>L&rsquo;Areca est une plante facile d&rsquo;entretien, n\u00e9cessitant une lumi\u00e8re indirecte et un arrosage r\u00e9gulier, et est tr\u00e8s appr\u00e9ci\u00e9e comme plante d&rsquo;int\u00e9rieur en raison de son aspect tropical et de sa capacit\u00e9 \u00e0 purifier l&rsquo;air.<\/p>\n<p><strong>* Jardini\u00e8re d\u00e9corative non incluse.<\/strong><\/p>\n","protected":false},"featured_media":1307,"comment_status":"open","ping_status":"closed","template":"","meta":{"_eb_attr":"","site-sidebar-layout":"default","site-content-layout":"default","ast-site-content-layout":"","site-content-style":"default","site-sidebar-style":"default","ast-global-header-display":"","ast-banner-title-visibility":"","ast-main-header-display":"","ast-hfb-above-header-display":"","ast-hfb-below-header-display":"","ast-hfb-mobile-header-display":"","site-post-title":"","ast-breadcrumbs-content":"","ast-featured-img":"","footer-sml-layout":"","theme-transparent-header-meta":"default","adv-header-id-meta":"","stick-header-meta":"","header-above-stick-meta":"","header-main-stick-meta":"","header-below-stick-meta":"","astra-migrate-meta-layouts":"default","ast-page-background-enabled":"default","ast-page-background-meta":{"desktop":{"background-color":"","background-image":"","background-repeat":"repeat","background-position":"center center","background-size":"auto","background-attachment":"scroll","background-type":"","background-media":"","overlay-type":"","overlay-color":"","overlay-opacity":"","overlay-gradient":""},"tablet":{"background-color":"","background-image":"","background-repeat":"repeat","background-position":"center center","background-size":"auto","background-attachment":"scroll","background-type":"","background-media":"","overlay-type":"","overlay-color":"","overlay-opacity":"","overlay-gradient":""},"mobile":{"background-color":"","background-image":"","background-repeat":"repeat","background-position":"center center","background-size":"auto","background-attachment":"scroll","background-type":"","background-media":"","overlay-type":"","overlay-color":"","overlay-opacity":"","overlay-gradient":""}},"ast-content-background-meta":{"desktop":{"background-color":"var(--ast-global-color-5)","background-image":"","background-repeat":"repeat","background-position":"center center","background-size":"auto","background-attachment":"scroll","background-type":"","background-media":"","overlay-type":"","overlay-color":"","overlay-opacity":"","overlay-gradient":""},"tablet":{"background-color":"var(--ast-global-color-5)","background-image":"","background-repeat":"repeat","background-position":"center center","background-size":"auto","background-attachment":"scroll","background-type":"","background-media":"","overlay-type":"","overlay-color":"","overlay-opacity":"","overlay-gradient":""},"mobile":{"background-color":"var(--ast-global-color-5)","background-image":"","background-repeat":"repeat","background-position":"center center","background-size":"auto","background-attachment":"scroll","background-type":"","background-media":"","overlay-type":"","overlay-color":"","overlay-opacity":"","overlay-gradient":""}}},"product_brand":[],"product_cat":[15],"product_tag":[],"class_list":{"0":"post-1380","1":"product","2":"type-product","3":"status-publish","4":"has-post-thumbnail","6":"product_cat-varios","7":"desktop-align-center","8":"tablet-align-center","9":"mobile-align-center","10":"ast-product-gallery-layout-horizontal","11":"ast-product-gallery-with-no-image","12":"ast-product-tabs-layout-horizontal","14":"first","15":"instock","16":"featured","17":"taxable","18":"shipping-taxable","19":"purchasable","20":"product-type-simple"},"yoast_head":"<!-- This site is optimized with the Yoast SEO plugin v27.4 - https:\/\/yoast.com\/product\/yoast-seo-wordpress\/ -->\n<title>Areca M17 - Desert Grass<\/title>\n<meta name=\"robots\" content=\"index, follow, max-snippet:-1, max-image-preview:large, max-video-preview:-1\" \/>\n<link rel=\"canonical\" href=\"https:\/\/desertgrass.es\/fr\/produit\/areca-m17\/\" \/>\n<meta property=\"og:locale\" content=\"fr_FR\" \/>\n<meta property=\"og:type\" content=\"article\" \/>\n<meta property=\"og:title\" content=\"Areca M17 - Desert Grass\" \/>\n<meta property=\"og:description\" content=\"L&#039;Areca est une plante facile d&#039;entretien, n\u00e9cessitant une lumi\u00e8re indirecte et un arrosage r\u00e9gulier, et est tr\u00e8s appr\u00e9ci\u00e9e comme plante d&#039;int\u00e9rieur en raison de son aspect tropical et de sa capacit\u00e9 \u00e0 purifier l&#039;air. * Jardini\u00e8re d\u00e9corative non incluse.\" \/>\n<meta property=\"og:url\" content=\"https:\/\/desertgrass.es\/fr\/produit\/areca-m17\/\" \/>\n<meta property=\"og:site_name\" content=\"Desert Grass\" \/>\n<meta property=\"article:publisher\" content=\"https:\/\/es-es.facebook.com\/desertgrass.albox\/\" \/>\n<meta property=\"og:image\" content=\"https:\/\/desertgrass.es\/wp-content\/uploads\/2023\/03\/areca-m17.webp\" \/>\n\t<meta property=\"og:image:width\" content=\"470\" \/>\n\t<meta property=\"og:image:height\" content=\"470\" \/>\n\t<meta property=\"og:image:type\" content=\"image\/webp\" \/>\n<script type=\"application\/ld+json\" class=\"yoast-schema-graph\">{\"@context\":\"https:\\\/\\\/schema.org\",\"@graph\":[{\"@type\":\"WebPage\",\"@id\":\"https:\\\/\\\/desertgrass.es\\\/fr\\\/produit\\\/areca-m17\\\/\",\"url\":\"https:\\\/\\\/desertgrass.es\\\/fr\\\/produit\\\/areca-m17\\\/\",\"name\":\"Areca M17 - Desert Grass\",\"isPartOf\":{\"@id\":\"https:\\\/\\\/desertgrass.es\\\/#website\"},\"primaryImageOfPage\":{\"@id\":\"https:\\\/\\\/desertgrass.es\\\/fr\\\/produit\\\/areca-m17\\\/#primaryimage\"},\"image\":{\"@id\":\"https:\\\/\\\/desertgrass.es\\\/fr\\\/produit\\\/areca-m17\\\/#primaryimage\"},\"thumbnailUrl\":\"https:\\\/\\\/desertgrass.es\\\/wp-content\\\/uploads\\\/2023\\\/03\\\/areca-m17.webp\",\"datePublished\":\"2023-03-24T13:31:07+00:00\",\"breadcrumb\":{\"@id\":\"https:\\\/\\\/desertgrass.es\\\/fr\\\/produit\\\/areca-m17\\\/#breadcrumb\"},\"inLanguage\":\"fr-FR\",\"potentialAction\":[{\"@type\":\"ReadAction\",\"target\":[\"https:\\\/\\\/desertgrass.es\\\/fr\\\/produit\\\/areca-m17\\\/\"]}]},{\"@type\":\"ImageObject\",\"inLanguage\":\"fr-FR\",\"@id\":\"https:\\\/\\\/desertgrass.es\\\/fr\\\/produit\\\/areca-m17\\\/#primaryimage\",\"url\":\"https:\\\/\\\/desertgrass.es\\\/wp-content\\\/uploads\\\/2023\\\/03\\\/areca-m17.webp\",\"contentUrl\":\"https:\\\/\\\/desertgrass.es\\\/wp-content\\\/uploads\\\/2023\\\/03\\\/areca-m17.webp\",\"width\":470,\"height\":470},{\"@type\":\"BreadcrumbList\",\"@id\":\"https:\\\/\\\/desertgrass.es\\\/fr\\\/produit\\\/areca-m17\\\/#breadcrumb\",\"itemListElement\":[{\"@type\":\"ListItem\",\"position\":1,\"name\":\"Portada\",\"item\":\"https:\\\/\\\/desertgrass.es\\\/\"},{\"@type\":\"ListItem\",\"position\":2,\"name\":\"Tienda Online de Plantas en Almer\u00eda\",\"item\":\"https:\\\/\\\/desertgrass.es\\\/tienda\\\/\"},{\"@type\":\"ListItem\",\"position\":3,\"name\":\"Areca M17\"}]},{\"@type\":\"WebSite\",\"@id\":\"https:\\\/\\\/desertgrass.es\\\/#website\",\"url\":\"https:\\\/\\\/desertgrass.es\\\/\",\"name\":\"desertgrass.es\",\"description\":\"Ofrecemos una amplia selecci\u00f3n de plantas para que puedas crear tu propio oasis verde en casa.\",\"publisher\":{\"@id\":\"https:\\\/\\\/desertgrass.es\\\/#organization\"},\"potentialAction\":[{\"@type\":\"SearchAction\",\"target\":{\"@type\":\"EntryPoint\",\"urlTemplate\":\"https:\\\/\\\/desertgrass.es\\\/?s={search_term_string}\"},\"query-input\":{\"@type\":\"PropertyValueSpecification\",\"valueRequired\":true,\"valueName\":\"search_term_string\"}}],\"inLanguage\":\"fr-FR\"},{\"@type\":\"Organization\",\"@id\":\"https:\\\/\\\/desertgrass.es\\\/#organization\",\"name\":\"desertgrass.es\",\"url\":\"https:\\\/\\\/desertgrass.es\\\/\",\"logo\":{\"@type\":\"ImageObject\",\"inLanguage\":\"fr-FR\",\"@id\":\"https:\\\/\\\/desertgrass.es\\\/#\\\/schema\\\/logo\\\/image\\\/\",\"url\":\"https:\\\/\\\/desertgrass.es\\\/wp-content\\\/uploads\\\/2023\\\/03\\\/logotipo-desertgrass.png\",\"contentUrl\":\"https:\\\/\\\/desertgrass.es\\\/wp-content\\\/uploads\\\/2023\\\/03\\\/logotipo-desertgrass.png\",\"width\":260,\"height\":100,\"caption\":\"desertgrass.es\"},\"image\":{\"@id\":\"https:\\\/\\\/desertgrass.es\\\/#\\\/schema\\\/logo\\\/image\\\/\"},\"sameAs\":[\"https:\\\/\\\/es-es.facebook.com\\\/desertgrass.albox\\\/\"]}]}<\/script>\n<!-- \/ Yoast SEO plugin. -->","yoast_head_json":{"title":"Areca M17 - Desert Grass","robots":{"index":"index","follow":"follow","max-snippet":"max-snippet:-1","max-image-preview":"max-image-preview:large","max-video-preview":"max-video-preview:-1"},"canonical":"https:\/\/desertgrass.es\/fr\/produit\/areca-m17\/","og_locale":"fr_FR","og_type":"article","og_title":"Areca M17 - Desert Grass","og_description":"L'Areca est une plante facile d'entretien, n\u00e9cessitant une lumi\u00e8re indirecte et un arrosage r\u00e9gulier, et est tr\u00e8s appr\u00e9ci\u00e9e comme plante d'int\u00e9rieur en raison de son aspect tropical et de sa capacit\u00e9 \u00e0 purifier l'air. * Jardini\u00e8re d\u00e9corative non incluse.","og_url":"https:\/\/desertgrass.es\/fr\/produit\/areca-m17\/","og_site_name":"Desert Grass","article_publisher":"https:\/\/es-es.facebook.com\/desertgrass.albox\/","og_image":[{"width":470,"height":470,"url":"https:\/\/desertgrass.es\/wp-content\/uploads\/2023\/03\/areca-m17.webp","type":"image\/webp"}],"schema":{"@context":"https:\/\/schema.org","@graph":[{"@type":"WebPage","@id":"https:\/\/desertgrass.es\/fr\/produit\/areca-m17\/","url":"https:\/\/desertgrass.es\/fr\/produit\/areca-m17\/","name":"Areca M17 - Desert Grass","isPartOf":{"@id":"https:\/\/desertgrass.es\/#website"},"primaryImageOfPage":{"@id":"https:\/\/desertgrass.es\/fr\/produit\/areca-m17\/#primaryimage"},"image":{"@id":"https:\/\/desertgrass.es\/fr\/produit\/areca-m17\/#primaryimage"},"thumbnailUrl":"https:\/\/desertgrass.es\/wp-content\/uploads\/2023\/03\/areca-m17.webp","datePublished":"2023-03-24T13:31:07+00:00","breadcrumb":{"@id":"https:\/\/desertgrass.es\/fr\/produit\/areca-m17\/#breadcrumb"},"inLanguage":"fr-FR","potentialAction":[{"@type":"ReadAction","target":["https:\/\/desertgrass.es\/fr\/produit\/areca-m17\/"]}]},{"@type":"ImageObject","inLanguage":"fr-FR","@id":"https:\/\/desertgrass.es\/fr\/produit\/areca-m17\/#primaryimage","url":"https:\/\/desertgrass.es\/wp-content\/uploads\/2023\/03\/areca-m17.webp","contentUrl":"https:\/\/desertgrass.es\/wp-content\/uploads\/2023\/03\/areca-m17.webp","width":470,"height":470},{"@type":"BreadcrumbList","@id":"https:\/\/desertgrass.es\/fr\/produit\/areca-m17\/#breadcrumb","itemListElement":[{"@type":"ListItem","position":1,"name":"Portada","item":"https:\/\/desertgrass.es\/"},{"@type":"ListItem","position":2,"name":"Tienda Online de Plantas en Almer\u00eda","item":"https:\/\/desertgrass.es\/tienda\/"},{"@type":"ListItem","position":3,"name":"Areca M17"}]},{"@type":"WebSite","@id":"https:\/\/desertgrass.es\/#website","url":"https:\/\/desertgrass.es\/","name":"desertgrass.es","description":"Ofrecemos una amplia selecci\u00f3n de plantas para que puedas crear tu propio oasis verde en casa.","publisher":{"@id":"https:\/\/desertgrass.es\/#organization"},"potentialAction":[{"@type":"SearchAction","target":{"@type":"EntryPoint","urlTemplate":"https:\/\/desertgrass.es\/?s={search_term_string}"},"query-input":{"@type":"PropertyValueSpecification","valueRequired":true,"valueName":"search_term_string"}}],"inLanguage":"fr-FR"},{"@type":"Organization","@id":"https:\/\/desertgrass.es\/#organization","name":"desertgrass.es","url":"https:\/\/desertgrass.es\/","logo":{"@type":"ImageObject","inLanguage":"fr-FR","@id":"https:\/\/desertgrass.es\/#\/schema\/logo\/image\/","url":"https:\/\/desertgrass.es\/wp-content\/uploads\/2023\/03\/logotipo-desertgrass.png","contentUrl":"https:\/\/desertgrass.es\/wp-content\/uploads\/2023\/03\/logotipo-desertgrass.png","width":260,"height":100,"caption":"desertgrass.es"},"image":{"@id":"https:\/\/desertgrass.es\/#\/schema\/logo\/image\/"},"sameAs":["https:\/\/es-es.facebook.com\/desertgrass.albox\/"]}]}},"_links":{"self":[{"href":"https:\/\/desertgrass.es\/fr\/wp-json\/wp\/v2\/product\/1380","targetHints":{"allow":["GET"]}}],"collection":[{"href":"https:\/\/desertgrass.es\/fr\/wp-json\/wp\/v2\/product"}],"about":[{"href":"https:\/\/desertgrass.es\/fr\/wp-json\/wp\/v2\/types\/product"}],"replies":[{"embeddable":true,"href":"https:\/\/desertgrass.es\/fr\/wp-json\/wp\/v2\/comments?post=1380"}],"wp:featuredmedia":[{"embeddable":true,"href":"https:\/\/desertgrass.es\/fr\/wp-json\/wp\/v2\/media\/1307"}],"wp:attachment":[{"href":"https:\/\/desertgrass.es\/fr\/wp-json\/wp\/v2\/media?parent=1380"}],"wp:term":[{"taxonomy":"product_brand","embeddable":true,"href":"https:\/\/desertgrass.es\/fr\/wp-json\/wp\/v2\/product_brand?post=1380"},{"taxonomy":"product_cat","embeddable":true,"href":"https:\/\/desertgrass.es\/fr\/wp-json\/wp\/v2\/product_cat?post=1380"},{"taxonomy":"product_tag","embeddable":true,"href":"https:\/\/desertgrass.es\/fr\/wp-json\/wp\/v2\/product_tag?post=1380"}],"curies":[{"name":"wp","href":"https:\/\/api.w.org\/{rel}","templated":true}]}}