{"id":1378,"date":"2023-03-24T13:35:02","date_gmt":"2023-03-24T13:35:02","guid":{"rendered":"https:\/\/desertgrass.es\/producto\/ficus-lyrata\/"},"modified":"2024-03-02T16:47:06","modified_gmt":"2024-03-02T16:47:06","slug":"ficus-lyrata","status":"publish","type":"product","link":"https:\/\/desertgrass.es\/fr\/produit\/ficus-lyrata\/","title":{"rendered":"Ficus Lyrata"},"content":{"rendered":"<p>Le Ficus Lyrata, \u00e9galement connu sous le nom de \u00ab\u00a0Fiddle Leaf Ficus\u00a0\u00bb ou \u00ab\u00a0Ficus Lyrata\u00a0\u00bb, est une plante d&rsquo;int\u00e9rieur populaire pour ses grandes feuilles voyantes qui ressemblent \u00e0 la forme d&rsquo;un violon.<\/p>\n<p>Les feuilles sont \u00e9paisses et brillantes, de couleur vert fonc\u00e9 avec des nervures pro\u00e9minentes qui leur donnent un aspect exotique et saisissant.<\/p>\n<p>Cette plante a besoin d&rsquo;une lumi\u00e8re vive mais indirecte et d&rsquo;un sol bien drain\u00e9 pour bien pousser.<\/p>\n<p>Ficus Lyrata est rustique et peut tol\u00e9rer la s\u00e9cheresse, mais il a besoin d&rsquo;une humidit\u00e9 ad\u00e9quate pour prosp\u00e9rer.<\/p>\n<p>En plus d&rsquo;\u00eatre une belle plante d&rsquo;int\u00e9rieur, le Ficus Lyrata est \u00e9galement connu pour sa capacit\u00e9 \u00e0 purifier l&rsquo;air en \u00e9liminant le formald\u00e9hyde et d&rsquo;autres compos\u00e9s organiques volatils de l&rsquo;air.<\/p>\n<p><strong>* Jardini\u00e8re d\u00e9corative non incluse.<\/strong><\/p>\n","protected":false},"excerpt":{"rendered":"<p>Le Ficus Lyrata est \u00e9galement connu pour sa capacit\u00e9 \u00e0 purifier l&rsquo;air en \u00e9liminant le formald\u00e9hyde et d&rsquo;autres compos\u00e9s organiques volatils de l&rsquo;air.<\/p>\n<p><strong>* Jardini\u00e8re d\u00e9corative non incluse.<\/strong><\/p>\n","protected":false},"featured_media":1310,"comment_status":"open","ping_status":"closed","template":"","meta":{"_eb_attr":"","site-sidebar-layout":"default","site-content-layout":"default","ast-site-content-layout":"","site-content-style":"default","site-sidebar-style":"default","ast-global-header-display":"","ast-banner-title-visibility":"","ast-main-header-display":"","ast-hfb-above-header-display":"","ast-hfb-below-header-display":"","ast-hfb-mobile-header-display":"","site-post-title":"","ast-breadcrumbs-content":"","ast-featured-img":"","footer-sml-layout":"","theme-transparent-header-meta":"default","adv-header-id-meta":"","stick-header-meta":"","header-above-stick-meta":"","header-main-stick-meta":"","header-below-stick-meta":"","astra-migrate-meta-layouts":"default","ast-page-background-enabled":"default","ast-page-background-meta":{"desktop":{"background-color":"","background-image":"","background-repeat":"repeat","background-position":"center center","background-size":"auto","background-attachment":"scroll","background-type":"","background-media":"","overlay-type":"","overlay-color":"","overlay-opacity":"","overlay-gradient":""},"tablet":{"background-color":"","background-image":"","background-repeat":"repeat","background-position":"center center","background-size":"auto","background-attachment":"scroll","background-type":"","background-media":"","overlay-type":"","overlay-color":"","overlay-opacity":"","overlay-gradient":""},"mobile":{"background-color":"","background-image":"","background-repeat":"repeat","background-position":"center center","background-size":"auto","background-attachment":"scroll","background-type":"","background-media":"","overlay-type":"","overlay-color":"","overlay-opacity":"","overlay-gradient":""}},"ast-content-background-meta":{"desktop":{"background-color":"var(--ast-global-color-5)","background-image":"","background-repeat":"repeat","background-position":"center center","background-size":"auto","background-attachment":"scroll","background-type":"","background-media":"","overlay-type":"","overlay-color":"","overlay-opacity":"","overlay-gradient":""},"tablet":{"background-color":"var(--ast-global-color-5)","background-image":"","background-repeat":"repeat","background-position":"center center","background-size":"auto","background-attachment":"scroll","background-type":"","background-media":"","overlay-type":"","overlay-color":"","overlay-opacity":"","overlay-gradient":""},"mobile":{"background-color":"var(--ast-global-color-5)","background-image":"","background-repeat":"repeat","background-position":"center center","background-size":"auto","background-attachment":"scroll","background-type":"","background-media":"","overlay-type":"","overlay-color":"","overlay-opacity":"","overlay-gradient":""}}},"product_brand":[],"product_cat":[15],"product_tag":[],"class_list":{"0":"post-1378","1":"product","2":"type-product","3":"status-publish","4":"has-post-thumbnail","6":"product_cat-varios","7":"desktop-align-center","8":"tablet-align-center","9":"mobile-align-center","10":"ast-product-gallery-layout-horizontal","11":"ast-product-gallery-with-no-image","12":"ast-product-tabs-layout-horizontal","14":"first","15":"instock","16":"featured","17":"taxable","18":"shipping-taxable","19":"purchasable","20":"product-type-simple"},"yoast_head":"<!-- This site is optimized with the Yoast SEO plugin v27.4 - https:\/\/yoast.com\/product\/yoast-seo-wordpress\/ -->\n<title>Ficus Lyrata - Desert Grass<\/title>\n<meta name=\"robots\" content=\"index, follow, max-snippet:-1, max-image-preview:large, max-video-preview:-1\" \/>\n<link rel=\"canonical\" href=\"https:\/\/desertgrass.es\/fr\/produit\/ficus-lyrata\/\" \/>\n<meta property=\"og:locale\" content=\"fr_FR\" \/>\n<meta property=\"og:type\" content=\"article\" \/>\n<meta property=\"og:title\" content=\"Ficus Lyrata - Desert Grass\" \/>\n<meta property=\"og:description\" content=\"Le Ficus Lyrata est \u00e9galement connu pour sa capacit\u00e9 \u00e0 purifier l&#039;air en \u00e9liminant le formald\u00e9hyde et d&#039;autres compos\u00e9s organiques volatils de l&#039;air. * Jardini\u00e8re d\u00e9corative non incluse.\" \/>\n<meta property=\"og:url\" content=\"https:\/\/desertgrass.es\/fr\/produit\/ficus-lyrata\/\" \/>\n<meta property=\"og:site_name\" content=\"Desert Grass\" \/>\n<meta property=\"article:publisher\" content=\"https:\/\/es-es.facebook.com\/desertgrass.albox\/\" \/>\n<meta property=\"article:modified_time\" content=\"2024-03-02T16:47:06+00:00\" \/>\n<meta property=\"og:image\" content=\"https:\/\/desertgrass.es\/wp-content\/uploads\/2023\/03\/ficus-lyrata.jpg\" \/>\n\t<meta property=\"og:image:width\" content=\"600\" \/>\n\t<meta property=\"og:image:height\" content=\"600\" \/>\n\t<meta property=\"og:image:type\" content=\"image\/jpeg\" \/>\n<meta name=\"twitter:label1\" content=\"Dur\u00e9e de lecture estim\u00e9e\" \/>\n\t<meta name=\"twitter:data1\" content=\"1 minute\" \/>\n<script type=\"application\/ld+json\" class=\"yoast-schema-graph\">{\"@context\":\"https:\\\/\\\/schema.org\",\"@graph\":[{\"@type\":\"WebPage\",\"@id\":\"https:\\\/\\\/desertgrass.es\\\/fr\\\/produit\\\/ficus-lyrata\\\/\",\"url\":\"https:\\\/\\\/desertgrass.es\\\/fr\\\/produit\\\/ficus-lyrata\\\/\",\"name\":\"Ficus Lyrata - Desert Grass\",\"isPartOf\":{\"@id\":\"https:\\\/\\\/desertgrass.es\\\/#website\"},\"primaryImageOfPage\":{\"@id\":\"https:\\\/\\\/desertgrass.es\\\/fr\\\/produit\\\/ficus-lyrata\\\/#primaryimage\"},\"image\":{\"@id\":\"https:\\\/\\\/desertgrass.es\\\/fr\\\/produit\\\/ficus-lyrata\\\/#primaryimage\"},\"thumbnailUrl\":\"https:\\\/\\\/desertgrass.es\\\/wp-content\\\/uploads\\\/2023\\\/03\\\/ficus-lyrata.jpg\",\"datePublished\":\"2023-03-24T13:35:02+00:00\",\"dateModified\":\"2024-03-02T16:47:06+00:00\",\"breadcrumb\":{\"@id\":\"https:\\\/\\\/desertgrass.es\\\/fr\\\/produit\\\/ficus-lyrata\\\/#breadcrumb\"},\"inLanguage\":\"fr-FR\",\"potentialAction\":[{\"@type\":\"ReadAction\",\"target\":[\"https:\\\/\\\/desertgrass.es\\\/fr\\\/produit\\\/ficus-lyrata\\\/\"]}]},{\"@type\":\"ImageObject\",\"inLanguage\":\"fr-FR\",\"@id\":\"https:\\\/\\\/desertgrass.es\\\/fr\\\/produit\\\/ficus-lyrata\\\/#primaryimage\",\"url\":\"https:\\\/\\\/desertgrass.es\\\/wp-content\\\/uploads\\\/2023\\\/03\\\/ficus-lyrata.jpg\",\"contentUrl\":\"https:\\\/\\\/desertgrass.es\\\/wp-content\\\/uploads\\\/2023\\\/03\\\/ficus-lyrata.jpg\",\"width\":600,\"height\":600},{\"@type\":\"BreadcrumbList\",\"@id\":\"https:\\\/\\\/desertgrass.es\\\/fr\\\/produit\\\/ficus-lyrata\\\/#breadcrumb\",\"itemListElement\":[{\"@type\":\"ListItem\",\"position\":1,\"name\":\"Portada\",\"item\":\"https:\\\/\\\/desertgrass.es\\\/\"},{\"@type\":\"ListItem\",\"position\":2,\"name\":\"Tienda Online de Plantas en Almer\u00eda\",\"item\":\"https:\\\/\\\/desertgrass.es\\\/tienda\\\/\"},{\"@type\":\"ListItem\",\"position\":3,\"name\":\"Ficus Lyrata\"}]},{\"@type\":\"WebSite\",\"@id\":\"https:\\\/\\\/desertgrass.es\\\/#website\",\"url\":\"https:\\\/\\\/desertgrass.es\\\/\",\"name\":\"desertgrass.es\",\"description\":\"Ofrecemos una amplia selecci\u00f3n de plantas para que puedas crear tu propio oasis verde en casa.\",\"publisher\":{\"@id\":\"https:\\\/\\\/desertgrass.es\\\/#organization\"},\"potentialAction\":[{\"@type\":\"SearchAction\",\"target\":{\"@type\":\"EntryPoint\",\"urlTemplate\":\"https:\\\/\\\/desertgrass.es\\\/?s={search_term_string}\"},\"query-input\":{\"@type\":\"PropertyValueSpecification\",\"valueRequired\":true,\"valueName\":\"search_term_string\"}}],\"inLanguage\":\"fr-FR\"},{\"@type\":\"Organization\",\"@id\":\"https:\\\/\\\/desertgrass.es\\\/#organization\",\"name\":\"desertgrass.es\",\"url\":\"https:\\\/\\\/desertgrass.es\\\/\",\"logo\":{\"@type\":\"ImageObject\",\"inLanguage\":\"fr-FR\",\"@id\":\"https:\\\/\\\/desertgrass.es\\\/#\\\/schema\\\/logo\\\/image\\\/\",\"url\":\"https:\\\/\\\/desertgrass.es\\\/wp-content\\\/uploads\\\/2023\\\/03\\\/logotipo-desertgrass.png\",\"contentUrl\":\"https:\\\/\\\/desertgrass.es\\\/wp-content\\\/uploads\\\/2023\\\/03\\\/logotipo-desertgrass.png\",\"width\":260,\"height\":100,\"caption\":\"desertgrass.es\"},\"image\":{\"@id\":\"https:\\\/\\\/desertgrass.es\\\/#\\\/schema\\\/logo\\\/image\\\/\"},\"sameAs\":[\"https:\\\/\\\/es-es.facebook.com\\\/desertgrass.albox\\\/\"]}]}<\/script>\n<!-- \/ Yoast SEO plugin. -->","yoast_head_json":{"title":"Ficus Lyrata - Desert Grass","robots":{"index":"index","follow":"follow","max-snippet":"max-snippet:-1","max-image-preview":"max-image-preview:large","max-video-preview":"max-video-preview:-1"},"canonical":"https:\/\/desertgrass.es\/fr\/produit\/ficus-lyrata\/","og_locale":"fr_FR","og_type":"article","og_title":"Ficus Lyrata - Desert Grass","og_description":"Le Ficus Lyrata est \u00e9galement connu pour sa capacit\u00e9 \u00e0 purifier l'air en \u00e9liminant le formald\u00e9hyde et d'autres compos\u00e9s organiques volatils de l'air. * Jardini\u00e8re d\u00e9corative non incluse.","og_url":"https:\/\/desertgrass.es\/fr\/produit\/ficus-lyrata\/","og_site_name":"Desert Grass","article_publisher":"https:\/\/es-es.facebook.com\/desertgrass.albox\/","article_modified_time":"2024-03-02T16:47:06+00:00","og_image":[{"width":600,"height":600,"url":"https:\/\/desertgrass.es\/wp-content\/uploads\/2023\/03\/ficus-lyrata.jpg","type":"image\/jpeg"}],"twitter_misc":{"Dur\u00e9e de lecture estim\u00e9e":"1 minute"},"schema":{"@context":"https:\/\/schema.org","@graph":[{"@type":"WebPage","@id":"https:\/\/desertgrass.es\/fr\/produit\/ficus-lyrata\/","url":"https:\/\/desertgrass.es\/fr\/produit\/ficus-lyrata\/","name":"Ficus Lyrata - Desert Grass","isPartOf":{"@id":"https:\/\/desertgrass.es\/#website"},"primaryImageOfPage":{"@id":"https:\/\/desertgrass.es\/fr\/produit\/ficus-lyrata\/#primaryimage"},"image":{"@id":"https:\/\/desertgrass.es\/fr\/produit\/ficus-lyrata\/#primaryimage"},"thumbnailUrl":"https:\/\/desertgrass.es\/wp-content\/uploads\/2023\/03\/ficus-lyrata.jpg","datePublished":"2023-03-24T13:35:02+00:00","dateModified":"2024-03-02T16:47:06+00:00","breadcrumb":{"@id":"https:\/\/desertgrass.es\/fr\/produit\/ficus-lyrata\/#breadcrumb"},"inLanguage":"fr-FR","potentialAction":[{"@type":"ReadAction","target":["https:\/\/desertgrass.es\/fr\/produit\/ficus-lyrata\/"]}]},{"@type":"ImageObject","inLanguage":"fr-FR","@id":"https:\/\/desertgrass.es\/fr\/produit\/ficus-lyrata\/#primaryimage","url":"https:\/\/desertgrass.es\/wp-content\/uploads\/2023\/03\/ficus-lyrata.jpg","contentUrl":"https:\/\/desertgrass.es\/wp-content\/uploads\/2023\/03\/ficus-lyrata.jpg","width":600,"height":600},{"@type":"BreadcrumbList","@id":"https:\/\/desertgrass.es\/fr\/produit\/ficus-lyrata\/#breadcrumb","itemListElement":[{"@type":"ListItem","position":1,"name":"Portada","item":"https:\/\/desertgrass.es\/"},{"@type":"ListItem","position":2,"name":"Tienda Online de Plantas en Almer\u00eda","item":"https:\/\/desertgrass.es\/tienda\/"},{"@type":"ListItem","position":3,"name":"Ficus Lyrata"}]},{"@type":"WebSite","@id":"https:\/\/desertgrass.es\/#website","url":"https:\/\/desertgrass.es\/","name":"desertgrass.es","description":"Ofrecemos una amplia selecci\u00f3n de plantas para que puedas crear tu propio oasis verde en casa.","publisher":{"@id":"https:\/\/desertgrass.es\/#organization"},"potentialAction":[{"@type":"SearchAction","target":{"@type":"EntryPoint","urlTemplate":"https:\/\/desertgrass.es\/?s={search_term_string}"},"query-input":{"@type":"PropertyValueSpecification","valueRequired":true,"valueName":"search_term_string"}}],"inLanguage":"fr-FR"},{"@type":"Organization","@id":"https:\/\/desertgrass.es\/#organization","name":"desertgrass.es","url":"https:\/\/desertgrass.es\/","logo":{"@type":"ImageObject","inLanguage":"fr-FR","@id":"https:\/\/desertgrass.es\/#\/schema\/logo\/image\/","url":"https:\/\/desertgrass.es\/wp-content\/uploads\/2023\/03\/logotipo-desertgrass.png","contentUrl":"https:\/\/desertgrass.es\/wp-content\/uploads\/2023\/03\/logotipo-desertgrass.png","width":260,"height":100,"caption":"desertgrass.es"},"image":{"@id":"https:\/\/desertgrass.es\/#\/schema\/logo\/image\/"},"sameAs":["https:\/\/es-es.facebook.com\/desertgrass.albox\/"]}]}},"_links":{"self":[{"href":"https:\/\/desertgrass.es\/fr\/wp-json\/wp\/v2\/product\/1378","targetHints":{"allow":["GET"]}}],"collection":[{"href":"https:\/\/desertgrass.es\/fr\/wp-json\/wp\/v2\/product"}],"about":[{"href":"https:\/\/desertgrass.es\/fr\/wp-json\/wp\/v2\/types\/product"}],"replies":[{"embeddable":true,"href":"https:\/\/desertgrass.es\/fr\/wp-json\/wp\/v2\/comments?post=1378"}],"wp:featuredmedia":[{"embeddable":true,"href":"https:\/\/desertgrass.es\/fr\/wp-json\/wp\/v2\/media\/1310"}],"wp:attachment":[{"href":"https:\/\/desertgrass.es\/fr\/wp-json\/wp\/v2\/media?parent=1378"}],"wp:term":[{"taxonomy":"product_brand","embeddable":true,"href":"https:\/\/desertgrass.es\/fr\/wp-json\/wp\/v2\/product_brand?post=1378"},{"taxonomy":"product_cat","embeddable":true,"href":"https:\/\/desertgrass.es\/fr\/wp-json\/wp\/v2\/product_cat?post=1378"},{"taxonomy":"product_tag","embeddable":true,"href":"https:\/\/desertgrass.es\/fr\/wp-json\/wp\/v2\/product_tag?post=1378"}],"curies":[{"name":"wp","href":"https:\/\/api.w.org\/{rel}","templated":true}]}}