{"id":1480,"date":"2023-04-05T07:41:30","date_gmt":"2023-04-05T07:41:30","guid":{"rendered":"https:\/\/desertgrass.es\/xpande-digital\/"},"modified":"2023-04-05T07:42:26","modified_gmt":"2023-04-05T07:42:26","slug":"xpande-digital","status":"publish","type":"page","link":"https:\/\/desertgrass.es\/fr\/xpande-digital\/","title":{"rendered":"Xpande Digital"},"content":{"rendered":"\n<p>Desertgrass S.L. a \u00e9t\u00e9 b\u00e9n\u00e9ficiaire du Fonds europ\u00e9en de d\u00e9veloppement r\u00e9gional dont l&rsquo;objectif est d&rsquo;am\u00e9liorer la comp\u00e9titivit\u00e9 des PME et gr\u00e2ce auquel elle a lanc\u00e9 un plan de marketing num\u00e9rique international dans le but d&rsquo;am\u00e9liorer son positionnement en ligne sur les march\u00e9s \u00e9trangers au cours de l&rsquo;ann\u00e9e 2022\/2023. <\/p>\n\n<p>Pour cela, il a eu le soutien du programme XPANDE DIGITAL de la Chambre de commerce d&rsquo;Almer\u00eda.<\/p>\n\n<figure class=\"wp-block-gallery has-nested-images columns-default is-cropped wp-block-gallery-1 is-layout-flex wp-block-gallery-is-layout-flex\">\n<figure class=\"wp-block-image size-full\"><a href=\"https:\/\/desertgrass.es\/wp-content\/uploads\/2023\/04\/logotipo-xpande.png\"><img fetchpriority=\"high\" decoding=\"async\" width=\"1000\" height=\"700\" data-id=\"1475\" src=\"https:\/\/desertgrass.es\/wp-content\/uploads\/2023\/04\/logotipo-xpande.png\" alt=\"\" class=\"wp-image-1475\" srcset=\"https:\/\/desertgrass.es\/wp-content\/uploads\/2023\/04\/logotipo-xpande.png 1000w, https:\/\/desertgrass.es\/wp-content\/uploads\/2023\/04\/logotipo-xpande-300x210.png 300w, https:\/\/desertgrass.es\/wp-content\/uploads\/2023\/04\/logotipo-xpande-768x538.png 768w, https:\/\/desertgrass.es\/wp-content\/uploads\/2023\/04\/logotipo-xpande-600x420.png 600w\" sizes=\"(max-width: 1000px) 100vw, 1000px\" \/><\/a><\/figure>\n\n\n\n<figure class=\"wp-block-image size-large\"><a href=\"https:\/\/desertgrass.es\/wp-content\/uploads\/2023\/04\/logotipo-camara.png\"><img decoding=\"async\" width=\"600\" height=\"389\" data-id=\"1477\" src=\"https:\/\/desertgrass.es\/wp-content\/uploads\/2023\/04\/logotipo-camara.png\" alt=\"\" class=\"wp-image-1477\" srcset=\"https:\/\/desertgrass.es\/wp-content\/uploads\/2023\/04\/logotipo-camara.png 600w, https:\/\/desertgrass.es\/wp-content\/uploads\/2023\/04\/logotipo-camara-300x195.png 300w\" sizes=\"(max-width: 600px) 100vw, 600px\" \/><\/a><\/figure>\n\n\n\n<figure class=\"wp-block-image size-large\"><a href=\"https:\/\/desertgrass.es\/wp-content\/uploads\/2023\/04\/logotipo-FEDER.png\"><img decoding=\"async\" width=\"600\" height=\"432\" data-id=\"1474\" src=\"https:\/\/desertgrass.es\/wp-content\/uploads\/2023\/04\/logotipo-FEDER.png\" alt=\"\" class=\"wp-image-1474\" srcset=\"https:\/\/desertgrass.es\/wp-content\/uploads\/2023\/04\/logotipo-FEDER.png 600w, https:\/\/desertgrass.es\/wp-content\/uploads\/2023\/04\/logotipo-FEDER-300x216.png 300w\" sizes=\"(max-width: 600px) 100vw, 600px\" \/><\/a><\/figure>\n<\/figure>\n","protected":false},"excerpt":{"rendered":"<p>Desertgrass S.L. a \u00e9t\u00e9 b\u00e9n\u00e9ficiaire du Fonds europ\u00e9en de d\u00e9veloppement r\u00e9gional dont l&rsquo;objectif est d&rsquo;am\u00e9liorer la comp\u00e9titivit\u00e9 des PME et gr\u00e2ce auquel elle a lanc\u00e9 un plan de marketing num\u00e9rique international dans le but d&rsquo;am\u00e9liorer son positionnement en ligne sur les march\u00e9s \u00e9trangers au cours de l&rsquo;ann\u00e9e 2022\/2023. Pour cela, il a eu le soutien [&hellip;]<\/p>\n","protected":false},"author":1,"featured_media":0,"parent":0,"menu_order":0,"comment_status":"closed","ping_status":"closed","template":"","meta":{"_eb_attr":"","site-sidebar-layout":"default","site-content-layout":"boxed-container","ast-site-content-layout":"","site-content-style":"default","site-sidebar-style":"default","ast-global-header-display":"","ast-banner-title-visibility":"","ast-main-header-display":"","ast-hfb-above-header-display":"","ast-hfb-below-header-display":"","ast-hfb-mobile-header-display":"","site-post-title":"","ast-breadcrumbs-content":"","ast-featured-img":"","footer-sml-layout":"","theme-transparent-header-meta":"disabled","adv-header-id-meta":"","stick-header-meta":"","header-above-stick-meta":"","header-main-stick-meta":"","header-below-stick-meta":"","astra-migrate-meta-layouts":"default","ast-page-background-enabled":"default","ast-page-background-meta":{"desktop":{"background-color":"","background-image":"","background-repeat":"repeat","background-position":"center center","background-size":"auto","background-attachment":"scroll","background-type":"","background-media":"","overlay-type":"","overlay-color":"","overlay-opacity":"","overlay-gradient":""},"tablet":{"background-color":"","background-image":"","background-repeat":"repeat","background-position":"center center","background-size":"auto","background-attachment":"scroll","background-type":"","background-media":"","overlay-type":"","overlay-color":"","overlay-opacity":"","overlay-gradient":""},"mobile":{"background-color":"","background-image":"","background-repeat":"repeat","background-position":"center center","background-size":"auto","background-attachment":"scroll","background-type":"","background-media":"","overlay-type":"","overlay-color":"","overlay-opacity":"","overlay-gradient":""}},"ast-content-background-meta":{"desktop":{"background-color":"var(--ast-global-color-5)","background-image":"","background-repeat":"repeat","background-position":"center center","background-size":"auto","background-attachment":"scroll","background-type":"","background-media":"","overlay-type":"","overlay-color":"","overlay-opacity":"","overlay-gradient":""},"tablet":{"background-color":"var(--ast-global-color-5)","background-image":"","background-repeat":"repeat","background-position":"center center","background-size":"auto","background-attachment":"scroll","background-type":"","background-media":"","overlay-type":"","overlay-color":"","overlay-opacity":"","overlay-gradient":""},"mobile":{"background-color":"var(--ast-global-color-5)","background-image":"","background-repeat":"repeat","background-position":"center center","background-size":"auto","background-attachment":"scroll","background-type":"","background-media":"","overlay-type":"","overlay-color":"","overlay-opacity":"","overlay-gradient":""}},"footnotes":""},"class_list":["post-1480","page","type-page","status-publish","hentry"],"yoast_head":"<!-- This site is optimized with the Yoast SEO plugin v27.4 - https:\/\/yoast.com\/product\/yoast-seo-wordpress\/ -->\n<title>Xpande Digital - Desert Grass<\/title>\n<meta name=\"robots\" content=\"index, follow, max-snippet:-1, max-image-preview:large, max-video-preview:-1\" \/>\n<link rel=\"canonical\" href=\"https:\/\/desertgrass.es\/fr\/xpande-digital\/\" \/>\n<meta property=\"og:locale\" content=\"fr_FR\" \/>\n<meta property=\"og:type\" content=\"article\" \/>\n<meta property=\"og:title\" content=\"Xpande Digital - Desert Grass\" \/>\n<meta property=\"og:description\" content=\"Desertgrass S.L. a \u00e9t\u00e9 b\u00e9n\u00e9ficiaire du Fonds europ\u00e9en de d\u00e9veloppement r\u00e9gional dont l&rsquo;objectif est d&rsquo;am\u00e9liorer la comp\u00e9titivit\u00e9 des PME et gr\u00e2ce auquel elle a lanc\u00e9 un plan de marketing num\u00e9rique international dans le but d&rsquo;am\u00e9liorer son positionnement en ligne sur les march\u00e9s \u00e9trangers au cours de l&rsquo;ann\u00e9e 2022\/2023. Pour cela, il a eu le soutien [&hellip;]\" \/>\n<meta property=\"og:url\" content=\"https:\/\/desertgrass.es\/fr\/xpande-digital\/\" \/>\n<meta property=\"og:site_name\" content=\"Desert Grass\" \/>\n<meta property=\"article:publisher\" content=\"https:\/\/es-es.facebook.com\/desertgrass.albox\/\" \/>\n<meta property=\"article:modified_time\" content=\"2023-04-05T07:42:26+00:00\" \/>\n<meta property=\"og:image\" content=\"https:\/\/desertgrass.es\/wp-content\/uploads\/2023\/04\/logotipo-xpande.png\" \/>\n<script type=\"application\/ld+json\" class=\"yoast-schema-graph\">{\"@context\":\"https:\\\/\\\/schema.org\",\"@graph\":[{\"@type\":\"WebPage\",\"@id\":\"https:\\\/\\\/desertgrass.es\\\/fr\\\/xpande-digital\\\/\",\"url\":\"https:\\\/\\\/desertgrass.es\\\/fr\\\/xpande-digital\\\/\",\"name\":\"Xpande Digital - Desert Grass\",\"isPartOf\":{\"@id\":\"https:\\\/\\\/desertgrass.es\\\/#website\"},\"primaryImageOfPage\":{\"@id\":\"https:\\\/\\\/desertgrass.es\\\/fr\\\/xpande-digital\\\/#primaryimage\"},\"image\":{\"@id\":\"https:\\\/\\\/desertgrass.es\\\/fr\\\/xpande-digital\\\/#primaryimage\"},\"thumbnailUrl\":\"https:\\\/\\\/desertgrass.es\\\/wp-content\\\/uploads\\\/2023\\\/04\\\/logotipo-xpande.png\",\"datePublished\":\"2023-04-05T07:41:30+00:00\",\"dateModified\":\"2023-04-05T07:42:26+00:00\",\"breadcrumb\":{\"@id\":\"https:\\\/\\\/desertgrass.es\\\/fr\\\/xpande-digital\\\/#breadcrumb\"},\"inLanguage\":\"fr-FR\",\"potentialAction\":[{\"@type\":\"ReadAction\",\"target\":[\"https:\\\/\\\/desertgrass.es\\\/fr\\\/xpande-digital\\\/\"]}]},{\"@type\":\"ImageObject\",\"inLanguage\":\"fr-FR\",\"@id\":\"https:\\\/\\\/desertgrass.es\\\/fr\\\/xpande-digital\\\/#primaryimage\",\"url\":\"https:\\\/\\\/desertgrass.es\\\/wp-content\\\/uploads\\\/2023\\\/04\\\/logotipo-xpande.png\",\"contentUrl\":\"https:\\\/\\\/desertgrass.es\\\/wp-content\\\/uploads\\\/2023\\\/04\\\/logotipo-xpande.png\"},{\"@type\":\"BreadcrumbList\",\"@id\":\"https:\\\/\\\/desertgrass.es\\\/fr\\\/xpande-digital\\\/#breadcrumb\",\"itemListElement\":[{\"@type\":\"ListItem\",\"position\":1,\"name\":\"Portada\",\"item\":\"https:\\\/\\\/desertgrass.es\\\/\"},{\"@type\":\"ListItem\",\"position\":2,\"name\":\"Xpande Digital\"}]},{\"@type\":\"WebSite\",\"@id\":\"https:\\\/\\\/desertgrass.es\\\/#website\",\"url\":\"https:\\\/\\\/desertgrass.es\\\/\",\"name\":\"desertgrass.es\",\"description\":\"Ofrecemos una amplia selecci\u00f3n de plantas para que puedas crear tu propio oasis verde en casa.\",\"publisher\":{\"@id\":\"https:\\\/\\\/desertgrass.es\\\/#organization\"},\"potentialAction\":[{\"@type\":\"SearchAction\",\"target\":{\"@type\":\"EntryPoint\",\"urlTemplate\":\"https:\\\/\\\/desertgrass.es\\\/?s={search_term_string}\"},\"query-input\":{\"@type\":\"PropertyValueSpecification\",\"valueRequired\":true,\"valueName\":\"search_term_string\"}}],\"inLanguage\":\"fr-FR\"},{\"@type\":\"Organization\",\"@id\":\"https:\\\/\\\/desertgrass.es\\\/#organization\",\"name\":\"desertgrass.es\",\"url\":\"https:\\\/\\\/desertgrass.es\\\/\",\"logo\":{\"@type\":\"ImageObject\",\"inLanguage\":\"fr-FR\",\"@id\":\"https:\\\/\\\/desertgrass.es\\\/#\\\/schema\\\/logo\\\/image\\\/\",\"url\":\"https:\\\/\\\/desertgrass.es\\\/wp-content\\\/uploads\\\/2023\\\/03\\\/logotipo-desertgrass.png\",\"contentUrl\":\"https:\\\/\\\/desertgrass.es\\\/wp-content\\\/uploads\\\/2023\\\/03\\\/logotipo-desertgrass.png\",\"width\":260,\"height\":100,\"caption\":\"desertgrass.es\"},\"image\":{\"@id\":\"https:\\\/\\\/desertgrass.es\\\/#\\\/schema\\\/logo\\\/image\\\/\"},\"sameAs\":[\"https:\\\/\\\/es-es.facebook.com\\\/desertgrass.albox\\\/\"]}]}<\/script>\n<!-- \/ Yoast SEO plugin. -->","yoast_head_json":{"title":"Xpande Digital - Desert Grass","robots":{"index":"index","follow":"follow","max-snippet":"max-snippet:-1","max-image-preview":"max-image-preview:large","max-video-preview":"max-video-preview:-1"},"canonical":"https:\/\/desertgrass.es\/fr\/xpande-digital\/","og_locale":"fr_FR","og_type":"article","og_title":"Xpande Digital - Desert Grass","og_description":"Desertgrass S.L. a \u00e9t\u00e9 b\u00e9n\u00e9ficiaire du Fonds europ\u00e9en de d\u00e9veloppement r\u00e9gional dont l&rsquo;objectif est d&rsquo;am\u00e9liorer la comp\u00e9titivit\u00e9 des PME et gr\u00e2ce auquel elle a lanc\u00e9 un plan de marketing num\u00e9rique international dans le but d&rsquo;am\u00e9liorer son positionnement en ligne sur les march\u00e9s \u00e9trangers au cours de l&rsquo;ann\u00e9e 2022\/2023. Pour cela, il a eu le soutien [&hellip;]","og_url":"https:\/\/desertgrass.es\/fr\/xpande-digital\/","og_site_name":"Desert Grass","article_publisher":"https:\/\/es-es.facebook.com\/desertgrass.albox\/","article_modified_time":"2023-04-05T07:42:26+00:00","og_image":[{"url":"https:\/\/desertgrass.es\/wp-content\/uploads\/2023\/04\/logotipo-xpande.png","type":"","width":"","height":""}],"schema":{"@context":"https:\/\/schema.org","@graph":[{"@type":"WebPage","@id":"https:\/\/desertgrass.es\/fr\/xpande-digital\/","url":"https:\/\/desertgrass.es\/fr\/xpande-digital\/","name":"Xpande Digital - Desert Grass","isPartOf":{"@id":"https:\/\/desertgrass.es\/#website"},"primaryImageOfPage":{"@id":"https:\/\/desertgrass.es\/fr\/xpande-digital\/#primaryimage"},"image":{"@id":"https:\/\/desertgrass.es\/fr\/xpande-digital\/#primaryimage"},"thumbnailUrl":"https:\/\/desertgrass.es\/wp-content\/uploads\/2023\/04\/logotipo-xpande.png","datePublished":"2023-04-05T07:41:30+00:00","dateModified":"2023-04-05T07:42:26+00:00","breadcrumb":{"@id":"https:\/\/desertgrass.es\/fr\/xpande-digital\/#breadcrumb"},"inLanguage":"fr-FR","potentialAction":[{"@type":"ReadAction","target":["https:\/\/desertgrass.es\/fr\/xpande-digital\/"]}]},{"@type":"ImageObject","inLanguage":"fr-FR","@id":"https:\/\/desertgrass.es\/fr\/xpande-digital\/#primaryimage","url":"https:\/\/desertgrass.es\/wp-content\/uploads\/2023\/04\/logotipo-xpande.png","contentUrl":"https:\/\/desertgrass.es\/wp-content\/uploads\/2023\/04\/logotipo-xpande.png"},{"@type":"BreadcrumbList","@id":"https:\/\/desertgrass.es\/fr\/xpande-digital\/#breadcrumb","itemListElement":[{"@type":"ListItem","position":1,"name":"Portada","item":"https:\/\/desertgrass.es\/"},{"@type":"ListItem","position":2,"name":"Xpande Digital"}]},{"@type":"WebSite","@id":"https:\/\/desertgrass.es\/#website","url":"https:\/\/desertgrass.es\/","name":"desertgrass.es","description":"Ofrecemos una amplia selecci\u00f3n de plantas para que puedas crear tu propio oasis verde en casa.","publisher":{"@id":"https:\/\/desertgrass.es\/#organization"},"potentialAction":[{"@type":"SearchAction","target":{"@type":"EntryPoint","urlTemplate":"https:\/\/desertgrass.es\/?s={search_term_string}"},"query-input":{"@type":"PropertyValueSpecification","valueRequired":true,"valueName":"search_term_string"}}],"inLanguage":"fr-FR"},{"@type":"Organization","@id":"https:\/\/desertgrass.es\/#organization","name":"desertgrass.es","url":"https:\/\/desertgrass.es\/","logo":{"@type":"ImageObject","inLanguage":"fr-FR","@id":"https:\/\/desertgrass.es\/#\/schema\/logo\/image\/","url":"https:\/\/desertgrass.es\/wp-content\/uploads\/2023\/03\/logotipo-desertgrass.png","contentUrl":"https:\/\/desertgrass.es\/wp-content\/uploads\/2023\/03\/logotipo-desertgrass.png","width":260,"height":100,"caption":"desertgrass.es"},"image":{"@id":"https:\/\/desertgrass.es\/#\/schema\/logo\/image\/"},"sameAs":["https:\/\/es-es.facebook.com\/desertgrass.albox\/"]}]}},"_links":{"self":[{"href":"https:\/\/desertgrass.es\/fr\/wp-json\/wp\/v2\/pages\/1480","targetHints":{"allow":["GET"]}}],"collection":[{"href":"https:\/\/desertgrass.es\/fr\/wp-json\/wp\/v2\/pages"}],"about":[{"href":"https:\/\/desertgrass.es\/fr\/wp-json\/wp\/v2\/types\/page"}],"author":[{"embeddable":true,"href":"https:\/\/desertgrass.es\/fr\/wp-json\/wp\/v2\/users\/1"}],"replies":[{"embeddable":true,"href":"https:\/\/desertgrass.es\/fr\/wp-json\/wp\/v2\/comments?post=1480"}],"version-history":[{"count":3,"href":"https:\/\/desertgrass.es\/fr\/wp-json\/wp\/v2\/pages\/1480\/revisions"}],"predecessor-version":[{"id":1483,"href":"https:\/\/desertgrass.es\/fr\/wp-json\/wp\/v2\/pages\/1480\/revisions\/1483"}],"wp:attachment":[{"href":"https:\/\/desertgrass.es\/fr\/wp-json\/wp\/v2\/media?parent=1480"}],"curies":[{"name":"wp","href":"https:\/\/api.w.org\/{rel}","templated":true}]}}