{"id":1429,"date":"2023-03-30T09:40:40","date_gmt":"2023-03-30T09:40:40","guid":{"rendered":"https:\/\/desertgrass.es\/politique-de-confidentialite\/"},"modified":"2023-03-30T09:49:01","modified_gmt":"2023-03-30T09:49:01","slug":"politique-de-confidentialite","status":"publish","type":"page","link":"https:\/\/desertgrass.es\/fr\/politique-de-confidentialite\/","title":{"rendered":"Politique de confidentialit\u00e9"},"content":{"rendered":"\n<p>Cette politique de confidentialit\u00e9 \u00e9tablit les conditions dans lesquelles desertgrass.es utilise et prot\u00e8ge les informations fournies par ses utilisateurs lors de l&rsquo;utilisation de son site Web. Cette soci\u00e9t\u00e9 s&rsquo;engage pour la s\u00e9curit\u00e9 des donn\u00e9es de ses utilisateurs. Lorsque nous vous demandons de remplir les champs d&rsquo;informations personnelles avec lesquels vous pouvez \u00eatre identifi\u00e9, nous le faisons en veillant \u00e0 ce qu&rsquo;elles ne soient utilis\u00e9es que conform\u00e9ment aux termes de ce document. Cependant, cette politique de confidentialit\u00e9 peut changer au fil du temps ou \u00eatre mise \u00e0 jour, c&rsquo;est pourquoi nous vous recommandons et insistons sur le fait que vous consultez continuellement cette page pour vous assurer que vous \u00eates d&rsquo;accord avec ces modifications.<\/p>\n\n<p><strong>Les informations collect\u00e9es<\/strong><\/p>\n\n<p>Notre site Web peut collecter des informations personnelles telles que : Nom, informations de contact telles que votre adresse e-mail et informations d\u00e9mographiques. De m\u00eame, lorsque cela est n\u00e9cessaire, des informations sp\u00e9cifiques peuvent \u00eatre n\u00e9cessaires pour traiter une commande ou effectuer une livraison ou une facturation.<\/p>\n\n<p><strong>Utilisation des informations collect\u00e9es<\/strong><\/p>\n\n<p>Notre site Web utilise les informations afin de fournir le meilleur service possible, notamment pour maintenir un registre des utilisateurs, des commandes le cas \u00e9ch\u00e9ant, et pour am\u00e9liorer nos produits et services. \u00e0 n&rsquo;importe quel moment.<\/p>\n\n<p>desertgrass.es s&rsquo;engage \u00e0 respecter l&rsquo;engagement de prot\u00e9ger vos informations. Nous utilisons les syst\u00e8mes les plus avanc\u00e9s et les mettons constamment \u00e0 jour pour nous assurer qu&rsquo;il n&rsquo;y a pas d&rsquo;acc\u00e8s non autoris\u00e9.<\/p>\n\n<p><strong>Cookies<\/strong><\/p>\n\n<p>Un cookie fait r\u00e9f\u00e9rence \u00e0 un fichier qui est envoy\u00e9 dans le but de demander l&rsquo;autorisation d&rsquo;\u00eatre stock\u00e9 sur votre ordinateur, en acceptant ledit fichier, il est cr\u00e9\u00e9 et le cookie est ensuite utilis\u00e9 pour avoir des informations sur le trafic Web, et facilite \u00e9galement les futures visites sur un site Web. . r\u00e9current. Une autre fonction des cookies est qu&rsquo;avec eux, le Web peut vous reconna\u00eetre individuellement et donc vous fournir le meilleur service personnalis\u00e9 sur son site Web.<\/p>\n\n<p>Notre site Web utilise des cookies pour pouvoir identifier les pages visit\u00e9es et leur fr\u00e9quence. Ces informations sont utilis\u00e9es uniquement \u00e0 des fins d&rsquo;analyse statistique, puis les informations sont d\u00e9finitivement supprim\u00e9es. Vous pouvez \u00e0 tout moment supprimer les cookies de votre ordinateur. Cependant, les cookies aident \u00e0 fournir un meilleur service aux sites Web, vous ne donnez pas acc\u00e8s aux informations de votre ordinateur ou de vous, sauf si vous le souhaitez et lui fournissez directement des <a href=\"https:\/\/noticias-realmadrid.es\/\" target=\"_blank\" rel=\"noreferrer noopener\">nouvelles<\/a>. Vous pouvez accepter ou refuser l&rsquo;utilisation de cookies, mais la plupart des navigateurs acceptent automatiquement les cookies car ils servent \u00e0 avoir un meilleur service Web. Vous pouvez \u00e9galement modifier les param\u00e8tres de votre ordinateur pour refuser les cookies. S&rsquo;ils sont refus\u00e9s, vous ne pourrez peut-\u00eatre pas utiliser certains de nos services.<\/p>\n\n<p><strong>Liens vers des tiers<\/strong><\/p>\n\n<p>Ce site Web peut contenir des liens vers d&rsquo;autres sites susceptibles de vous int\u00e9resser. Une fois que vous avez cliqu\u00e9 sur ces liens et quitt\u00e9 notre page, nous n&rsquo;avons plus le contr\u00f4le du site vers lequel vous \u00eates redirig\u00e9 et nous ne sommes donc pas responsables des <a href=\"https:\/\/plantillaterminosycondicionestiendaonline.com\/\" target=\"_blank\" rel=\"noreferrer noopener\">conditions<\/a>, de la confidentialit\u00e9 ou de la protection des donn\u00e9es de ces autres sites tiers. Ces sites sont soumis \u00e0 leurs propres politiques de confidentialit\u00e9, il est donc recommand\u00e9 de les consulter pour confirmer que vous \u00eates d&rsquo;accord avec celles-ci.<\/p>\n\n<p><strong>Contr\u00f4le de vos informations personnelles<\/strong><\/p>\n\n<p>\u00c0 tout moment, vous pouvez restreindre la collecte ou l&rsquo;utilisation des informations personnelles fournies sur notre site Web. Chaque fois que vous \u00eates invit\u00e9 \u00e0 remplir un formulaire, tel que l&rsquo;enregistrement d&rsquo;un utilisateur, vous pouvez cocher ou d\u00e9cocher l&rsquo;option de recevoir des informations par e-mail. Si vous avez coch\u00e9 l&rsquo;option de recevoir notre newsletter ou notre publicit\u00e9, vous pouvez l&rsquo;annuler \u00e0 tout moment.<\/p>\n\n<p>Cette soci\u00e9t\u00e9 ne vendra, n&rsquo;attribuera ni ne distribuera les renseignements personnels recueillis sans votre consentement, sauf si requis par un juge avec une ordonnance du tribunal.<\/p>\n\n<p>desertgrass.es se r\u00e9serve le droit de modifier les termes de cette politique de confidentialit\u00e9 \u00e0 tout moment.<\/p>\n","protected":false},"excerpt":{"rendered":"<p>Cette politique de confidentialit\u00e9 \u00e9tablit les conditions dans lesquelles desertgrass.es utilise et prot\u00e8ge les informations fournies par ses utilisateurs lors de l&rsquo;utilisation de son site Web. Cette soci\u00e9t\u00e9 s&rsquo;engage pour la s\u00e9curit\u00e9 des donn\u00e9es de ses utilisateurs. Lorsque nous vous demandons de remplir les champs d&rsquo;informations personnelles avec lesquels vous pouvez \u00eatre identifi\u00e9, nous le [&hellip;]<\/p>\n","protected":false},"author":1,"featured_media":0,"parent":0,"menu_order":0,"comment_status":"closed","ping_status":"closed","template":"","meta":{"_eb_attr":"","site-sidebar-layout":"default","site-content-layout":"boxed-container","ast-site-content-layout":"","site-content-style":"default","site-sidebar-style":"default","ast-global-header-display":"","ast-banner-title-visibility":"","ast-main-header-display":"","ast-hfb-above-header-display":"","ast-hfb-below-header-display":"","ast-hfb-mobile-header-display":"","site-post-title":"","ast-breadcrumbs-content":"","ast-featured-img":"","footer-sml-layout":"","theme-transparent-header-meta":"disabled","adv-header-id-meta":"","stick-header-meta":"","header-above-stick-meta":"","header-main-stick-meta":"","header-below-stick-meta":"","astra-migrate-meta-layouts":"default","ast-page-background-enabled":"default","ast-page-background-meta":{"desktop":{"background-color":"","background-image":"","background-repeat":"repeat","background-position":"center center","background-size":"auto","background-attachment":"scroll","background-type":"","background-media":"","overlay-type":"","overlay-color":"","overlay-opacity":"","overlay-gradient":""},"tablet":{"background-color":"","background-image":"","background-repeat":"repeat","background-position":"center center","background-size":"auto","background-attachment":"scroll","background-type":"","background-media":"","overlay-type":"","overlay-color":"","overlay-opacity":"","overlay-gradient":""},"mobile":{"background-color":"","background-image":"","background-repeat":"repeat","background-position":"center center","background-size":"auto","background-attachment":"scroll","background-type":"","background-media":"","overlay-type":"","overlay-color":"","overlay-opacity":"","overlay-gradient":""}},"ast-content-background-meta":{"desktop":{"background-color":"var(--ast-global-color-5)","background-image":"","background-repeat":"repeat","background-position":"center center","background-size":"auto","background-attachment":"scroll","background-type":"","background-media":"","overlay-type":"","overlay-color":"","overlay-opacity":"","overlay-gradient":""},"tablet":{"background-color":"var(--ast-global-color-5)","background-image":"","background-repeat":"repeat","background-position":"center center","background-size":"auto","background-attachment":"scroll","background-type":"","background-media":"","overlay-type":"","overlay-color":"","overlay-opacity":"","overlay-gradient":""},"mobile":{"background-color":"var(--ast-global-color-5)","background-image":"","background-repeat":"repeat","background-position":"center center","background-size":"auto","background-attachment":"scroll","background-type":"","background-media":"","overlay-type":"","overlay-color":"","overlay-opacity":"","overlay-gradient":""}},"footnotes":""},"class_list":["post-1429","page","type-page","status-publish","hentry"],"yoast_head":"<!-- This site is optimized with the Yoast SEO plugin v27.5 - https:\/\/yoast.com\/product\/yoast-seo-wordpress\/ -->\n<title>Politique de confidentialit\u00e9 - Desert Grass<\/title>\n<meta name=\"robots\" content=\"index, follow, max-snippet:-1, max-image-preview:large, max-video-preview:-1\" \/>\n<link rel=\"canonical\" href=\"https:\/\/desertgrass.es\/fr\/politique-de-confidentialite\/\" \/>\n<meta property=\"og:locale\" content=\"fr_FR\" \/>\n<meta property=\"og:type\" content=\"article\" \/>\n<meta property=\"og:title\" content=\"Politique de confidentialit\u00e9 - Desert Grass\" \/>\n<meta property=\"og:description\" content=\"Cette politique de confidentialit\u00e9 \u00e9tablit les conditions dans lesquelles desertgrass.es utilise et prot\u00e8ge les informations fournies par ses utilisateurs lors de l&rsquo;utilisation de son site Web. Cette soci\u00e9t\u00e9 s&rsquo;engage pour la s\u00e9curit\u00e9 des donn\u00e9es de ses utilisateurs. Lorsque nous vous demandons de remplir les champs d&rsquo;informations personnelles avec lesquels vous pouvez \u00eatre identifi\u00e9, nous le [&hellip;]\" \/>\n<meta property=\"og:url\" content=\"https:\/\/desertgrass.es\/fr\/politique-de-confidentialite\/\" \/>\n<meta property=\"og:site_name\" content=\"Desert Grass\" \/>\n<meta property=\"article:publisher\" content=\"https:\/\/es-es.facebook.com\/desertgrass.albox\/\" \/>\n<meta property=\"article:modified_time\" content=\"2023-03-30T09:49:01+00:00\" \/>\n<meta name=\"twitter:label1\" content=\"Dur\u00e9e de lecture estim\u00e9e\" \/>\n\t<meta name=\"twitter:data1\" content=\"3 minutes\" \/>\n<script type=\"application\/ld+json\" class=\"yoast-schema-graph\">{\"@context\":\"https:\\\/\\\/schema.org\",\"@graph\":[{\"@type\":\"WebPage\",\"@id\":\"https:\\\/\\\/desertgrass.es\\\/fr\\\/politique-de-confidentialite\\\/\",\"url\":\"https:\\\/\\\/desertgrass.es\\\/fr\\\/politique-de-confidentialite\\\/\",\"name\":\"Politique de confidentialit\u00e9 - Desert Grass\",\"isPartOf\":{\"@id\":\"https:\\\/\\\/desertgrass.es\\\/#website\"},\"datePublished\":\"2023-03-30T09:40:40+00:00\",\"dateModified\":\"2023-03-30T09:49:01+00:00\",\"breadcrumb\":{\"@id\":\"https:\\\/\\\/desertgrass.es\\\/fr\\\/politique-de-confidentialite\\\/#breadcrumb\"},\"inLanguage\":\"fr-FR\",\"potentialAction\":[{\"@type\":\"ReadAction\",\"target\":[\"https:\\\/\\\/desertgrass.es\\\/fr\\\/politique-de-confidentialite\\\/\"]}]},{\"@type\":\"BreadcrumbList\",\"@id\":\"https:\\\/\\\/desertgrass.es\\\/fr\\\/politique-de-confidentialite\\\/#breadcrumb\",\"itemListElement\":[{\"@type\":\"ListItem\",\"position\":1,\"name\":\"Portada\",\"item\":\"https:\\\/\\\/desertgrass.es\\\/\"},{\"@type\":\"ListItem\",\"position\":2,\"name\":\"Politique de confidentialit\u00e9\"}]},{\"@type\":\"WebSite\",\"@id\":\"https:\\\/\\\/desertgrass.es\\\/#website\",\"url\":\"https:\\\/\\\/desertgrass.es\\\/\",\"name\":\"desertgrass.es\",\"description\":\"Ofrecemos una amplia selecci\u00f3n de plantas para que puedas crear tu propio oasis verde en casa.\",\"publisher\":{\"@id\":\"https:\\\/\\\/desertgrass.es\\\/#organization\"},\"potentialAction\":[{\"@type\":\"SearchAction\",\"target\":{\"@type\":\"EntryPoint\",\"urlTemplate\":\"https:\\\/\\\/desertgrass.es\\\/?s={search_term_string}\"},\"query-input\":{\"@type\":\"PropertyValueSpecification\",\"valueRequired\":true,\"valueName\":\"search_term_string\"}}],\"inLanguage\":\"fr-FR\"},{\"@type\":\"Organization\",\"@id\":\"https:\\\/\\\/desertgrass.es\\\/#organization\",\"name\":\"desertgrass.es\",\"url\":\"https:\\\/\\\/desertgrass.es\\\/\",\"logo\":{\"@type\":\"ImageObject\",\"inLanguage\":\"fr-FR\",\"@id\":\"https:\\\/\\\/desertgrass.es\\\/#\\\/schema\\\/logo\\\/image\\\/\",\"url\":\"https:\\\/\\\/desertgrass.es\\\/wp-content\\\/uploads\\\/2023\\\/03\\\/logotipo-desertgrass.png\",\"contentUrl\":\"https:\\\/\\\/desertgrass.es\\\/wp-content\\\/uploads\\\/2023\\\/03\\\/logotipo-desertgrass.png\",\"width\":260,\"height\":100,\"caption\":\"desertgrass.es\"},\"image\":{\"@id\":\"https:\\\/\\\/desertgrass.es\\\/#\\\/schema\\\/logo\\\/image\\\/\"},\"sameAs\":[\"https:\\\/\\\/es-es.facebook.com\\\/desertgrass.albox\\\/\"]}]}<\/script>\n<!-- \/ Yoast SEO plugin. -->","yoast_head_json":{"title":"Politique de confidentialit\u00e9 - Desert Grass","robots":{"index":"index","follow":"follow","max-snippet":"max-snippet:-1","max-image-preview":"max-image-preview:large","max-video-preview":"max-video-preview:-1"},"canonical":"https:\/\/desertgrass.es\/fr\/politique-de-confidentialite\/","og_locale":"fr_FR","og_type":"article","og_title":"Politique de confidentialit\u00e9 - Desert Grass","og_description":"Cette politique de confidentialit\u00e9 \u00e9tablit les conditions dans lesquelles desertgrass.es utilise et prot\u00e8ge les informations fournies par ses utilisateurs lors de l&rsquo;utilisation de son site Web. Cette soci\u00e9t\u00e9 s&rsquo;engage pour la s\u00e9curit\u00e9 des donn\u00e9es de ses utilisateurs. Lorsque nous vous demandons de remplir les champs d&rsquo;informations personnelles avec lesquels vous pouvez \u00eatre identifi\u00e9, nous le [&hellip;]","og_url":"https:\/\/desertgrass.es\/fr\/politique-de-confidentialite\/","og_site_name":"Desert Grass","article_publisher":"https:\/\/es-es.facebook.com\/desertgrass.albox\/","article_modified_time":"2023-03-30T09:49:01+00:00","twitter_misc":{"Dur\u00e9e de lecture estim\u00e9e":"3 minutes"},"schema":{"@context":"https:\/\/schema.org","@graph":[{"@type":"WebPage","@id":"https:\/\/desertgrass.es\/fr\/politique-de-confidentialite\/","url":"https:\/\/desertgrass.es\/fr\/politique-de-confidentialite\/","name":"Politique de confidentialit\u00e9 - Desert Grass","isPartOf":{"@id":"https:\/\/desertgrass.es\/#website"},"datePublished":"2023-03-30T09:40:40+00:00","dateModified":"2023-03-30T09:49:01+00:00","breadcrumb":{"@id":"https:\/\/desertgrass.es\/fr\/politique-de-confidentialite\/#breadcrumb"},"inLanguage":"fr-FR","potentialAction":[{"@type":"ReadAction","target":["https:\/\/desertgrass.es\/fr\/politique-de-confidentialite\/"]}]},{"@type":"BreadcrumbList","@id":"https:\/\/desertgrass.es\/fr\/politique-de-confidentialite\/#breadcrumb","itemListElement":[{"@type":"ListItem","position":1,"name":"Portada","item":"https:\/\/desertgrass.es\/"},{"@type":"ListItem","position":2,"name":"Politique de confidentialit\u00e9"}]},{"@type":"WebSite","@id":"https:\/\/desertgrass.es\/#website","url":"https:\/\/desertgrass.es\/","name":"desertgrass.es","description":"Ofrecemos una amplia selecci\u00f3n de plantas para que puedas crear tu propio oasis verde en casa.","publisher":{"@id":"https:\/\/desertgrass.es\/#organization"},"potentialAction":[{"@type":"SearchAction","target":{"@type":"EntryPoint","urlTemplate":"https:\/\/desertgrass.es\/?s={search_term_string}"},"query-input":{"@type":"PropertyValueSpecification","valueRequired":true,"valueName":"search_term_string"}}],"inLanguage":"fr-FR"},{"@type":"Organization","@id":"https:\/\/desertgrass.es\/#organization","name":"desertgrass.es","url":"https:\/\/desertgrass.es\/","logo":{"@type":"ImageObject","inLanguage":"fr-FR","@id":"https:\/\/desertgrass.es\/#\/schema\/logo\/image\/","url":"https:\/\/desertgrass.es\/wp-content\/uploads\/2023\/03\/logotipo-desertgrass.png","contentUrl":"https:\/\/desertgrass.es\/wp-content\/uploads\/2023\/03\/logotipo-desertgrass.png","width":260,"height":100,"caption":"desertgrass.es"},"image":{"@id":"https:\/\/desertgrass.es\/#\/schema\/logo\/image\/"},"sameAs":["https:\/\/es-es.facebook.com\/desertgrass.albox\/"]}]}},"_links":{"self":[{"href":"https:\/\/desertgrass.es\/fr\/wp-json\/wp\/v2\/pages\/1429","targetHints":{"allow":["GET"]}}],"collection":[{"href":"https:\/\/desertgrass.es\/fr\/wp-json\/wp\/v2\/pages"}],"about":[{"href":"https:\/\/desertgrass.es\/fr\/wp-json\/wp\/v2\/types\/page"}],"author":[{"embeddable":true,"href":"https:\/\/desertgrass.es\/fr\/wp-json\/wp\/v2\/users\/1"}],"replies":[{"embeddable":true,"href":"https:\/\/desertgrass.es\/fr\/wp-json\/wp\/v2\/comments?post=1429"}],"version-history":[{"count":4,"href":"https:\/\/desertgrass.es\/fr\/wp-json\/wp\/v2\/pages\/1429\/revisions"}],"predecessor-version":[{"id":1434,"href":"https:\/\/desertgrass.es\/fr\/wp-json\/wp\/v2\/pages\/1429\/revisions\/1434"}],"wp:attachment":[{"href":"https:\/\/desertgrass.es\/fr\/wp-json\/wp\/v2\/media?parent=1429"}],"curies":[{"name":"wp","href":"https:\/\/api.w.org\/{rel}","templated":true}]}}